{"id":10361,"date":"2022-01-22T09:49:49","date_gmt":"2022-01-22T08:49:49","guid":{"rendered":"https:\/\/demoweb.info\/sexshop001\/producto\/masturbador-ano-ass\/"},"modified":"2022-01-22T09:50:00","modified_gmt":"2022-01-22T08:50:00","slug":"masturbador-ano-ass","status":"publish","type":"product","link":"https:\/\/demoweb.info\/sexshop001\/producto\/masturbador-ano-ass\/","title":{"rendered":"MASTURBADOR ANO &#8211; ASS"},"content":{"rendered":"<p><strong>JJ KNIGHT &#8211; ULTRASKYN STROKER &#8211; ASS<\/strong><\/p>\n<p>Por la abrumadora demanda de los fan\u00e1ticos, JJ Knight, tu chico sure\u00f1o favorito de Memphis convertido en estrella de Men.com que destroza los muebles, se une a la alineaci\u00f3n de Man Squeeze con un stroker de estuche r\u00edgido de presi\u00f3n variable moldeado directamente de su trasero.<\/p>\n<p>Hecho a mano en ULTRASKYN realista, Man Squeeze de JJ presenta un interior apretado y texturizado que se calienta al tacto y se siente como si fuera real.<\/p>\n<p>Cada Man Squeeze presenta una textura interna diferente y una placa de compresi\u00f3n controlada por el usuario, lo que hace que su experiencia sea tan \u00fanica como cada una de nuestras estrellas sexy.<\/p>\n<p>El dise\u00f1o r\u00edgido de doble tapa funciona como un discreto estuche de viaje y almacenamiento, manteniendo su Man Squeeze fresco y listo para cuando le apetezca.\n <\/p>\n<ul>\n<li>Dimensiones embalaje    26,20 x 10,90 x 8,20 cm<\/li>\n<li>Peso embalaje    730 gram<\/li>\n<li>Dimensiones del producto    23 x 8,4 x 8,4 cm<\/li>\n<li>Peso del producto    640,00 gram<\/li>\n<li>Di\u00e1metro del producto    8,4 cm<\/li>\n<li>Longitud insertable    22,1 cm<\/li>\n<li>Libre de ftalato    S\u00ed<\/li>\n<li>Materiales    TPE\/ABS\n\t <\/li>\n<\/ul>\n","protected":false},"excerpt":{"rendered":"<p>JJ KNIGHT &#8211; ULTRASKYN STROKER &#8211; ASS Por la abrumadora demanda de los fan\u00e1ticos, JJ Knight, tu chico sure\u00f1o favorito<\/p>\n","protected":false},"featured_media":10362,"comment_status":"open","ping_status":"open","template":"","meta":[],"product_cat":[468],"product_tag":[460],"class_list":["post-10361","product","type-product","status-publish","has-post-thumbnail","hentry","product_cat-anos","product_tag-doc-johnson"],"bundled_by":[],"bundle_stock_status":"instock","bundle_stock_quantity":3,"bundle_virtual":false,"bundle_layout":"","bundle_add_to_cart_form_location":"","bundle_editable_in_cart":false,"bundle_sold_individually_context":"","bundle_item_grouping":"","bundle_min_size":"","bundle_max_size":"","bundled_items":[],"yoast_head":"<!-- This site is optimized with the Yoast SEO plugin v20.6 - https:\/\/yoast.com\/wordpress\/plugins\/seo\/ -->\n<title>MASTURBADOR ANO - ASS - Tienda Er\u00f3tica<\/title>\n<meta name=\"robots\" content=\"noindex, follow, max-snippet:-1, max-image-preview:large, max-video-preview:-1\" \/>\n<meta property=\"og:locale\" content=\"es_ES\" \/>\n<meta property=\"og:type\" content=\"article\" \/>\n<meta property=\"og:title\" content=\"MASTURBADOR ANO - ASS - Tienda Er\u00f3tica\" \/>\n<meta property=\"og:description\" content=\"JJ KNIGHT &#8211; ULTRASKYN STROKER &#8211; ASS Por la abrumadora demanda de los fan\u00e1ticos, JJ Knight, tu chico sure\u00f1o favorito\" \/>\n<meta property=\"og:url\" content=\"https:\/\/demoweb.info\/sexshop001\/producto\/masturbador-ano-ass\/\" \/>\n<meta property=\"og:site_name\" content=\"Tienda Er\u00f3tica\" \/>\n<meta property=\"article:modified_time\" content=\"2022-01-22T08:50:00+00:00\" \/>\n<meta property=\"og:image\" content=\"https:\/\/demoweb.info\/sexshop001\/wp-content\/uploads\/2022\/01\/MASTURBADOR-ANO-ASS.jpg\" \/>\n\t<meta property=\"og:image:width\" content=\"550\" \/>\n\t<meta property=\"og:image:height\" content=\"550\" \/>\n\t<meta property=\"og:image:type\" content=\"image\/jpeg\" \/>\n<meta name=\"twitter:card\" content=\"summary_large_image\" \/>\n<meta name=\"twitter:label1\" content=\"Tiempo de lectura\" \/>\n\t<meta name=\"twitter:data1\" content=\"1 minuto\" \/>\n<script type=\"application\/ld+json\" class=\"yoast-schema-graph\">{\"@context\":\"https:\/\/schema.org\",\"@graph\":[{\"@type\":\"WebPage\",\"@id\":\"https:\/\/demoweb.info\/sexshop001\/producto\/masturbador-ano-ass\/\",\"url\":\"https:\/\/demoweb.info\/sexshop001\/producto\/masturbador-ano-ass\/\",\"name\":\"MASTURBADOR ANO - ASS - Tienda Er\u00f3tica\",\"isPartOf\":{\"@id\":\"https:\/\/demoweb.info\/sexshop001\/#website\"},\"datePublished\":\"2022-01-22T08:49:49+00:00\",\"dateModified\":\"2022-01-22T08:50:00+00:00\",\"breadcrumb\":{\"@id\":\"https:\/\/demoweb.info\/sexshop001\/producto\/masturbador-ano-ass\/#breadcrumb\"},\"inLanguage\":\"es\",\"potentialAction\":[{\"@type\":\"ReadAction\",\"target\":[\"https:\/\/demoweb.info\/sexshop001\/producto\/masturbador-ano-ass\/\"]}]},{\"@type\":\"BreadcrumbList\",\"@id\":\"https:\/\/demoweb.info\/sexshop001\/producto\/masturbador-ano-ass\/#breadcrumb\",\"itemListElement\":[{\"@type\":\"ListItem\",\"position\":1,\"name\":\"Portada\",\"item\":\"https:\/\/demoweb.info\/sexshop001\/\"},{\"@type\":\"ListItem\",\"position\":2,\"name\":\"Tienda\",\"item\":\"https:\/\/demoweb.info\/sexshop001\/tienda\/\"},{\"@type\":\"ListItem\",\"position\":3,\"name\":\"MASTURBADOR ANO &#8211; ASS\"}]},{\"@type\":\"WebSite\",\"@id\":\"https:\/\/demoweb.info\/sexshop001\/#website\",\"url\":\"https:\/\/demoweb.info\/sexshop001\/\",\"name\":\"Tienda Er\u00f3tica\",\"description\":\"DEMOWEB SL\",\"potentialAction\":[{\"@type\":\"SearchAction\",\"target\":{\"@type\":\"EntryPoint\",\"urlTemplate\":\"https:\/\/demoweb.info\/sexshop001\/?s={search_term_string}\"},\"query-input\":\"required name=search_term_string\"}],\"inLanguage\":\"es\"}]}<\/script>\n<!-- \/ Yoast SEO plugin. -->","yoast_head_json":{"title":"MASTURBADOR ANO - ASS - Tienda Er\u00f3tica","robots":{"index":"noindex","follow":"follow","max-snippet":"max-snippet:-1","max-image-preview":"max-image-preview:large","max-video-preview":"max-video-preview:-1"},"og_locale":"es_ES","og_type":"article","og_title":"MASTURBADOR ANO - ASS - Tienda Er\u00f3tica","og_description":"JJ KNIGHT &#8211; ULTRASKYN STROKER &#8211; ASS Por la abrumadora demanda de los fan\u00e1ticos, JJ Knight, tu chico sure\u00f1o favorito","og_url":"https:\/\/demoweb.info\/sexshop001\/producto\/masturbador-ano-ass\/","og_site_name":"Tienda Er\u00f3tica","article_modified_time":"2022-01-22T08:50:00+00:00","og_image":[{"width":550,"height":550,"url":"https:\/\/demoweb.info\/sexshop001\/wp-content\/uploads\/2022\/01\/MASTURBADOR-ANO-ASS.jpg","type":"image\/jpeg"}],"twitter_card":"summary_large_image","twitter_misc":{"Tiempo de lectura":"1 minuto"},"schema":{"@context":"https:\/\/schema.org","@graph":[{"@type":"WebPage","@id":"https:\/\/demoweb.info\/sexshop001\/producto\/masturbador-ano-ass\/","url":"https:\/\/demoweb.info\/sexshop001\/producto\/masturbador-ano-ass\/","name":"MASTURBADOR ANO - ASS - Tienda Er\u00f3tica","isPartOf":{"@id":"https:\/\/demoweb.info\/sexshop001\/#website"},"datePublished":"2022-01-22T08:49:49+00:00","dateModified":"2022-01-22T08:50:00+00:00","breadcrumb":{"@id":"https:\/\/demoweb.info\/sexshop001\/producto\/masturbador-ano-ass\/#breadcrumb"},"inLanguage":"es","potentialAction":[{"@type":"ReadAction","target":["https:\/\/demoweb.info\/sexshop001\/producto\/masturbador-ano-ass\/"]}]},{"@type":"BreadcrumbList","@id":"https:\/\/demoweb.info\/sexshop001\/producto\/masturbador-ano-ass\/#breadcrumb","itemListElement":[{"@type":"ListItem","position":1,"name":"Portada","item":"https:\/\/demoweb.info\/sexshop001\/"},{"@type":"ListItem","position":2,"name":"Tienda","item":"https:\/\/demoweb.info\/sexshop001\/tienda\/"},{"@type":"ListItem","position":3,"name":"MASTURBADOR ANO &#8211; ASS"}]},{"@type":"WebSite","@id":"https:\/\/demoweb.info\/sexshop001\/#website","url":"https:\/\/demoweb.info\/sexshop001\/","name":"Tienda Er\u00f3tica","description":"DEMOWEB SL","potentialAction":[{"@type":"SearchAction","target":{"@type":"EntryPoint","urlTemplate":"https:\/\/demoweb.info\/sexshop001\/?s={search_term_string}"},"query-input":"required name=search_term_string"}],"inLanguage":"es"}]}},"_links":{"self":[{"href":"https:\/\/demoweb.info\/sexshop001\/wp-json\/wp\/v3\/product\/10361","targetHints":{"allow":["GET"]}}],"collection":[{"href":"https:\/\/demoweb.info\/sexshop001\/wp-json\/wp\/v3\/product"}],"about":[{"href":"https:\/\/demoweb.info\/sexshop001\/wp-json\/wp\/v2\/types\/product"}],"replies":[{"embeddable":true,"href":"https:\/\/demoweb.info\/sexshop001\/wp-json\/wp\/v2\/comments?post=10361"}],"wp:featuredmedia":[{"embeddable":true,"href":"https:\/\/demoweb.info\/sexshop001\/wp-json\/wp\/v2\/media\/10362"}],"wp:attachment":[{"href":"https:\/\/demoweb.info\/sexshop001\/wp-json\/wp\/v2\/media?parent=10361"}],"wp:term":[{"taxonomy":"product_cat","embeddable":true,"href":"https:\/\/demoweb.info\/sexshop001\/wp-json\/wp\/v2\/product_cat?post=10361"},{"taxonomy":"product_tag","embeddable":true,"href":"https:\/\/demoweb.info\/sexshop001\/wp-json\/wp\/v2\/product_tag?post=10361"}],"curies":[{"name":"wp","href":"https:\/\/api.w.org\/{rel}","templated":true}]}}