{"id":10354,"date":"2022-01-22T09:49:49","date_gmt":"2022-01-22T08:49:49","guid":{"rendered":"https:\/\/demoweb.info\/sexshop001\/producto\/esposas-silicona-cuffs\/"},"modified":"2022-01-22T09:49:57","modified_gmt":"2022-01-22T08:49:57","slug":"esposas-silicona-cuffs","status":"publish","type":"product","link":"https:\/\/demoweb.info\/sexshop001\/producto\/esposas-silicona-cuffs\/","title":{"rendered":"ESPOSAS SILICONA CUFFS"},"content":{"rendered":"<p><strong>SILICONE ANKLE CUFFS<\/strong><\/p>\n<p>Estas restricciones de tobillo de cuero Kink by Doc Johnson est\u00e1n confeccionadas en un hermoso cuero rojo y negro para que coincida con los colores caracter\u00edsticos, y est\u00e1n equipadas con anillos en D para un clip de versatilidad completo para cables, barras de separaci\u00f3n, clips de corbata y m\u00e1s.<\/p>\n<p>Cada sistema de retenci\u00f3n est\u00e1 totalmente acolchado para mayor seguridad y comodidad durante el juego y el uso diario, y presenta una hebilla de bloqueo para demostraciones de absoluta confianza y cuidado.<\/p>\n<p>\u00daselo con las restricciones de mu\u00f1eca de cuero Kink by Doc Johnson para una apariencia y experiencia a\u00fan m\u00e1s intensas.<\/p>\n<ul>\n<li>Dimensiones del producto    33,1 x 7,7 x 7,7 cm<\/li>\n<li>Di\u00e1metro del producto    7,7 cm<\/li>\n<li>Materiales    Silicone\/Metal<\/li>\n<\/ul>\n","protected":false},"excerpt":{"rendered":"<p>SILICONE ANKLE CUFFS Estas restricciones de tobillo de cuero Kink by Doc Johnson est\u00e1n confeccionadas en un hermoso cuero rojo<\/p>\n","protected":false},"featured_media":10355,"comment_status":"open","ping_status":"open","template":"","meta":[],"product_cat":[539],"product_tag":[460],"class_list":["post-10354","product","type-product","status-publish","has-post-thumbnail","hentry","product_cat-silicona-esposas","product_tag-doc-johnson"],"bundled_by":[],"bundle_stock_status":"instock","bundle_stock_quantity":1,"bundle_virtual":false,"bundle_layout":"","bundle_add_to_cart_form_location":"","bundle_editable_in_cart":false,"bundle_sold_individually_context":"","bundle_item_grouping":"","bundle_min_size":"","bundle_max_size":"","bundled_items":[],"yoast_head":"<!-- This site is optimized with the Yoast SEO plugin v20.6 - https:\/\/yoast.com\/wordpress\/plugins\/seo\/ -->\n<title>ESPOSAS SILICONA CUFFS - Tienda Er\u00f3tica<\/title>\n<meta name=\"robots\" content=\"noindex, follow, max-snippet:-1, max-image-preview:large, max-video-preview:-1\" \/>\n<meta property=\"og:locale\" content=\"es_ES\" \/>\n<meta property=\"og:type\" content=\"article\" \/>\n<meta property=\"og:title\" content=\"ESPOSAS SILICONA CUFFS - Tienda Er\u00f3tica\" \/>\n<meta property=\"og:description\" content=\"SILICONE ANKLE CUFFS Estas restricciones de tobillo de cuero Kink by Doc Johnson est\u00e1n confeccionadas en un hermoso cuero rojo\" \/>\n<meta property=\"og:url\" content=\"https:\/\/demoweb.info\/sexshop001\/producto\/esposas-silicona-cuffs\/\" \/>\n<meta property=\"og:site_name\" content=\"Tienda Er\u00f3tica\" \/>\n<meta property=\"article:modified_time\" content=\"2022-01-22T08:49:57+00:00\" \/>\n<meta property=\"og:image\" content=\"https:\/\/demoweb.info\/sexshop001\/wp-content\/uploads\/2022\/01\/ESPOSAS-SILICONA-CUFFS.jpg\" \/>\n\t<meta property=\"og:image:width\" content=\"550\" \/>\n\t<meta property=\"og:image:height\" content=\"550\" \/>\n\t<meta property=\"og:image:type\" content=\"image\/jpeg\" \/>\n<meta name=\"twitter:card\" content=\"summary_large_image\" \/>\n<meta name=\"twitter:label1\" content=\"Tiempo de lectura\" \/>\n\t<meta name=\"twitter:data1\" content=\"1 minuto\" \/>\n<script type=\"application\/ld+json\" class=\"yoast-schema-graph\">{\"@context\":\"https:\/\/schema.org\",\"@graph\":[{\"@type\":\"WebPage\",\"@id\":\"https:\/\/demoweb.info\/sexshop001\/producto\/esposas-silicona-cuffs\/\",\"url\":\"https:\/\/demoweb.info\/sexshop001\/producto\/esposas-silicona-cuffs\/\",\"name\":\"ESPOSAS SILICONA CUFFS - Tienda Er\u00f3tica\",\"isPartOf\":{\"@id\":\"https:\/\/demoweb.info\/sexshop001\/#website\"},\"datePublished\":\"2022-01-22T08:49:49+00:00\",\"dateModified\":\"2022-01-22T08:49:57+00:00\",\"breadcrumb\":{\"@id\":\"https:\/\/demoweb.info\/sexshop001\/producto\/esposas-silicona-cuffs\/#breadcrumb\"},\"inLanguage\":\"es\",\"potentialAction\":[{\"@type\":\"ReadAction\",\"target\":[\"https:\/\/demoweb.info\/sexshop001\/producto\/esposas-silicona-cuffs\/\"]}]},{\"@type\":\"BreadcrumbList\",\"@id\":\"https:\/\/demoweb.info\/sexshop001\/producto\/esposas-silicona-cuffs\/#breadcrumb\",\"itemListElement\":[{\"@type\":\"ListItem\",\"position\":1,\"name\":\"Portada\",\"item\":\"https:\/\/demoweb.info\/sexshop001\/\"},{\"@type\":\"ListItem\",\"position\":2,\"name\":\"Tienda\",\"item\":\"https:\/\/demoweb.info\/sexshop001\/tienda\/\"},{\"@type\":\"ListItem\",\"position\":3,\"name\":\"ESPOSAS SILICONA CUFFS\"}]},{\"@type\":\"WebSite\",\"@id\":\"https:\/\/demoweb.info\/sexshop001\/#website\",\"url\":\"https:\/\/demoweb.info\/sexshop001\/\",\"name\":\"Tienda Er\u00f3tica\",\"description\":\"DEMOWEB SL\",\"potentialAction\":[{\"@type\":\"SearchAction\",\"target\":{\"@type\":\"EntryPoint\",\"urlTemplate\":\"https:\/\/demoweb.info\/sexshop001\/?s={search_term_string}\"},\"query-input\":\"required name=search_term_string\"}],\"inLanguage\":\"es\"}]}<\/script>\n<!-- \/ Yoast SEO plugin. -->","yoast_head_json":{"title":"ESPOSAS SILICONA CUFFS - Tienda Er\u00f3tica","robots":{"index":"noindex","follow":"follow","max-snippet":"max-snippet:-1","max-image-preview":"max-image-preview:large","max-video-preview":"max-video-preview:-1"},"og_locale":"es_ES","og_type":"article","og_title":"ESPOSAS SILICONA CUFFS - Tienda Er\u00f3tica","og_description":"SILICONE ANKLE CUFFS Estas restricciones de tobillo de cuero Kink by Doc Johnson est\u00e1n confeccionadas en un hermoso cuero rojo","og_url":"https:\/\/demoweb.info\/sexshop001\/producto\/esposas-silicona-cuffs\/","og_site_name":"Tienda Er\u00f3tica","article_modified_time":"2022-01-22T08:49:57+00:00","og_image":[{"width":550,"height":550,"url":"https:\/\/demoweb.info\/sexshop001\/wp-content\/uploads\/2022\/01\/ESPOSAS-SILICONA-CUFFS.jpg","type":"image\/jpeg"}],"twitter_card":"summary_large_image","twitter_misc":{"Tiempo de lectura":"1 minuto"},"schema":{"@context":"https:\/\/schema.org","@graph":[{"@type":"WebPage","@id":"https:\/\/demoweb.info\/sexshop001\/producto\/esposas-silicona-cuffs\/","url":"https:\/\/demoweb.info\/sexshop001\/producto\/esposas-silicona-cuffs\/","name":"ESPOSAS SILICONA CUFFS - Tienda Er\u00f3tica","isPartOf":{"@id":"https:\/\/demoweb.info\/sexshop001\/#website"},"datePublished":"2022-01-22T08:49:49+00:00","dateModified":"2022-01-22T08:49:57+00:00","breadcrumb":{"@id":"https:\/\/demoweb.info\/sexshop001\/producto\/esposas-silicona-cuffs\/#breadcrumb"},"inLanguage":"es","potentialAction":[{"@type":"ReadAction","target":["https:\/\/demoweb.info\/sexshop001\/producto\/esposas-silicona-cuffs\/"]}]},{"@type":"BreadcrumbList","@id":"https:\/\/demoweb.info\/sexshop001\/producto\/esposas-silicona-cuffs\/#breadcrumb","itemListElement":[{"@type":"ListItem","position":1,"name":"Portada","item":"https:\/\/demoweb.info\/sexshop001\/"},{"@type":"ListItem","position":2,"name":"Tienda","item":"https:\/\/demoweb.info\/sexshop001\/tienda\/"},{"@type":"ListItem","position":3,"name":"ESPOSAS SILICONA CUFFS"}]},{"@type":"WebSite","@id":"https:\/\/demoweb.info\/sexshop001\/#website","url":"https:\/\/demoweb.info\/sexshop001\/","name":"Tienda Er\u00f3tica","description":"DEMOWEB SL","potentialAction":[{"@type":"SearchAction","target":{"@type":"EntryPoint","urlTemplate":"https:\/\/demoweb.info\/sexshop001\/?s={search_term_string}"},"query-input":"required name=search_term_string"}],"inLanguage":"es"}]}},"_links":{"self":[{"href":"https:\/\/demoweb.info\/sexshop001\/wp-json\/wp\/v3\/product\/10354","targetHints":{"allow":["GET"]}}],"collection":[{"href":"https:\/\/demoweb.info\/sexshop001\/wp-json\/wp\/v3\/product"}],"about":[{"href":"https:\/\/demoweb.info\/sexshop001\/wp-json\/wp\/v2\/types\/product"}],"replies":[{"embeddable":true,"href":"https:\/\/demoweb.info\/sexshop001\/wp-json\/wp\/v2\/comments?post=10354"}],"wp:featuredmedia":[{"embeddable":true,"href":"https:\/\/demoweb.info\/sexshop001\/wp-json\/wp\/v2\/media\/10355"}],"wp:attachment":[{"href":"https:\/\/demoweb.info\/sexshop001\/wp-json\/wp\/v2\/media?parent=10354"}],"wp:term":[{"taxonomy":"product_cat","embeddable":true,"href":"https:\/\/demoweb.info\/sexshop001\/wp-json\/wp\/v2\/product_cat?post=10354"},{"taxonomy":"product_tag","embeddable":true,"href":"https:\/\/demoweb.info\/sexshop001\/wp-json\/wp\/v2\/product_tag?post=10354"}],"curies":[{"name":"wp","href":"https:\/\/api.w.org\/{rel}","templated":true}]}}