{"id":10348,"date":"2022-01-22T09:49:49","date_gmt":"2022-01-22T08:49:49","guid":{"rendered":"https:\/\/demoweb.info\/sexshop001\/producto\/hybrid-silicona-metal-45mm\/"},"modified":"2022-01-22T09:49:56","modified_gmt":"2022-01-22T08:49:56","slug":"hybrid-silicona-metal-45mm","status":"publish","type":"product","link":"https:\/\/demoweb.info\/sexshop001\/producto\/hybrid-silicona-metal-45mm\/","title":{"rendered":"HYBRID SILICONA METAL &#8211; 45MM"},"content":{"rendered":"<p><strong>HYBRID SILICONE COVERED METAL COCK RING &#8211; 45MM<\/strong><\/p>\n<p>Buscando algo m\u00e1s fuerte?<\/p>\n<p>Este dise\u00f1o exclusivo combina la sensaci\u00f3n extrema de un anillo de acero inoxidable con el ajuste preciso de silicona duradera.<\/p>\n<p>Con un anillo de metal de lados abiertos enfundado en una banda resistente y el\u00e1stica de silicona premium, este dise\u00f1o logra el equilibrio perfecto entre el estiramiento y la rigidez.<\/p>\n<p>Un borde biselado intensifica la presi\u00f3n en todos los lugares correctos para completar la experiencia.<br \/>\nKink by Doc Johnson es una emocionante colaboraci\u00f3n con Kink.com para crear una colecci\u00f3n de art\u00edculos fetiche aut\u00e9nticos de alta calidad adecuados para practicantes a largo plazo y nuevos iniciados por igual.\n <\/p>\n<ul>\n<li>Dimensiones embalaje    16 x 9,40 x 1,60 cm<\/li>\n<li>Dimensiones del producto    0 x 1,6 cm<\/li>\n<li>Materiales    Silicone\/Metal<\/li>\n<\/ul>\n<p>\n <\/p><\/p>\n","protected":false},"excerpt":{"rendered":"<p>HYBRID SILICONE COVERED METAL COCK RING &#8211; 45MM Buscando algo m\u00e1s fuerte? Este dise\u00f1o exclusivo combina la sensaci\u00f3n extrema de<\/p>\n","protected":false},"featured_media":10349,"comment_status":"open","ping_status":"open","template":"","meta":[],"product_cat":[286],"product_tag":[460],"class_list":["post-10348","product","type-product","status-publish","has-post-thumbnail","hentry","product_cat-metal","product_tag-doc-johnson"],"bundled_by":[],"bundle_stock_status":"instock","bundle_stock_quantity":1,"bundle_virtual":false,"bundle_layout":"","bundle_add_to_cart_form_location":"","bundle_editable_in_cart":false,"bundle_sold_individually_context":"","bundle_item_grouping":"","bundle_min_size":"","bundle_max_size":"","bundled_items":[],"yoast_head":"<!-- This site is optimized with the Yoast SEO plugin v20.6 - https:\/\/yoast.com\/wordpress\/plugins\/seo\/ -->\n<title>HYBRID SILICONA METAL - 45MM - Tienda Er\u00f3tica<\/title>\n<meta name=\"robots\" content=\"noindex, follow, max-snippet:-1, max-image-preview:large, max-video-preview:-1\" \/>\n<meta property=\"og:locale\" content=\"es_ES\" \/>\n<meta property=\"og:type\" content=\"article\" \/>\n<meta property=\"og:title\" content=\"HYBRID SILICONA METAL - 45MM - Tienda Er\u00f3tica\" \/>\n<meta property=\"og:description\" content=\"HYBRID SILICONE COVERED METAL COCK RING &#8211; 45MM Buscando algo m\u00e1s fuerte? Este dise\u00f1o exclusivo combina la sensaci\u00f3n extrema de\" \/>\n<meta property=\"og:url\" content=\"https:\/\/demoweb.info\/sexshop001\/producto\/hybrid-silicona-metal-45mm\/\" \/>\n<meta property=\"og:site_name\" content=\"Tienda Er\u00f3tica\" \/>\n<meta property=\"article:modified_time\" content=\"2022-01-22T08:49:56+00:00\" \/>\n<meta property=\"og:image\" content=\"https:\/\/demoweb.info\/sexshop001\/wp-content\/uploads\/2022\/01\/HYBRID-SILICONA-METAL-45MM.jpg\" \/>\n\t<meta property=\"og:image:width\" content=\"550\" \/>\n\t<meta property=\"og:image:height\" content=\"550\" \/>\n\t<meta property=\"og:image:type\" content=\"image\/jpeg\" \/>\n<meta name=\"twitter:card\" content=\"summary_large_image\" \/>\n<meta name=\"twitter:label1\" content=\"Tiempo de lectura\" \/>\n\t<meta name=\"twitter:data1\" content=\"1 minuto\" \/>\n<script type=\"application\/ld+json\" class=\"yoast-schema-graph\">{\"@context\":\"https:\/\/schema.org\",\"@graph\":[{\"@type\":\"WebPage\",\"@id\":\"https:\/\/demoweb.info\/sexshop001\/producto\/hybrid-silicona-metal-45mm\/\",\"url\":\"https:\/\/demoweb.info\/sexshop001\/producto\/hybrid-silicona-metal-45mm\/\",\"name\":\"HYBRID SILICONA METAL - 45MM - Tienda Er\u00f3tica\",\"isPartOf\":{\"@id\":\"https:\/\/demoweb.info\/sexshop001\/#website\"},\"datePublished\":\"2022-01-22T08:49:49+00:00\",\"dateModified\":\"2022-01-22T08:49:56+00:00\",\"breadcrumb\":{\"@id\":\"https:\/\/demoweb.info\/sexshop001\/producto\/hybrid-silicona-metal-45mm\/#breadcrumb\"},\"inLanguage\":\"es\",\"potentialAction\":[{\"@type\":\"ReadAction\",\"target\":[\"https:\/\/demoweb.info\/sexshop001\/producto\/hybrid-silicona-metal-45mm\/\"]}]},{\"@type\":\"BreadcrumbList\",\"@id\":\"https:\/\/demoweb.info\/sexshop001\/producto\/hybrid-silicona-metal-45mm\/#breadcrumb\",\"itemListElement\":[{\"@type\":\"ListItem\",\"position\":1,\"name\":\"Portada\",\"item\":\"https:\/\/demoweb.info\/sexshop001\/\"},{\"@type\":\"ListItem\",\"position\":2,\"name\":\"Tienda\",\"item\":\"https:\/\/demoweb.info\/sexshop001\/tienda\/\"},{\"@type\":\"ListItem\",\"position\":3,\"name\":\"HYBRID SILICONA METAL &#8211; 45MM\"}]},{\"@type\":\"WebSite\",\"@id\":\"https:\/\/demoweb.info\/sexshop001\/#website\",\"url\":\"https:\/\/demoweb.info\/sexshop001\/\",\"name\":\"Tienda Er\u00f3tica\",\"description\":\"DEMOWEB SL\",\"potentialAction\":[{\"@type\":\"SearchAction\",\"target\":{\"@type\":\"EntryPoint\",\"urlTemplate\":\"https:\/\/demoweb.info\/sexshop001\/?s={search_term_string}\"},\"query-input\":\"required name=search_term_string\"}],\"inLanguage\":\"es\"}]}<\/script>\n<!-- \/ Yoast SEO plugin. -->","yoast_head_json":{"title":"HYBRID SILICONA METAL - 45MM - Tienda Er\u00f3tica","robots":{"index":"noindex","follow":"follow","max-snippet":"max-snippet:-1","max-image-preview":"max-image-preview:large","max-video-preview":"max-video-preview:-1"},"og_locale":"es_ES","og_type":"article","og_title":"HYBRID SILICONA METAL - 45MM - Tienda Er\u00f3tica","og_description":"HYBRID SILICONE COVERED METAL COCK RING &#8211; 45MM Buscando algo m\u00e1s fuerte? Este dise\u00f1o exclusivo combina la sensaci\u00f3n extrema de","og_url":"https:\/\/demoweb.info\/sexshop001\/producto\/hybrid-silicona-metal-45mm\/","og_site_name":"Tienda Er\u00f3tica","article_modified_time":"2022-01-22T08:49:56+00:00","og_image":[{"width":550,"height":550,"url":"https:\/\/demoweb.info\/sexshop001\/wp-content\/uploads\/2022\/01\/HYBRID-SILICONA-METAL-45MM.jpg","type":"image\/jpeg"}],"twitter_card":"summary_large_image","twitter_misc":{"Tiempo de lectura":"1 minuto"},"schema":{"@context":"https:\/\/schema.org","@graph":[{"@type":"WebPage","@id":"https:\/\/demoweb.info\/sexshop001\/producto\/hybrid-silicona-metal-45mm\/","url":"https:\/\/demoweb.info\/sexshop001\/producto\/hybrid-silicona-metal-45mm\/","name":"HYBRID SILICONA METAL - 45MM - Tienda Er\u00f3tica","isPartOf":{"@id":"https:\/\/demoweb.info\/sexshop001\/#website"},"datePublished":"2022-01-22T08:49:49+00:00","dateModified":"2022-01-22T08:49:56+00:00","breadcrumb":{"@id":"https:\/\/demoweb.info\/sexshop001\/producto\/hybrid-silicona-metal-45mm\/#breadcrumb"},"inLanguage":"es","potentialAction":[{"@type":"ReadAction","target":["https:\/\/demoweb.info\/sexshop001\/producto\/hybrid-silicona-metal-45mm\/"]}]},{"@type":"BreadcrumbList","@id":"https:\/\/demoweb.info\/sexshop001\/producto\/hybrid-silicona-metal-45mm\/#breadcrumb","itemListElement":[{"@type":"ListItem","position":1,"name":"Portada","item":"https:\/\/demoweb.info\/sexshop001\/"},{"@type":"ListItem","position":2,"name":"Tienda","item":"https:\/\/demoweb.info\/sexshop001\/tienda\/"},{"@type":"ListItem","position":3,"name":"HYBRID SILICONA METAL &#8211; 45MM"}]},{"@type":"WebSite","@id":"https:\/\/demoweb.info\/sexshop001\/#website","url":"https:\/\/demoweb.info\/sexshop001\/","name":"Tienda Er\u00f3tica","description":"DEMOWEB SL","potentialAction":[{"@type":"SearchAction","target":{"@type":"EntryPoint","urlTemplate":"https:\/\/demoweb.info\/sexshop001\/?s={search_term_string}"},"query-input":"required name=search_term_string"}],"inLanguage":"es"}]}},"_links":{"self":[{"href":"https:\/\/demoweb.info\/sexshop001\/wp-json\/wp\/v3\/product\/10348","targetHints":{"allow":["GET"]}}],"collection":[{"href":"https:\/\/demoweb.info\/sexshop001\/wp-json\/wp\/v3\/product"}],"about":[{"href":"https:\/\/demoweb.info\/sexshop001\/wp-json\/wp\/v2\/types\/product"}],"replies":[{"embeddable":true,"href":"https:\/\/demoweb.info\/sexshop001\/wp-json\/wp\/v2\/comments?post=10348"}],"wp:featuredmedia":[{"embeddable":true,"href":"https:\/\/demoweb.info\/sexshop001\/wp-json\/wp\/v2\/media\/10349"}],"wp:attachment":[{"href":"https:\/\/demoweb.info\/sexshop001\/wp-json\/wp\/v2\/media?parent=10348"}],"wp:term":[{"taxonomy":"product_cat","embeddable":true,"href":"https:\/\/demoweb.info\/sexshop001\/wp-json\/wp\/v2\/product_cat?post=10348"},{"taxonomy":"product_tag","embeddable":true,"href":"https:\/\/demoweb.info\/sexshop001\/wp-json\/wp\/v2\/product_tag?post=10348"}],"curies":[{"name":"wp","href":"https:\/\/api.w.org\/{rel}","templated":true}]}}