{"id":10330,"date":"2022-01-22T09:49:49","date_gmt":"2022-01-22T08:49:49","guid":{"rendered":"https:\/\/demoweb.info\/sexshop001\/producto\/orgie-bio-gel-intimo-aloe-vera-100-ml\/"},"modified":"2022-01-22T09:49:49","modified_gmt":"2022-01-22T08:49:49","slug":"orgie-bio-gel-intimo-aloe-vera-100-ml","status":"publish","type":"product","link":"https:\/\/demoweb.info\/sexshop001\/producto\/orgie-bio-gel-intimo-aloe-vera-100-ml\/","title":{"rendered":"ORGIE BIO- GEL INTIMO ALOE VERA &#8211; 100 ML"},"content":{"rendered":"<p><strong>ORGIE BIO ALOE VERA  INTIMATE GEL  &#8211; 100 ML<\/strong><\/p>\n<p>Conocido y utilizado durante m\u00e1s de 2.000 a\u00f1os, el aloe vera es el ingrediente principal de este gel \u00edntimo por sus varias propiedades beneficiosas, dos de ellas muy importantes: alto poder hidratante y tonificante.<\/p>\n<p>Tambi\u00e9n proporciona alivio y curaci\u00f3n a la piel afectada por micro lesiones causadas por fricci\u00f3n.<\/p>\n<p>Act\u00faa en conjunto con otros ingredientes de la f\u00f3rmula a base de agua del gel \u00edntimo de aloe vera, todos ellos derivados de O org\u00e1nico y sostenible<\/p>\n<ul>\n<li>Peso del producto    138 gram<\/li>\n<li>Volumen del producto    100 ml<\/li>\n<li>Di\u00e1metro del producto    4,0 cm<\/li>\n<li>Los ingredientes    Aqua, Glycerin, Algin, Aloe Barbadensis Leaf Juice, Sodium Benzoate, Citric Acid, Potassium Sorbate<\/li>\n<\/ul>\n","protected":false},"excerpt":{"rendered":"<p>ORGIE BIO ALOE VERA INTIMATE GEL &#8211; 100 ML Conocido y utilizado durante m\u00e1s de 2.000 a\u00f1os, el aloe vera<\/p>\n","protected":false},"featured_media":10331,"comment_status":"open","ping_status":"open","template":"","meta":[],"product_cat":[530],"product_tag":[523],"class_list":["post-10330","product","type-product","status-publish","has-post-thumbnail","hentry","product_cat-para-ella-cremas","product_tag-orgie"],"bundled_by":[],"bundle_stock_status":"instock","bundle_stock_quantity":6,"bundle_virtual":false,"bundle_layout":"","bundle_add_to_cart_form_location":"","bundle_editable_in_cart":false,"bundle_sold_individually_context":"","bundle_item_grouping":"","bundle_min_size":"","bundle_max_size":"","bundled_items":[],"yoast_head":"<!-- This site is optimized with the Yoast SEO plugin v20.6 - https:\/\/yoast.com\/wordpress\/plugins\/seo\/ -->\n<title>ORGIE BIO- GEL INTIMO ALOE VERA - 100 ML - Tienda Er\u00f3tica<\/title>\n<meta name=\"robots\" content=\"noindex, follow, max-snippet:-1, max-image-preview:large, max-video-preview:-1\" \/>\n<meta property=\"og:locale\" content=\"es_ES\" \/>\n<meta property=\"og:type\" content=\"article\" \/>\n<meta property=\"og:title\" content=\"ORGIE BIO- GEL INTIMO ALOE VERA - 100 ML - Tienda Er\u00f3tica\" \/>\n<meta property=\"og:description\" content=\"ORGIE BIO ALOE VERA INTIMATE GEL &#8211; 100 ML Conocido y utilizado durante m\u00e1s de 2.000 a\u00f1os, el aloe vera\" \/>\n<meta property=\"og:url\" content=\"https:\/\/demoweb.info\/sexshop001\/producto\/orgie-bio-gel-intimo-aloe-vera-100-ml\/\" \/>\n<meta property=\"og:site_name\" content=\"Tienda Er\u00f3tica\" \/>\n<meta property=\"og:image\" content=\"https:\/\/demoweb.info\/sexshop001\/wp-content\/uploads\/2022\/01\/ORGIE-BIO-GEL-INTIMO-ALOE-VERA-100-ML.jpg\" \/>\n\t<meta property=\"og:image:width\" content=\"550\" \/>\n\t<meta property=\"og:image:height\" content=\"550\" \/>\n\t<meta property=\"og:image:type\" content=\"image\/jpeg\" \/>\n<meta name=\"twitter:card\" content=\"summary_large_image\" \/>\n<meta name=\"twitter:label1\" content=\"Tiempo de lectura\" \/>\n\t<meta name=\"twitter:data1\" content=\"1 minuto\" \/>\n<script type=\"application\/ld+json\" class=\"yoast-schema-graph\">{\"@context\":\"https:\/\/schema.org\",\"@graph\":[{\"@type\":\"WebPage\",\"@id\":\"https:\/\/demoweb.info\/sexshop001\/producto\/orgie-bio-gel-intimo-aloe-vera-100-ml\/\",\"url\":\"https:\/\/demoweb.info\/sexshop001\/producto\/orgie-bio-gel-intimo-aloe-vera-100-ml\/\",\"name\":\"ORGIE BIO- GEL INTIMO ALOE VERA - 100 ML - Tienda Er\u00f3tica\",\"isPartOf\":{\"@id\":\"https:\/\/demoweb.info\/sexshop001\/#website\"},\"datePublished\":\"2022-01-22T08:49:49+00:00\",\"dateModified\":\"2022-01-22T08:49:49+00:00\",\"breadcrumb\":{\"@id\":\"https:\/\/demoweb.info\/sexshop001\/producto\/orgie-bio-gel-intimo-aloe-vera-100-ml\/#breadcrumb\"},\"inLanguage\":\"es\",\"potentialAction\":[{\"@type\":\"ReadAction\",\"target\":[\"https:\/\/demoweb.info\/sexshop001\/producto\/orgie-bio-gel-intimo-aloe-vera-100-ml\/\"]}]},{\"@type\":\"BreadcrumbList\",\"@id\":\"https:\/\/demoweb.info\/sexshop001\/producto\/orgie-bio-gel-intimo-aloe-vera-100-ml\/#breadcrumb\",\"itemListElement\":[{\"@type\":\"ListItem\",\"position\":1,\"name\":\"Portada\",\"item\":\"https:\/\/demoweb.info\/sexshop001\/\"},{\"@type\":\"ListItem\",\"position\":2,\"name\":\"Tienda\",\"item\":\"https:\/\/demoweb.info\/sexshop001\/tienda\/\"},{\"@type\":\"ListItem\",\"position\":3,\"name\":\"ORGIE BIO- GEL INTIMO ALOE VERA &#8211; 100 ML\"}]},{\"@type\":\"WebSite\",\"@id\":\"https:\/\/demoweb.info\/sexshop001\/#website\",\"url\":\"https:\/\/demoweb.info\/sexshop001\/\",\"name\":\"Tienda Er\u00f3tica\",\"description\":\"DEMOWEB SL\",\"potentialAction\":[{\"@type\":\"SearchAction\",\"target\":{\"@type\":\"EntryPoint\",\"urlTemplate\":\"https:\/\/demoweb.info\/sexshop001\/?s={search_term_string}\"},\"query-input\":\"required name=search_term_string\"}],\"inLanguage\":\"es\"}]}<\/script>\n<!-- \/ Yoast SEO plugin. -->","yoast_head_json":{"title":"ORGIE BIO- GEL INTIMO ALOE VERA - 100 ML - Tienda Er\u00f3tica","robots":{"index":"noindex","follow":"follow","max-snippet":"max-snippet:-1","max-image-preview":"max-image-preview:large","max-video-preview":"max-video-preview:-1"},"og_locale":"es_ES","og_type":"article","og_title":"ORGIE BIO- GEL INTIMO ALOE VERA - 100 ML - Tienda Er\u00f3tica","og_description":"ORGIE BIO ALOE VERA INTIMATE GEL &#8211; 100 ML Conocido y utilizado durante m\u00e1s de 2.000 a\u00f1os, el aloe vera","og_url":"https:\/\/demoweb.info\/sexshop001\/producto\/orgie-bio-gel-intimo-aloe-vera-100-ml\/","og_site_name":"Tienda Er\u00f3tica","og_image":[{"width":550,"height":550,"url":"https:\/\/demoweb.info\/sexshop001\/wp-content\/uploads\/2022\/01\/ORGIE-BIO-GEL-INTIMO-ALOE-VERA-100-ML.jpg","type":"image\/jpeg"}],"twitter_card":"summary_large_image","twitter_misc":{"Tiempo de lectura":"1 minuto"},"schema":{"@context":"https:\/\/schema.org","@graph":[{"@type":"WebPage","@id":"https:\/\/demoweb.info\/sexshop001\/producto\/orgie-bio-gel-intimo-aloe-vera-100-ml\/","url":"https:\/\/demoweb.info\/sexshop001\/producto\/orgie-bio-gel-intimo-aloe-vera-100-ml\/","name":"ORGIE BIO- GEL INTIMO ALOE VERA - 100 ML - Tienda Er\u00f3tica","isPartOf":{"@id":"https:\/\/demoweb.info\/sexshop001\/#website"},"datePublished":"2022-01-22T08:49:49+00:00","dateModified":"2022-01-22T08:49:49+00:00","breadcrumb":{"@id":"https:\/\/demoweb.info\/sexshop001\/producto\/orgie-bio-gel-intimo-aloe-vera-100-ml\/#breadcrumb"},"inLanguage":"es","potentialAction":[{"@type":"ReadAction","target":["https:\/\/demoweb.info\/sexshop001\/producto\/orgie-bio-gel-intimo-aloe-vera-100-ml\/"]}]},{"@type":"BreadcrumbList","@id":"https:\/\/demoweb.info\/sexshop001\/producto\/orgie-bio-gel-intimo-aloe-vera-100-ml\/#breadcrumb","itemListElement":[{"@type":"ListItem","position":1,"name":"Portada","item":"https:\/\/demoweb.info\/sexshop001\/"},{"@type":"ListItem","position":2,"name":"Tienda","item":"https:\/\/demoweb.info\/sexshop001\/tienda\/"},{"@type":"ListItem","position":3,"name":"ORGIE BIO- GEL INTIMO ALOE VERA &#8211; 100 ML"}]},{"@type":"WebSite","@id":"https:\/\/demoweb.info\/sexshop001\/#website","url":"https:\/\/demoweb.info\/sexshop001\/","name":"Tienda Er\u00f3tica","description":"DEMOWEB SL","potentialAction":[{"@type":"SearchAction","target":{"@type":"EntryPoint","urlTemplate":"https:\/\/demoweb.info\/sexshop001\/?s={search_term_string}"},"query-input":"required name=search_term_string"}],"inLanguage":"es"}]}},"_links":{"self":[{"href":"https:\/\/demoweb.info\/sexshop001\/wp-json\/wp\/v3\/product\/10330","targetHints":{"allow":["GET"]}}],"collection":[{"href":"https:\/\/demoweb.info\/sexshop001\/wp-json\/wp\/v3\/product"}],"about":[{"href":"https:\/\/demoweb.info\/sexshop001\/wp-json\/wp\/v2\/types\/product"}],"replies":[{"embeddable":true,"href":"https:\/\/demoweb.info\/sexshop001\/wp-json\/wp\/v2\/comments?post=10330"}],"wp:featuredmedia":[{"embeddable":true,"href":"https:\/\/demoweb.info\/sexshop001\/wp-json\/wp\/v2\/media\/10331"}],"wp:attachment":[{"href":"https:\/\/demoweb.info\/sexshop001\/wp-json\/wp\/v2\/media?parent=10330"}],"wp:term":[{"taxonomy":"product_cat","embeddable":true,"href":"https:\/\/demoweb.info\/sexshop001\/wp-json\/wp\/v2\/product_cat?post=10330"},{"taxonomy":"product_tag","embeddable":true,"href":"https:\/\/demoweb.info\/sexshop001\/wp-json\/wp\/v2\/product_tag?post=10330"}],"curies":[{"name":"wp","href":"https:\/\/api.w.org\/{rel}","templated":true}]}}