{"id":10324,"date":"2022-01-22T09:49:35","date_gmt":"2022-01-22T08:49:35","guid":{"rendered":"https:\/\/demoweb.info\/sexshop001\/producto\/aceite-organico-pomelo-100-ml\/"},"modified":"2022-01-22T09:49:45","modified_gmt":"2022-01-22T08:49:45","slug":"aceite-organico-pomelo-100-ml","status":"publish","type":"product","link":"https:\/\/demoweb.info\/sexshop001\/producto\/aceite-organico-pomelo-100-ml\/","title":{"rendered":"ACEITE ORGANICO POMELO &#8211; 100 ML"},"content":{"rendered":"<p><strong>ORGIE BIO GRAPEFRUIT ORGANIC OIL  &#8211; 100 ML<\/strong><\/p>\n<p>Aceite de masaje sensual org\u00e1nico con fragancia natural de pomelo.<\/p>\n<p>Hecho con ingredientes naturales y veganos certificados.<\/p>\n<p>El pomelo Orgie Bio Organic Oil est\u00e1 formulado con ingredientes cultivados y extra\u00eddos de forma sostenible y sin productos qu\u00edmicos.<\/p>\n<p>Su f\u00f3rmula contiene Helianthus Annuus (girasol) y Prunus Amygdalus Dulcis (almendra dulce)<\/p>\n<p>Dos excelentes aceites de masaje con efecto antioxidante que hidratan y protegen la piel.<\/p>\n<p>Con un aroma de pomelo natural suave y agradable, el aceite org\u00e1nico de pomelo Orgie Bio es la elecci\u00f3n correcta para mejorar los momentos de intimidad y placer.<\/p>\n<ul>\n<li>Dimensiones embalaje    16,50 x 4 x 0 cm<\/li>\n<li>Peso embalaje    121 gram<\/li>\n<li>Dimensiones del producto    16,5 x 4 x 4 cm<\/li>\n<li>Peso del producto    121,00 gram<\/li>\n<li>Volumen del producto    100 ml<\/li>\n<li>Di\u00e1metro del producto    4,0 cm<\/li>\n<li>Los ingredientes    Ethylhexylglycerin, Disodium Edta, Ethyl Acetate, Limonene, Potassium Sorbate,<\/li>\n<li>\n\t <\/li>\n<\/ul>\n","protected":false},"excerpt":{"rendered":"<p>ORGIE BIO GRAPEFRUIT ORGANIC OIL &#8211; 100 ML Aceite de masaje sensual org\u00e1nico con fragancia natural de pomelo. Hecho con<\/p>\n","protected":false},"featured_media":10325,"comment_status":"open","ping_status":"open","template":"","meta":[],"product_cat":[516],"product_tag":[523],"class_list":["post-10324","product","type-product","status-publish","has-post-thumbnail","hentry","product_cat-linea-bio-aceites-y-lubricantes","product_tag-orgie"],"bundled_by":[],"bundle_stock_status":"instock","bundle_stock_quantity":7,"bundle_virtual":false,"bundle_layout":"","bundle_add_to_cart_form_location":"","bundle_editable_in_cart":false,"bundle_sold_individually_context":"","bundle_item_grouping":"","bundle_min_size":"","bundle_max_size":"","bundled_items":[],"yoast_head":"<!-- This site is optimized with the Yoast SEO plugin v20.6 - https:\/\/yoast.com\/wordpress\/plugins\/seo\/ -->\n<title>ACEITE ORGANICO POMELO - 100 ML - Tienda Er\u00f3tica<\/title>\n<meta name=\"robots\" content=\"noindex, follow, max-snippet:-1, max-image-preview:large, max-video-preview:-1\" \/>\n<meta property=\"og:locale\" content=\"es_ES\" \/>\n<meta property=\"og:type\" content=\"article\" \/>\n<meta property=\"og:title\" content=\"ACEITE ORGANICO POMELO - 100 ML - Tienda Er\u00f3tica\" \/>\n<meta property=\"og:description\" content=\"ORGIE BIO GRAPEFRUIT ORGANIC OIL &#8211; 100 ML Aceite de masaje sensual org\u00e1nico con fragancia natural de pomelo. Hecho con\" \/>\n<meta property=\"og:url\" content=\"https:\/\/demoweb.info\/sexshop001\/producto\/aceite-organico-pomelo-100-ml\/\" \/>\n<meta property=\"og:site_name\" content=\"Tienda Er\u00f3tica\" \/>\n<meta property=\"article:modified_time\" content=\"2022-01-22T08:49:45+00:00\" \/>\n<meta property=\"og:image\" content=\"https:\/\/demoweb.info\/sexshop001\/wp-content\/uploads\/2022\/01\/ACEITE-ORGANICO-POMELO-100-ML.jpg\" \/>\n\t<meta property=\"og:image:width\" content=\"550\" \/>\n\t<meta property=\"og:image:height\" content=\"550\" \/>\n\t<meta property=\"og:image:type\" content=\"image\/jpeg\" \/>\n<meta name=\"twitter:card\" content=\"summary_large_image\" \/>\n<meta name=\"twitter:label1\" content=\"Tiempo de lectura\" \/>\n\t<meta name=\"twitter:data1\" content=\"1 minuto\" \/>\n<script type=\"application\/ld+json\" class=\"yoast-schema-graph\">{\"@context\":\"https:\/\/schema.org\",\"@graph\":[{\"@type\":\"WebPage\",\"@id\":\"https:\/\/demoweb.info\/sexshop001\/producto\/aceite-organico-pomelo-100-ml\/\",\"url\":\"https:\/\/demoweb.info\/sexshop001\/producto\/aceite-organico-pomelo-100-ml\/\",\"name\":\"ACEITE ORGANICO POMELO - 100 ML - Tienda Er\u00f3tica\",\"isPartOf\":{\"@id\":\"https:\/\/demoweb.info\/sexshop001\/#website\"},\"datePublished\":\"2022-01-22T08:49:35+00:00\",\"dateModified\":\"2022-01-22T08:49:45+00:00\",\"breadcrumb\":{\"@id\":\"https:\/\/demoweb.info\/sexshop001\/producto\/aceite-organico-pomelo-100-ml\/#breadcrumb\"},\"inLanguage\":\"es\",\"potentialAction\":[{\"@type\":\"ReadAction\",\"target\":[\"https:\/\/demoweb.info\/sexshop001\/producto\/aceite-organico-pomelo-100-ml\/\"]}]},{\"@type\":\"BreadcrumbList\",\"@id\":\"https:\/\/demoweb.info\/sexshop001\/producto\/aceite-organico-pomelo-100-ml\/#breadcrumb\",\"itemListElement\":[{\"@type\":\"ListItem\",\"position\":1,\"name\":\"Portada\",\"item\":\"https:\/\/demoweb.info\/sexshop001\/\"},{\"@type\":\"ListItem\",\"position\":2,\"name\":\"Tienda\",\"item\":\"https:\/\/demoweb.info\/sexshop001\/tienda\/\"},{\"@type\":\"ListItem\",\"position\":3,\"name\":\"ACEITE ORGANICO POMELO &#8211; 100 ML\"}]},{\"@type\":\"WebSite\",\"@id\":\"https:\/\/demoweb.info\/sexshop001\/#website\",\"url\":\"https:\/\/demoweb.info\/sexshop001\/\",\"name\":\"Tienda Er\u00f3tica\",\"description\":\"DEMOWEB SL\",\"potentialAction\":[{\"@type\":\"SearchAction\",\"target\":{\"@type\":\"EntryPoint\",\"urlTemplate\":\"https:\/\/demoweb.info\/sexshop001\/?s={search_term_string}\"},\"query-input\":\"required name=search_term_string\"}],\"inLanguage\":\"es\"}]}<\/script>\n<!-- \/ Yoast SEO plugin. -->","yoast_head_json":{"title":"ACEITE ORGANICO POMELO - 100 ML - Tienda Er\u00f3tica","robots":{"index":"noindex","follow":"follow","max-snippet":"max-snippet:-1","max-image-preview":"max-image-preview:large","max-video-preview":"max-video-preview:-1"},"og_locale":"es_ES","og_type":"article","og_title":"ACEITE ORGANICO POMELO - 100 ML - Tienda Er\u00f3tica","og_description":"ORGIE BIO GRAPEFRUIT ORGANIC OIL &#8211; 100 ML Aceite de masaje sensual org\u00e1nico con fragancia natural de pomelo. Hecho con","og_url":"https:\/\/demoweb.info\/sexshop001\/producto\/aceite-organico-pomelo-100-ml\/","og_site_name":"Tienda Er\u00f3tica","article_modified_time":"2022-01-22T08:49:45+00:00","og_image":[{"width":550,"height":550,"url":"https:\/\/demoweb.info\/sexshop001\/wp-content\/uploads\/2022\/01\/ACEITE-ORGANICO-POMELO-100-ML.jpg","type":"image\/jpeg"}],"twitter_card":"summary_large_image","twitter_misc":{"Tiempo de lectura":"1 minuto"},"schema":{"@context":"https:\/\/schema.org","@graph":[{"@type":"WebPage","@id":"https:\/\/demoweb.info\/sexshop001\/producto\/aceite-organico-pomelo-100-ml\/","url":"https:\/\/demoweb.info\/sexshop001\/producto\/aceite-organico-pomelo-100-ml\/","name":"ACEITE ORGANICO POMELO - 100 ML - Tienda Er\u00f3tica","isPartOf":{"@id":"https:\/\/demoweb.info\/sexshop001\/#website"},"datePublished":"2022-01-22T08:49:35+00:00","dateModified":"2022-01-22T08:49:45+00:00","breadcrumb":{"@id":"https:\/\/demoweb.info\/sexshop001\/producto\/aceite-organico-pomelo-100-ml\/#breadcrumb"},"inLanguage":"es","potentialAction":[{"@type":"ReadAction","target":["https:\/\/demoweb.info\/sexshop001\/producto\/aceite-organico-pomelo-100-ml\/"]}]},{"@type":"BreadcrumbList","@id":"https:\/\/demoweb.info\/sexshop001\/producto\/aceite-organico-pomelo-100-ml\/#breadcrumb","itemListElement":[{"@type":"ListItem","position":1,"name":"Portada","item":"https:\/\/demoweb.info\/sexshop001\/"},{"@type":"ListItem","position":2,"name":"Tienda","item":"https:\/\/demoweb.info\/sexshop001\/tienda\/"},{"@type":"ListItem","position":3,"name":"ACEITE ORGANICO POMELO &#8211; 100 ML"}]},{"@type":"WebSite","@id":"https:\/\/demoweb.info\/sexshop001\/#website","url":"https:\/\/demoweb.info\/sexshop001\/","name":"Tienda Er\u00f3tica","description":"DEMOWEB SL","potentialAction":[{"@type":"SearchAction","target":{"@type":"EntryPoint","urlTemplate":"https:\/\/demoweb.info\/sexshop001\/?s={search_term_string}"},"query-input":"required name=search_term_string"}],"inLanguage":"es"}]}},"_links":{"self":[{"href":"https:\/\/demoweb.info\/sexshop001\/wp-json\/wp\/v3\/product\/10324","targetHints":{"allow":["GET"]}}],"collection":[{"href":"https:\/\/demoweb.info\/sexshop001\/wp-json\/wp\/v3\/product"}],"about":[{"href":"https:\/\/demoweb.info\/sexshop001\/wp-json\/wp\/v2\/types\/product"}],"replies":[{"embeddable":true,"href":"https:\/\/demoweb.info\/sexshop001\/wp-json\/wp\/v2\/comments?post=10324"}],"wp:featuredmedia":[{"embeddable":true,"href":"https:\/\/demoweb.info\/sexshop001\/wp-json\/wp\/v2\/media\/10325"}],"wp:attachment":[{"href":"https:\/\/demoweb.info\/sexshop001\/wp-json\/wp\/v2\/media?parent=10324"}],"wp:term":[{"taxonomy":"product_cat","embeddable":true,"href":"https:\/\/demoweb.info\/sexshop001\/wp-json\/wp\/v2\/product_cat?post=10324"},{"taxonomy":"product_tag","embeddable":true,"href":"https:\/\/demoweb.info\/sexshop001\/wp-json\/wp\/v2\/product_tag?post=10324"}],"curies":[{"name":"wp","href":"https:\/\/api.w.org\/{rel}","templated":true}]}}