{"id":10317,"date":"2022-01-22T09:49:35","date_gmt":"2022-01-22T08:49:35","guid":{"rendered":"https:\/\/demoweb.info\/sexshop001\/producto\/gel-retardante-canamo-25-ml\/"},"modified":"2022-01-22T09:49:43","modified_gmt":"2022-01-22T08:49:43","slug":"gel-retardante-canamo-25-ml","status":"publish","type":"product","link":"https:\/\/demoweb.info\/sexshop001\/producto\/gel-retardante-canamo-25-ml\/","title":{"rendered":"GEL RETARDANTE CA\u00d1AMO- 25 ML"},"content":{"rendered":"<p><strong>TIME LAG &#8211; 25 ML<\/strong><\/p>\n<p>Orgie te trae el c\u00e1\u00f1amo intenso del orgasmo.<\/p>\n<p>Es un gel estimulante con aceite de semilla de c\u00e1\u00f1amo que promueve un efecto vibrante electrizante con un ligero calentamiento en las \u00e1reas \u00edntimas.<\/p>\n<p>Mejora la intimidad y el placer para \u00e9l y para ella.<\/p>\n<p>Adem\u00e1s del aceite de cannabis, el aceite de semilla de c\u00e1\u00f1amo de orgasmo intenso tambi\u00e9n tiene Acmela Oleracea, isopentildiol, niacinamida, entre otros ingredientes activos en su f\u00f3rmula que en conjunto mejora la sensaci\u00f3n de excitaci\u00f3n y los orgasmos intensificados.<\/p>\n<p>Aplique una cantidad generosa en el acto y disfrute del torbellino de sensaciones que el c\u00e1\u00f1amo de orgasmo intenso le brinda.<\/p>\n<ul>\n<li>Dimensiones del producto 11,2 x 2,5 x 2,5 cm<\/li>\n<li>Peso del producto 40,00 gram<\/li>\n<li>Volumen del producto 25 ml<\/li>\n<li>Di\u00e1metro del producto 2,5 cm<\/li>\n<li>Ingredientes :Aminomethyl Propanol, Disodium Edta, Ethylhexylglycerin, Acmella Oleracea<\/li>\n<\/ul>\n","protected":false},"excerpt":{"rendered":"<p>TIME LAG &#8211; 25 ML Orgie te trae el c\u00e1\u00f1amo intenso del orgasmo. Es un gel estimulante con aceite de<\/p>\n","protected":false},"featured_media":10318,"comment_status":"open","ping_status":"open","template":"","meta":[],"product_cat":[516],"product_tag":[523],"class_list":["post-10317","product","type-product","status-publish","has-post-thumbnail","hentry","product_cat-linea-bio-aceites-y-lubricantes","product_tag-orgie"],"bundled_by":[],"bundle_stock_status":"outofstock","bundle_stock_quantity":0,"bundle_virtual":false,"bundle_layout":"","bundle_add_to_cart_form_location":"","bundle_editable_in_cart":false,"bundle_sold_individually_context":"","bundle_item_grouping":"","bundle_min_size":"","bundle_max_size":"","bundled_items":[],"yoast_head":"<!-- This site is optimized with the Yoast SEO plugin v20.6 - https:\/\/yoast.com\/wordpress\/plugins\/seo\/ -->\n<title>GEL RETARDANTE CA\u00d1AMO- 25 ML - Tienda Er\u00f3tica<\/title>\n<meta name=\"robots\" content=\"noindex, follow, max-snippet:-1, max-image-preview:large, max-video-preview:-1\" \/>\n<meta property=\"og:locale\" content=\"es_ES\" \/>\n<meta property=\"og:type\" content=\"article\" \/>\n<meta property=\"og:title\" content=\"GEL RETARDANTE CA\u00d1AMO- 25 ML - Tienda Er\u00f3tica\" \/>\n<meta property=\"og:description\" content=\"TIME LAG &#8211; 25 ML Orgie te trae el c\u00e1\u00f1amo intenso del orgasmo. Es un gel estimulante con aceite de\" \/>\n<meta property=\"og:url\" content=\"https:\/\/demoweb.info\/sexshop001\/producto\/gel-retardante-canamo-25-ml\/\" \/>\n<meta property=\"og:site_name\" content=\"Tienda Er\u00f3tica\" \/>\n<meta property=\"article:modified_time\" content=\"2022-01-22T08:49:43+00:00\" \/>\n<meta property=\"og:image\" content=\"https:\/\/demoweb.info\/sexshop001\/wp-content\/uploads\/2022\/01\/GEL-RETARDANTE-CANAMO-25-ML.jpg\" \/>\n\t<meta property=\"og:image:width\" content=\"550\" \/>\n\t<meta property=\"og:image:height\" content=\"550\" \/>\n\t<meta property=\"og:image:type\" content=\"image\/jpeg\" \/>\n<meta name=\"twitter:card\" content=\"summary_large_image\" \/>\n<meta name=\"twitter:label1\" content=\"Tiempo de lectura\" \/>\n\t<meta name=\"twitter:data1\" content=\"1 minuto\" \/>\n<script type=\"application\/ld+json\" class=\"yoast-schema-graph\">{\"@context\":\"https:\/\/schema.org\",\"@graph\":[{\"@type\":\"WebPage\",\"@id\":\"https:\/\/demoweb.info\/sexshop001\/producto\/gel-retardante-canamo-25-ml\/\",\"url\":\"https:\/\/demoweb.info\/sexshop001\/producto\/gel-retardante-canamo-25-ml\/\",\"name\":\"GEL RETARDANTE CA\u00d1AMO- 25 ML - Tienda Er\u00f3tica\",\"isPartOf\":{\"@id\":\"https:\/\/demoweb.info\/sexshop001\/#website\"},\"datePublished\":\"2022-01-22T08:49:35+00:00\",\"dateModified\":\"2022-01-22T08:49:43+00:00\",\"breadcrumb\":{\"@id\":\"https:\/\/demoweb.info\/sexshop001\/producto\/gel-retardante-canamo-25-ml\/#breadcrumb\"},\"inLanguage\":\"es\",\"potentialAction\":[{\"@type\":\"ReadAction\",\"target\":[\"https:\/\/demoweb.info\/sexshop001\/producto\/gel-retardante-canamo-25-ml\/\"]}]},{\"@type\":\"BreadcrumbList\",\"@id\":\"https:\/\/demoweb.info\/sexshop001\/producto\/gel-retardante-canamo-25-ml\/#breadcrumb\",\"itemListElement\":[{\"@type\":\"ListItem\",\"position\":1,\"name\":\"Portada\",\"item\":\"https:\/\/demoweb.info\/sexshop001\/\"},{\"@type\":\"ListItem\",\"position\":2,\"name\":\"Tienda\",\"item\":\"https:\/\/demoweb.info\/sexshop001\/tienda\/\"},{\"@type\":\"ListItem\",\"position\":3,\"name\":\"GEL RETARDANTE CA\u00d1AMO- 25 ML\"}]},{\"@type\":\"WebSite\",\"@id\":\"https:\/\/demoweb.info\/sexshop001\/#website\",\"url\":\"https:\/\/demoweb.info\/sexshop001\/\",\"name\":\"Tienda Er\u00f3tica\",\"description\":\"DEMOWEB SL\",\"potentialAction\":[{\"@type\":\"SearchAction\",\"target\":{\"@type\":\"EntryPoint\",\"urlTemplate\":\"https:\/\/demoweb.info\/sexshop001\/?s={search_term_string}\"},\"query-input\":\"required name=search_term_string\"}],\"inLanguage\":\"es\"}]}<\/script>\n<!-- \/ Yoast SEO plugin. -->","yoast_head_json":{"title":"GEL RETARDANTE CA\u00d1AMO- 25 ML - Tienda Er\u00f3tica","robots":{"index":"noindex","follow":"follow","max-snippet":"max-snippet:-1","max-image-preview":"max-image-preview:large","max-video-preview":"max-video-preview:-1"},"og_locale":"es_ES","og_type":"article","og_title":"GEL RETARDANTE CA\u00d1AMO- 25 ML - Tienda Er\u00f3tica","og_description":"TIME LAG &#8211; 25 ML Orgie te trae el c\u00e1\u00f1amo intenso del orgasmo. Es un gel estimulante con aceite de","og_url":"https:\/\/demoweb.info\/sexshop001\/producto\/gel-retardante-canamo-25-ml\/","og_site_name":"Tienda Er\u00f3tica","article_modified_time":"2022-01-22T08:49:43+00:00","og_image":[{"width":550,"height":550,"url":"https:\/\/demoweb.info\/sexshop001\/wp-content\/uploads\/2022\/01\/GEL-RETARDANTE-CANAMO-25-ML.jpg","type":"image\/jpeg"}],"twitter_card":"summary_large_image","twitter_misc":{"Tiempo de lectura":"1 minuto"},"schema":{"@context":"https:\/\/schema.org","@graph":[{"@type":"WebPage","@id":"https:\/\/demoweb.info\/sexshop001\/producto\/gel-retardante-canamo-25-ml\/","url":"https:\/\/demoweb.info\/sexshop001\/producto\/gel-retardante-canamo-25-ml\/","name":"GEL RETARDANTE CA\u00d1AMO- 25 ML - Tienda Er\u00f3tica","isPartOf":{"@id":"https:\/\/demoweb.info\/sexshop001\/#website"},"datePublished":"2022-01-22T08:49:35+00:00","dateModified":"2022-01-22T08:49:43+00:00","breadcrumb":{"@id":"https:\/\/demoweb.info\/sexshop001\/producto\/gel-retardante-canamo-25-ml\/#breadcrumb"},"inLanguage":"es","potentialAction":[{"@type":"ReadAction","target":["https:\/\/demoweb.info\/sexshop001\/producto\/gel-retardante-canamo-25-ml\/"]}]},{"@type":"BreadcrumbList","@id":"https:\/\/demoweb.info\/sexshop001\/producto\/gel-retardante-canamo-25-ml\/#breadcrumb","itemListElement":[{"@type":"ListItem","position":1,"name":"Portada","item":"https:\/\/demoweb.info\/sexshop001\/"},{"@type":"ListItem","position":2,"name":"Tienda","item":"https:\/\/demoweb.info\/sexshop001\/tienda\/"},{"@type":"ListItem","position":3,"name":"GEL RETARDANTE CA\u00d1AMO- 25 ML"}]},{"@type":"WebSite","@id":"https:\/\/demoweb.info\/sexshop001\/#website","url":"https:\/\/demoweb.info\/sexshop001\/","name":"Tienda Er\u00f3tica","description":"DEMOWEB SL","potentialAction":[{"@type":"SearchAction","target":{"@type":"EntryPoint","urlTemplate":"https:\/\/demoweb.info\/sexshop001\/?s={search_term_string}"},"query-input":"required name=search_term_string"}],"inLanguage":"es"}]}},"_links":{"self":[{"href":"https:\/\/demoweb.info\/sexshop001\/wp-json\/wp\/v3\/product\/10317","targetHints":{"allow":["GET"]}}],"collection":[{"href":"https:\/\/demoweb.info\/sexshop001\/wp-json\/wp\/v3\/product"}],"about":[{"href":"https:\/\/demoweb.info\/sexshop001\/wp-json\/wp\/v2\/types\/product"}],"replies":[{"embeddable":true,"href":"https:\/\/demoweb.info\/sexshop001\/wp-json\/wp\/v2\/comments?post=10317"}],"wp:featuredmedia":[{"embeddable":true,"href":"https:\/\/demoweb.info\/sexshop001\/wp-json\/wp\/v2\/media\/10318"}],"wp:attachment":[{"href":"https:\/\/demoweb.info\/sexshop001\/wp-json\/wp\/v2\/media?parent=10317"}],"wp:term":[{"taxonomy":"product_cat","embeddable":true,"href":"https:\/\/demoweb.info\/sexshop001\/wp-json\/wp\/v2\/product_cat?post=10317"},{"taxonomy":"product_tag","embeddable":true,"href":"https:\/\/demoweb.info\/sexshop001\/wp-json\/wp\/v2\/product_tag?post=10317"}],"curies":[{"name":"wp","href":"https:\/\/api.w.org\/{rel}","templated":true}]}}