{"id":10266,"date":"2022-01-22T09:49:18","date_gmt":"2022-01-22T08:49:18","guid":{"rendered":"https:\/\/demoweb.info\/sexshop001\/producto\/sexy-gel-intensifica-el-orgasmo-15-ml\/"},"modified":"2022-01-22T09:49:23","modified_gmt":"2022-01-22T08:49:23","slug":"sexy-gel-intensifica-el-orgasmo-15-ml","status":"publish","type":"product","link":"https:\/\/demoweb.info\/sexshop001\/producto\/sexy-gel-intensifica-el-orgasmo-15-ml\/","title":{"rendered":"SEXY! GEL INTENSIFICA EL ORGASMO &#8211; 15 ML"},"content":{"rendered":"<p><strong>SEXY VIBE! INTENSE ORGASM &#8211; LIQUID VIBRATOR &#8211; 15 ML<\/strong><\/p>\n<p>Gel excitante desarrollado a base de plantas del Amazonas.<\/p>\n<p>Con f\u00f3rmula brasile\u00f1a, va a provocar m\u00faltiples sensaciones: hormigueo, calentamiento, enfriamiento y otras que descubrir\u00e1 por s\u00ed.<\/p>\n<p>Para \u00e9l y para ella.<\/p>\n<ul>\n<li>Dimensiones embalaje 12,60 x 5,90 x 3 cm<\/li>\n<li>Peso embalaje 47 gram<\/li>\n<li>Dimensiones del producto 9,2 x 2,5 x 2,5 cm<\/li>\n<li>Peso del producto 32,00 gram<\/li>\n<li>Volumen del producto 15 ml<\/li>\n<li>Di\u00e1metro del producto 2,5 cm<\/li>\n<li>Los ingredientes Aqua, Polysorbate 80, Glycerin, Propylene Glycol, Niacinamide, Carbomer, Phenoxyethanol, Butylene Glycol, Mentha Arvensis Leaf Oil, Centella Asiatica Leaf Extract, Aminomethyl Propanol, Disodium Edta, Acmella Oleracea Extract, Ethylhexylglycerin, Limonene, Vanillyl Butyl Ether, Isopentyldiol, Ci 14700, Menthyl Lactate, 2-Aminobutanol<\/li>\n<\/ul>\n","protected":false},"excerpt":{"rendered":"<p>SEXY VIBE! INTENSE ORGASM &#8211; LIQUID VIBRATOR &#8211; 15 ML Gel excitante desarrollado a base de plantas del Amazonas. Con<\/p>\n","protected":false},"featured_media":10267,"comment_status":"open","ping_status":"open","template":"","meta":[],"product_cat":[361],"product_tag":[523],"class_list":["post-10266","product","type-product","status-publish","has-post-thumbnail","hentry","product_cat-geles-estimulantes","product_tag-orgie"],"bundled_by":[],"bundle_stock_status":"instock","bundle_stock_quantity":1,"bundle_virtual":false,"bundle_layout":"","bundle_add_to_cart_form_location":"","bundle_editable_in_cart":false,"bundle_sold_individually_context":"","bundle_item_grouping":"","bundle_min_size":"","bundle_max_size":"","bundled_items":[],"yoast_head":"<!-- This site is optimized with the Yoast SEO plugin v20.6 - https:\/\/yoast.com\/wordpress\/plugins\/seo\/ -->\n<title>SEXY! GEL INTENSIFICA EL ORGASMO - 15 ML - Tienda Er\u00f3tica<\/title>\n<meta name=\"robots\" content=\"noindex, follow, max-snippet:-1, max-image-preview:large, max-video-preview:-1\" \/>\n<meta property=\"og:locale\" content=\"es_ES\" \/>\n<meta property=\"og:type\" content=\"article\" \/>\n<meta property=\"og:title\" content=\"SEXY! GEL INTENSIFICA EL ORGASMO - 15 ML - Tienda Er\u00f3tica\" \/>\n<meta property=\"og:description\" content=\"SEXY VIBE! INTENSE ORGASM &#8211; LIQUID VIBRATOR &#8211; 15 ML Gel excitante desarrollado a base de plantas del Amazonas. Con\" \/>\n<meta property=\"og:url\" content=\"https:\/\/demoweb.info\/sexshop001\/producto\/sexy-gel-intensifica-el-orgasmo-15-ml\/\" \/>\n<meta property=\"og:site_name\" content=\"Tienda Er\u00f3tica\" \/>\n<meta property=\"article:modified_time\" content=\"2022-01-22T08:49:23+00:00\" \/>\n<meta property=\"og:image\" content=\"https:\/\/demoweb.info\/sexshop001\/wp-content\/uploads\/2022\/01\/SEXY-GEL-INTENSIFICA-EL-ORGASMO-15-ML.jpg\" \/>\n\t<meta property=\"og:image:width\" content=\"550\" \/>\n\t<meta property=\"og:image:height\" content=\"550\" \/>\n\t<meta property=\"og:image:type\" content=\"image\/jpeg\" \/>\n<meta name=\"twitter:card\" content=\"summary_large_image\" \/>\n<meta name=\"twitter:label1\" content=\"Tiempo de lectura\" \/>\n\t<meta name=\"twitter:data1\" content=\"1 minuto\" \/>\n<script type=\"application\/ld+json\" class=\"yoast-schema-graph\">{\"@context\":\"https:\/\/schema.org\",\"@graph\":[{\"@type\":\"WebPage\",\"@id\":\"https:\/\/demoweb.info\/sexshop001\/producto\/sexy-gel-intensifica-el-orgasmo-15-ml\/\",\"url\":\"https:\/\/demoweb.info\/sexshop001\/producto\/sexy-gel-intensifica-el-orgasmo-15-ml\/\",\"name\":\"SEXY! GEL INTENSIFICA EL ORGASMO - 15 ML - Tienda Er\u00f3tica\",\"isPartOf\":{\"@id\":\"https:\/\/demoweb.info\/sexshop001\/#website\"},\"datePublished\":\"2022-01-22T08:49:18+00:00\",\"dateModified\":\"2022-01-22T08:49:23+00:00\",\"breadcrumb\":{\"@id\":\"https:\/\/demoweb.info\/sexshop001\/producto\/sexy-gel-intensifica-el-orgasmo-15-ml\/#breadcrumb\"},\"inLanguage\":\"es\",\"potentialAction\":[{\"@type\":\"ReadAction\",\"target\":[\"https:\/\/demoweb.info\/sexshop001\/producto\/sexy-gel-intensifica-el-orgasmo-15-ml\/\"]}]},{\"@type\":\"BreadcrumbList\",\"@id\":\"https:\/\/demoweb.info\/sexshop001\/producto\/sexy-gel-intensifica-el-orgasmo-15-ml\/#breadcrumb\",\"itemListElement\":[{\"@type\":\"ListItem\",\"position\":1,\"name\":\"Portada\",\"item\":\"https:\/\/demoweb.info\/sexshop001\/\"},{\"@type\":\"ListItem\",\"position\":2,\"name\":\"Tienda\",\"item\":\"https:\/\/demoweb.info\/sexshop001\/tienda\/\"},{\"@type\":\"ListItem\",\"position\":3,\"name\":\"SEXY! GEL INTENSIFICA EL ORGASMO &#8211; 15 ML\"}]},{\"@type\":\"WebSite\",\"@id\":\"https:\/\/demoweb.info\/sexshop001\/#website\",\"url\":\"https:\/\/demoweb.info\/sexshop001\/\",\"name\":\"Tienda Er\u00f3tica\",\"description\":\"DEMOWEB SL\",\"potentialAction\":[{\"@type\":\"SearchAction\",\"target\":{\"@type\":\"EntryPoint\",\"urlTemplate\":\"https:\/\/demoweb.info\/sexshop001\/?s={search_term_string}\"},\"query-input\":\"required name=search_term_string\"}],\"inLanguage\":\"es\"}]}<\/script>\n<!-- \/ Yoast SEO plugin. -->","yoast_head_json":{"title":"SEXY! GEL INTENSIFICA EL ORGASMO - 15 ML - Tienda Er\u00f3tica","robots":{"index":"noindex","follow":"follow","max-snippet":"max-snippet:-1","max-image-preview":"max-image-preview:large","max-video-preview":"max-video-preview:-1"},"og_locale":"es_ES","og_type":"article","og_title":"SEXY! GEL INTENSIFICA EL ORGASMO - 15 ML - Tienda Er\u00f3tica","og_description":"SEXY VIBE! INTENSE ORGASM &#8211; LIQUID VIBRATOR &#8211; 15 ML Gel excitante desarrollado a base de plantas del Amazonas. Con","og_url":"https:\/\/demoweb.info\/sexshop001\/producto\/sexy-gel-intensifica-el-orgasmo-15-ml\/","og_site_name":"Tienda Er\u00f3tica","article_modified_time":"2022-01-22T08:49:23+00:00","og_image":[{"width":550,"height":550,"url":"https:\/\/demoweb.info\/sexshop001\/wp-content\/uploads\/2022\/01\/SEXY-GEL-INTENSIFICA-EL-ORGASMO-15-ML.jpg","type":"image\/jpeg"}],"twitter_card":"summary_large_image","twitter_misc":{"Tiempo de lectura":"1 minuto"},"schema":{"@context":"https:\/\/schema.org","@graph":[{"@type":"WebPage","@id":"https:\/\/demoweb.info\/sexshop001\/producto\/sexy-gel-intensifica-el-orgasmo-15-ml\/","url":"https:\/\/demoweb.info\/sexshop001\/producto\/sexy-gel-intensifica-el-orgasmo-15-ml\/","name":"SEXY! GEL INTENSIFICA EL ORGASMO - 15 ML - Tienda Er\u00f3tica","isPartOf":{"@id":"https:\/\/demoweb.info\/sexshop001\/#website"},"datePublished":"2022-01-22T08:49:18+00:00","dateModified":"2022-01-22T08:49:23+00:00","breadcrumb":{"@id":"https:\/\/demoweb.info\/sexshop001\/producto\/sexy-gel-intensifica-el-orgasmo-15-ml\/#breadcrumb"},"inLanguage":"es","potentialAction":[{"@type":"ReadAction","target":["https:\/\/demoweb.info\/sexshop001\/producto\/sexy-gel-intensifica-el-orgasmo-15-ml\/"]}]},{"@type":"BreadcrumbList","@id":"https:\/\/demoweb.info\/sexshop001\/producto\/sexy-gel-intensifica-el-orgasmo-15-ml\/#breadcrumb","itemListElement":[{"@type":"ListItem","position":1,"name":"Portada","item":"https:\/\/demoweb.info\/sexshop001\/"},{"@type":"ListItem","position":2,"name":"Tienda","item":"https:\/\/demoweb.info\/sexshop001\/tienda\/"},{"@type":"ListItem","position":3,"name":"SEXY! GEL INTENSIFICA EL ORGASMO &#8211; 15 ML"}]},{"@type":"WebSite","@id":"https:\/\/demoweb.info\/sexshop001\/#website","url":"https:\/\/demoweb.info\/sexshop001\/","name":"Tienda Er\u00f3tica","description":"DEMOWEB SL","potentialAction":[{"@type":"SearchAction","target":{"@type":"EntryPoint","urlTemplate":"https:\/\/demoweb.info\/sexshop001\/?s={search_term_string}"},"query-input":"required name=search_term_string"}],"inLanguage":"es"}]}},"_links":{"self":[{"href":"https:\/\/demoweb.info\/sexshop001\/wp-json\/wp\/v3\/product\/10266","targetHints":{"allow":["GET"]}}],"collection":[{"href":"https:\/\/demoweb.info\/sexshop001\/wp-json\/wp\/v3\/product"}],"about":[{"href":"https:\/\/demoweb.info\/sexshop001\/wp-json\/wp\/v2\/types\/product"}],"replies":[{"embeddable":true,"href":"https:\/\/demoweb.info\/sexshop001\/wp-json\/wp\/v2\/comments?post=10266"}],"wp:featuredmedia":[{"embeddable":true,"href":"https:\/\/demoweb.info\/sexshop001\/wp-json\/wp\/v2\/media\/10267"}],"wp:attachment":[{"href":"https:\/\/demoweb.info\/sexshop001\/wp-json\/wp\/v2\/media?parent=10266"}],"wp:term":[{"taxonomy":"product_cat","embeddable":true,"href":"https:\/\/demoweb.info\/sexshop001\/wp-json\/wp\/v2\/product_cat?post=10266"},{"taxonomy":"product_tag","embeddable":true,"href":"https:\/\/demoweb.info\/sexshop001\/wp-json\/wp\/v2\/product_tag?post=10266"}],"curies":[{"name":"wp","href":"https:\/\/api.w.org\/{rel}","templated":true}]}}