{"id":10251,"date":"2022-01-22T09:49:18","date_gmt":"2022-01-22T08:49:18","guid":{"rendered":"https:\/\/demoweb.info\/sexshop001\/producto\/crema-blanqueadora-y-estimulante-intimo-50-ml\/"},"modified":"2022-01-22T09:49:18","modified_gmt":"2022-01-22T08:49:18","slug":"crema-blanqueadora-y-estimulante-intimo-50-ml","status":"publish","type":"product","link":"https:\/\/demoweb.info\/sexshop001\/producto\/crema-blanqueadora-y-estimulante-intimo-50-ml\/","title":{"rendered":"CREMA BLANQUEADORA Y ESTIMULANTE \u00cdNTIMO  &#8211; 50 ML"},"content":{"rendered":"<p><strong>INTIMUS WHITE (CREAM) &#8211; 50 ML<\/strong><\/p>\n<p>Con aceites 100% vegetales, principalmente almendras dulces, semillas de uva, aceite de arg\u00e1n y esencias exclusivas, la piel no absorbe f\u00e1cilmente el t\u00e1ntrico, dej\u00e1ndolo hidratado y brillante. Ideal para masajes t\u00e1ntricos y prolongados o simplemente r\u00edndete al efecto sexy de la piel brillante y lisa durante los juegos previos y el sexo.<\/p>\n<ul>\n<li>Volumen del producto 50 ml<\/li>\n<li>Di\u00e1metro del producto 3,2 cm<\/li>\n<\/ul>\n<p>Ingredientes:Aqua (Water), Glycerin, Cetearyl Alcohol, Propylene Glycol, Undecylenoyl Phenylalanine, Ceteareth-20, Ethylhexyl Stearate, Cetyl Palmitate, Vitis Vinifera Seed Oil, Polyacrylamide, Lupinus Albus Seed Extract, Phenoxyethanol, Panthenol, C13-14 Isoparaffin, Laureth-7, Creatine, Tocopheryl Ace-Tate, Bht, Butylene Glycol, Allantoin, Ginkgo Biloba Leaf Extract, Panax Ginseng Root Extract<\/p>\n","protected":false},"excerpt":{"rendered":"<p>INTIMUS WHITE (CREAM) &#8211; 50 ML Con aceites 100% vegetales, principalmente almendras dulces, semillas de uva, aceite de arg\u00e1n y<\/p>\n","protected":false},"featured_media":10252,"comment_status":"open","ping_status":"open","template":"","meta":[],"product_cat":[516],"product_tag":[523],"class_list":["post-10251","product","type-product","status-publish","has-post-thumbnail","hentry","product_cat-linea-bio-aceites-y-lubricantes","product_tag-orgie"],"bundled_by":[],"bundle_stock_status":"instock","bundle_stock_quantity":6,"bundle_virtual":false,"bundle_layout":"","bundle_add_to_cart_form_location":"","bundle_editable_in_cart":false,"bundle_sold_individually_context":"","bundle_item_grouping":"","bundle_min_size":"","bundle_max_size":"","bundled_items":[],"yoast_head":"<!-- This site is optimized with the Yoast SEO plugin v20.6 - https:\/\/yoast.com\/wordpress\/plugins\/seo\/ -->\n<title>CREMA BLANQUEADORA Y ESTIMULANTE \u00cdNTIMO - 50 ML - Tienda Er\u00f3tica<\/title>\n<meta name=\"robots\" content=\"noindex, follow, max-snippet:-1, max-image-preview:large, max-video-preview:-1\" \/>\n<meta property=\"og:locale\" content=\"es_ES\" \/>\n<meta property=\"og:type\" content=\"article\" \/>\n<meta property=\"og:title\" content=\"CREMA BLANQUEADORA Y ESTIMULANTE \u00cdNTIMO - 50 ML - Tienda Er\u00f3tica\" \/>\n<meta property=\"og:description\" content=\"INTIMUS WHITE (CREAM) &#8211; 50 ML Con aceites 100% vegetales, principalmente almendras dulces, semillas de uva, aceite de arg\u00e1n y\" \/>\n<meta property=\"og:url\" content=\"https:\/\/demoweb.info\/sexshop001\/producto\/crema-blanqueadora-y-estimulante-intimo-50-ml\/\" \/>\n<meta property=\"og:site_name\" content=\"Tienda Er\u00f3tica\" \/>\n<meta property=\"og:image\" content=\"https:\/\/demoweb.info\/sexshop001\/wp-content\/uploads\/2022\/01\/CREMA-BLANQUEADORA-Y-ESTIMULANTE-INTIMO-50-ML.jpg\" \/>\n\t<meta property=\"og:image:width\" content=\"550\" \/>\n\t<meta property=\"og:image:height\" content=\"550\" \/>\n\t<meta property=\"og:image:type\" content=\"image\/jpeg\" \/>\n<meta name=\"twitter:card\" content=\"summary_large_image\" \/>\n<meta name=\"twitter:label1\" content=\"Tiempo de lectura\" \/>\n\t<meta name=\"twitter:data1\" content=\"1 minuto\" \/>\n<script type=\"application\/ld+json\" class=\"yoast-schema-graph\">{\"@context\":\"https:\/\/schema.org\",\"@graph\":[{\"@type\":\"WebPage\",\"@id\":\"https:\/\/demoweb.info\/sexshop001\/producto\/crema-blanqueadora-y-estimulante-intimo-50-ml\/\",\"url\":\"https:\/\/demoweb.info\/sexshop001\/producto\/crema-blanqueadora-y-estimulante-intimo-50-ml\/\",\"name\":\"CREMA BLANQUEADORA Y ESTIMULANTE \u00cdNTIMO - 50 ML - Tienda Er\u00f3tica\",\"isPartOf\":{\"@id\":\"https:\/\/demoweb.info\/sexshop001\/#website\"},\"datePublished\":\"2022-01-22T08:49:18+00:00\",\"dateModified\":\"2022-01-22T08:49:18+00:00\",\"breadcrumb\":{\"@id\":\"https:\/\/demoweb.info\/sexshop001\/producto\/crema-blanqueadora-y-estimulante-intimo-50-ml\/#breadcrumb\"},\"inLanguage\":\"es\",\"potentialAction\":[{\"@type\":\"ReadAction\",\"target\":[\"https:\/\/demoweb.info\/sexshop001\/producto\/crema-blanqueadora-y-estimulante-intimo-50-ml\/\"]}]},{\"@type\":\"BreadcrumbList\",\"@id\":\"https:\/\/demoweb.info\/sexshop001\/producto\/crema-blanqueadora-y-estimulante-intimo-50-ml\/#breadcrumb\",\"itemListElement\":[{\"@type\":\"ListItem\",\"position\":1,\"name\":\"Portada\",\"item\":\"https:\/\/demoweb.info\/sexshop001\/\"},{\"@type\":\"ListItem\",\"position\":2,\"name\":\"Tienda\",\"item\":\"https:\/\/demoweb.info\/sexshop001\/tienda\/\"},{\"@type\":\"ListItem\",\"position\":3,\"name\":\"CREMA BLANQUEADORA Y ESTIMULANTE \u00cdNTIMO &#8211; 50 ML\"}]},{\"@type\":\"WebSite\",\"@id\":\"https:\/\/demoweb.info\/sexshop001\/#website\",\"url\":\"https:\/\/demoweb.info\/sexshop001\/\",\"name\":\"Tienda Er\u00f3tica\",\"description\":\"DEMOWEB SL\",\"potentialAction\":[{\"@type\":\"SearchAction\",\"target\":{\"@type\":\"EntryPoint\",\"urlTemplate\":\"https:\/\/demoweb.info\/sexshop001\/?s={search_term_string}\"},\"query-input\":\"required name=search_term_string\"}],\"inLanguage\":\"es\"}]}<\/script>\n<!-- \/ Yoast SEO plugin. -->","yoast_head_json":{"title":"CREMA BLANQUEADORA Y ESTIMULANTE \u00cdNTIMO - 50 ML - Tienda Er\u00f3tica","robots":{"index":"noindex","follow":"follow","max-snippet":"max-snippet:-1","max-image-preview":"max-image-preview:large","max-video-preview":"max-video-preview:-1"},"og_locale":"es_ES","og_type":"article","og_title":"CREMA BLANQUEADORA Y ESTIMULANTE \u00cdNTIMO - 50 ML - Tienda Er\u00f3tica","og_description":"INTIMUS WHITE (CREAM) &#8211; 50 ML Con aceites 100% vegetales, principalmente almendras dulces, semillas de uva, aceite de arg\u00e1n y","og_url":"https:\/\/demoweb.info\/sexshop001\/producto\/crema-blanqueadora-y-estimulante-intimo-50-ml\/","og_site_name":"Tienda Er\u00f3tica","og_image":[{"width":550,"height":550,"url":"https:\/\/demoweb.info\/sexshop001\/wp-content\/uploads\/2022\/01\/CREMA-BLANQUEADORA-Y-ESTIMULANTE-INTIMO-50-ML.jpg","type":"image\/jpeg"}],"twitter_card":"summary_large_image","twitter_misc":{"Tiempo de lectura":"1 minuto"},"schema":{"@context":"https:\/\/schema.org","@graph":[{"@type":"WebPage","@id":"https:\/\/demoweb.info\/sexshop001\/producto\/crema-blanqueadora-y-estimulante-intimo-50-ml\/","url":"https:\/\/demoweb.info\/sexshop001\/producto\/crema-blanqueadora-y-estimulante-intimo-50-ml\/","name":"CREMA BLANQUEADORA Y ESTIMULANTE \u00cdNTIMO - 50 ML - Tienda Er\u00f3tica","isPartOf":{"@id":"https:\/\/demoweb.info\/sexshop001\/#website"},"datePublished":"2022-01-22T08:49:18+00:00","dateModified":"2022-01-22T08:49:18+00:00","breadcrumb":{"@id":"https:\/\/demoweb.info\/sexshop001\/producto\/crema-blanqueadora-y-estimulante-intimo-50-ml\/#breadcrumb"},"inLanguage":"es","potentialAction":[{"@type":"ReadAction","target":["https:\/\/demoweb.info\/sexshop001\/producto\/crema-blanqueadora-y-estimulante-intimo-50-ml\/"]}]},{"@type":"BreadcrumbList","@id":"https:\/\/demoweb.info\/sexshop001\/producto\/crema-blanqueadora-y-estimulante-intimo-50-ml\/#breadcrumb","itemListElement":[{"@type":"ListItem","position":1,"name":"Portada","item":"https:\/\/demoweb.info\/sexshop001\/"},{"@type":"ListItem","position":2,"name":"Tienda","item":"https:\/\/demoweb.info\/sexshop001\/tienda\/"},{"@type":"ListItem","position":3,"name":"CREMA BLANQUEADORA Y ESTIMULANTE \u00cdNTIMO &#8211; 50 ML"}]},{"@type":"WebSite","@id":"https:\/\/demoweb.info\/sexshop001\/#website","url":"https:\/\/demoweb.info\/sexshop001\/","name":"Tienda Er\u00f3tica","description":"DEMOWEB SL","potentialAction":[{"@type":"SearchAction","target":{"@type":"EntryPoint","urlTemplate":"https:\/\/demoweb.info\/sexshop001\/?s={search_term_string}"},"query-input":"required name=search_term_string"}],"inLanguage":"es"}]}},"_links":{"self":[{"href":"https:\/\/demoweb.info\/sexshop001\/wp-json\/wp\/v3\/product\/10251","targetHints":{"allow":["GET"]}}],"collection":[{"href":"https:\/\/demoweb.info\/sexshop001\/wp-json\/wp\/v3\/product"}],"about":[{"href":"https:\/\/demoweb.info\/sexshop001\/wp-json\/wp\/v2\/types\/product"}],"replies":[{"embeddable":true,"href":"https:\/\/demoweb.info\/sexshop001\/wp-json\/wp\/v2\/comments?post=10251"}],"wp:featuredmedia":[{"embeddable":true,"href":"https:\/\/demoweb.info\/sexshop001\/wp-json\/wp\/v2\/media\/10252"}],"wp:attachment":[{"href":"https:\/\/demoweb.info\/sexshop001\/wp-json\/wp\/v2\/media?parent=10251"}],"wp:term":[{"taxonomy":"product_cat","embeddable":true,"href":"https:\/\/demoweb.info\/sexshop001\/wp-json\/wp\/v2\/product_cat?post=10251"},{"taxonomy":"product_tag","embeddable":true,"href":"https:\/\/demoweb.info\/sexshop001\/wp-json\/wp\/v2\/product_tag?post=10251"}],"curies":[{"name":"wp","href":"https:\/\/api.w.org\/{rel}","templated":true}]}}