{"id":10249,"date":"2022-01-22T09:49:06","date_gmt":"2022-01-22T08:49:06","guid":{"rendered":"https:\/\/demoweb.info\/sexshop001\/producto\/lubricante-anal-sentive-100-ml\/"},"modified":"2022-01-22T09:49:15","modified_gmt":"2022-01-22T08:49:15","slug":"lubricante-anal-sentive-100-ml","status":"publish","type":"product","link":"https:\/\/demoweb.info\/sexshop001\/producto\/lubricante-anal-sentive-100-ml\/","title":{"rendered":"LUBRICANTE ANAL SENTIVE &#8211; 100 ML"},"content":{"rendered":"<p><strong>LUBE TUBE ANAL SENSITIVE &#8211; 100 ML<\/strong><\/p>\n<p>Lube Tube Anal Sensitive est\u00e1 especialmente formulado para personas que son m\u00e1s sensibles o principiantes en los placeres anales.<\/p>\n<p>Enriquecido con \u00e1cido hialur\u00f3nico que tonifica e hidrata el ano, haci\u00e9ndolo m\u00e1s el\u00e1stico; Y Centella asi\u00e1tica que trata las posibles fisuras eliminando las molestias despu\u00e9s del sexo.<\/p>\n<p>Inodoro y con lubricaci\u00f3n duradera de grado superior.<\/p>\n<p>Lubricante:<\/p>\n<p>El tubo lubricante no es pegajoso y f\u00e1cil de limpiar y lavar.<\/p>\n<ul>\n<li>Dimensiones del producto 16,3 x 6,2 x 6,2 cm<\/li>\n<li>Peso del producto 117,00 gram<\/li>\n<li>Volumen del producto 100 ml<\/li>\n<li>Los ingredientes Aqua, Glycerin, Propylene Glycol, Hydroxyethylcellulose, Phenoxyethanol, Sorbitol, Butylene Glycol, Disodium Edta, Ethylhexylglycerin, Centella Asiatica Leaf Extract, Disodium Phosphate, Polysorbate 60, Sodium Hyaluronate, Sodium Phosphat<\/li>\n<\/ul>\n","protected":false},"excerpt":{"rendered":"<p>LUBE TUBE ANAL SENSITIVE &#8211; 100 ML Lube Tube Anal Sensitive est\u00e1 especialmente formulado para personas que son m\u00e1s sensibles<\/p>\n","protected":false},"featured_media":10250,"comment_status":"open","ping_status":"open","template":"","meta":[],"product_cat":[265],"product_tag":[523],"class_list":["post-10249","product","type-product","status-publish","has-post-thumbnail","hentry","product_cat-base-agua-lubricantes","product_tag-orgie"],"bundled_by":[],"bundle_stock_status":"outofstock","bundle_stock_quantity":0,"bundle_virtual":false,"bundle_layout":"","bundle_add_to_cart_form_location":"","bundle_editable_in_cart":false,"bundle_sold_individually_context":"","bundle_item_grouping":"","bundle_min_size":"","bundle_max_size":"","bundled_items":[],"yoast_head":"<!-- This site is optimized with the Yoast SEO plugin v20.6 - https:\/\/yoast.com\/wordpress\/plugins\/seo\/ -->\n<title>LUBRICANTE ANAL SENTIVE - 100 ML - Tienda Er\u00f3tica<\/title>\n<meta name=\"robots\" content=\"noindex, follow, max-snippet:-1, max-image-preview:large, max-video-preview:-1\" \/>\n<meta property=\"og:locale\" content=\"es_ES\" \/>\n<meta property=\"og:type\" content=\"article\" \/>\n<meta property=\"og:title\" content=\"LUBRICANTE ANAL SENTIVE - 100 ML - Tienda Er\u00f3tica\" \/>\n<meta property=\"og:description\" content=\"LUBE TUBE ANAL SENSITIVE &#8211; 100 ML Lube Tube Anal Sensitive est\u00e1 especialmente formulado para personas que son m\u00e1s sensibles\" \/>\n<meta property=\"og:url\" content=\"https:\/\/demoweb.info\/sexshop001\/producto\/lubricante-anal-sentive-100-ml\/\" \/>\n<meta property=\"og:site_name\" content=\"Tienda Er\u00f3tica\" \/>\n<meta property=\"article:modified_time\" content=\"2022-01-22T08:49:15+00:00\" \/>\n<meta property=\"og:image\" content=\"https:\/\/demoweb.info\/sexshop001\/wp-content\/uploads\/2022\/01\/LUBRICANTE-ANAL-SENTIVE-100-ML.jpg\" \/>\n\t<meta property=\"og:image:width\" content=\"550\" \/>\n\t<meta property=\"og:image:height\" content=\"550\" \/>\n\t<meta property=\"og:image:type\" content=\"image\/jpeg\" \/>\n<meta name=\"twitter:card\" content=\"summary_large_image\" \/>\n<meta name=\"twitter:label1\" content=\"Tiempo de lectura\" \/>\n\t<meta name=\"twitter:data1\" content=\"1 minuto\" \/>\n<script type=\"application\/ld+json\" class=\"yoast-schema-graph\">{\"@context\":\"https:\/\/schema.org\",\"@graph\":[{\"@type\":\"WebPage\",\"@id\":\"https:\/\/demoweb.info\/sexshop001\/producto\/lubricante-anal-sentive-100-ml\/\",\"url\":\"https:\/\/demoweb.info\/sexshop001\/producto\/lubricante-anal-sentive-100-ml\/\",\"name\":\"LUBRICANTE ANAL SENTIVE - 100 ML - Tienda Er\u00f3tica\",\"isPartOf\":{\"@id\":\"https:\/\/demoweb.info\/sexshop001\/#website\"},\"datePublished\":\"2022-01-22T08:49:06+00:00\",\"dateModified\":\"2022-01-22T08:49:15+00:00\",\"breadcrumb\":{\"@id\":\"https:\/\/demoweb.info\/sexshop001\/producto\/lubricante-anal-sentive-100-ml\/#breadcrumb\"},\"inLanguage\":\"es\",\"potentialAction\":[{\"@type\":\"ReadAction\",\"target\":[\"https:\/\/demoweb.info\/sexshop001\/producto\/lubricante-anal-sentive-100-ml\/\"]}]},{\"@type\":\"BreadcrumbList\",\"@id\":\"https:\/\/demoweb.info\/sexshop001\/producto\/lubricante-anal-sentive-100-ml\/#breadcrumb\",\"itemListElement\":[{\"@type\":\"ListItem\",\"position\":1,\"name\":\"Portada\",\"item\":\"https:\/\/demoweb.info\/sexshop001\/\"},{\"@type\":\"ListItem\",\"position\":2,\"name\":\"Tienda\",\"item\":\"https:\/\/demoweb.info\/sexshop001\/tienda\/\"},{\"@type\":\"ListItem\",\"position\":3,\"name\":\"LUBRICANTE ANAL SENTIVE &#8211; 100 ML\"}]},{\"@type\":\"WebSite\",\"@id\":\"https:\/\/demoweb.info\/sexshop001\/#website\",\"url\":\"https:\/\/demoweb.info\/sexshop001\/\",\"name\":\"Tienda Er\u00f3tica\",\"description\":\"DEMOWEB SL\",\"potentialAction\":[{\"@type\":\"SearchAction\",\"target\":{\"@type\":\"EntryPoint\",\"urlTemplate\":\"https:\/\/demoweb.info\/sexshop001\/?s={search_term_string}\"},\"query-input\":\"required name=search_term_string\"}],\"inLanguage\":\"es\"}]}<\/script>\n<!-- \/ Yoast SEO plugin. -->","yoast_head_json":{"title":"LUBRICANTE ANAL SENTIVE - 100 ML - Tienda Er\u00f3tica","robots":{"index":"noindex","follow":"follow","max-snippet":"max-snippet:-1","max-image-preview":"max-image-preview:large","max-video-preview":"max-video-preview:-1"},"og_locale":"es_ES","og_type":"article","og_title":"LUBRICANTE ANAL SENTIVE - 100 ML - Tienda Er\u00f3tica","og_description":"LUBE TUBE ANAL SENSITIVE &#8211; 100 ML Lube Tube Anal Sensitive est\u00e1 especialmente formulado para personas que son m\u00e1s sensibles","og_url":"https:\/\/demoweb.info\/sexshop001\/producto\/lubricante-anal-sentive-100-ml\/","og_site_name":"Tienda Er\u00f3tica","article_modified_time":"2022-01-22T08:49:15+00:00","og_image":[{"width":550,"height":550,"url":"https:\/\/demoweb.info\/sexshop001\/wp-content\/uploads\/2022\/01\/LUBRICANTE-ANAL-SENTIVE-100-ML.jpg","type":"image\/jpeg"}],"twitter_card":"summary_large_image","twitter_misc":{"Tiempo de lectura":"1 minuto"},"schema":{"@context":"https:\/\/schema.org","@graph":[{"@type":"WebPage","@id":"https:\/\/demoweb.info\/sexshop001\/producto\/lubricante-anal-sentive-100-ml\/","url":"https:\/\/demoweb.info\/sexshop001\/producto\/lubricante-anal-sentive-100-ml\/","name":"LUBRICANTE ANAL SENTIVE - 100 ML - Tienda Er\u00f3tica","isPartOf":{"@id":"https:\/\/demoweb.info\/sexshop001\/#website"},"datePublished":"2022-01-22T08:49:06+00:00","dateModified":"2022-01-22T08:49:15+00:00","breadcrumb":{"@id":"https:\/\/demoweb.info\/sexshop001\/producto\/lubricante-anal-sentive-100-ml\/#breadcrumb"},"inLanguage":"es","potentialAction":[{"@type":"ReadAction","target":["https:\/\/demoweb.info\/sexshop001\/producto\/lubricante-anal-sentive-100-ml\/"]}]},{"@type":"BreadcrumbList","@id":"https:\/\/demoweb.info\/sexshop001\/producto\/lubricante-anal-sentive-100-ml\/#breadcrumb","itemListElement":[{"@type":"ListItem","position":1,"name":"Portada","item":"https:\/\/demoweb.info\/sexshop001\/"},{"@type":"ListItem","position":2,"name":"Tienda","item":"https:\/\/demoweb.info\/sexshop001\/tienda\/"},{"@type":"ListItem","position":3,"name":"LUBRICANTE ANAL SENTIVE &#8211; 100 ML"}]},{"@type":"WebSite","@id":"https:\/\/demoweb.info\/sexshop001\/#website","url":"https:\/\/demoweb.info\/sexshop001\/","name":"Tienda Er\u00f3tica","description":"DEMOWEB SL","potentialAction":[{"@type":"SearchAction","target":{"@type":"EntryPoint","urlTemplate":"https:\/\/demoweb.info\/sexshop001\/?s={search_term_string}"},"query-input":"required name=search_term_string"}],"inLanguage":"es"}]}},"_links":{"self":[{"href":"https:\/\/demoweb.info\/sexshop001\/wp-json\/wp\/v3\/product\/10249","targetHints":{"allow":["GET"]}}],"collection":[{"href":"https:\/\/demoweb.info\/sexshop001\/wp-json\/wp\/v3\/product"}],"about":[{"href":"https:\/\/demoweb.info\/sexshop001\/wp-json\/wp\/v2\/types\/product"}],"replies":[{"embeddable":true,"href":"https:\/\/demoweb.info\/sexshop001\/wp-json\/wp\/v2\/comments?post=10249"}],"wp:featuredmedia":[{"embeddable":true,"href":"https:\/\/demoweb.info\/sexshop001\/wp-json\/wp\/v2\/media\/10250"}],"wp:attachment":[{"href":"https:\/\/demoweb.info\/sexshop001\/wp-json\/wp\/v2\/media?parent=10249"}],"wp:term":[{"taxonomy":"product_cat","embeddable":true,"href":"https:\/\/demoweb.info\/sexshop001\/wp-json\/wp\/v2\/product_cat?post=10249"},{"taxonomy":"product_tag","embeddable":true,"href":"https:\/\/demoweb.info\/sexshop001\/wp-json\/wp\/v2\/product_tag?post=10249"}],"curies":[{"name":"wp","href":"https:\/\/api.w.org\/{rel}","templated":true}]}}