{"id":10186,"date":"2022-01-22T09:48:35","date_gmt":"2022-01-22T08:48:35","guid":{"rendered":"https:\/\/demoweb.info\/sexshop001\/producto\/pdx-male-pene-realistico-con-testiculos\/"},"modified":"2022-01-22T09:48:51","modified_gmt":"2022-01-22T08:48:51","slug":"pdx-male-pene-realistico-con-testiculos","status":"publish","type":"product","link":"https:\/\/demoweb.info\/sexshop001\/producto\/pdx-male-pene-realistico-con-testiculos\/","title":{"rendered":"PDX MALE &#8211; PENE REALISTICO CON TESTICULOS"},"content":{"rendered":"<p><strong>PDX MALE REACH AROUND STROKER<\/strong><\/p>\n<p>Ofrece incre\u00edbles combinaciones de placer y un pene realista.<\/p>\n<p>Creado con material de carne Fanta Flesh ultra suave, el t\u00fanel interior rodea su eje con una intensa estimulaci\u00f3n texturizada, el exterior del martillo veteado real permite un agarre seguro y una compresi\u00f3n f\u00e1cil.<\/p>\n<p>\u00a1comp\u00f3rtate con una sesi\u00f3n de jack-off beat o explora la penetraci\u00f3n del juego de pareja con este vers\u00e1til stroker!<br \/>\ncaracteristicas:<\/p>\n<p>\n&#8211; Stroker con textura anal profunda<br \/>\n&#8211; test\u00edculos realistas<br \/>\n&#8211; pene realista<\/p>\n","protected":false},"excerpt":{"rendered":"<p>PDX MALE REACH AROUND STROKER Ofrece incre\u00edbles combinaciones de placer y un pene realista. Creado con material de carne Fanta<\/p>\n","protected":false},"featured_media":10187,"comment_status":"open","ping_status":"open","template":"","meta":[],"product_cat":[386],"product_tag":[521,259],"class_list":["post-10186","product","type-product","status-publish","has-post-thumbnail","hentry","product_cat-realisticos","product_tag-pdx-elite","product_tag-pipedream"],"bundled_by":[],"bundle_stock_status":"instock","bundle_stock_quantity":1,"bundle_virtual":false,"bundle_layout":"","bundle_add_to_cart_form_location":"","bundle_editable_in_cart":false,"bundle_sold_individually_context":"","bundle_item_grouping":"","bundle_min_size":"","bundle_max_size":"","bundled_items":[],"yoast_head":"<!-- This site is optimized with the Yoast SEO plugin v20.6 - https:\/\/yoast.com\/wordpress\/plugins\/seo\/ -->\n<title>PDX MALE - PENE REALISTICO CON TESTICULOS - Tienda Er\u00f3tica<\/title>\n<meta name=\"robots\" content=\"noindex, follow, max-snippet:-1, max-image-preview:large, max-video-preview:-1\" \/>\n<meta property=\"og:locale\" content=\"es_ES\" \/>\n<meta property=\"og:type\" content=\"article\" \/>\n<meta property=\"og:title\" content=\"PDX MALE - PENE REALISTICO CON TESTICULOS - Tienda Er\u00f3tica\" \/>\n<meta property=\"og:description\" content=\"PDX MALE REACH AROUND STROKER Ofrece incre\u00edbles combinaciones de placer y un pene realista. Creado con material de carne Fanta\" \/>\n<meta property=\"og:url\" content=\"https:\/\/demoweb.info\/sexshop001\/producto\/pdx-male-pene-realistico-con-testiculos\/\" \/>\n<meta property=\"og:site_name\" content=\"Tienda Er\u00f3tica\" \/>\n<meta property=\"article:modified_time\" content=\"2022-01-22T08:48:51+00:00\" \/>\n<meta property=\"og:image\" content=\"https:\/\/demoweb.info\/sexshop001\/wp-content\/uploads\/2022\/01\/PDX-MALE-PENE-REALISTICO-CON-TESTICULOS.jpg\" \/>\n\t<meta property=\"og:image:width\" content=\"550\" \/>\n\t<meta property=\"og:image:height\" content=\"550\" \/>\n\t<meta property=\"og:image:type\" content=\"image\/jpeg\" \/>\n<meta name=\"twitter:card\" content=\"summary_large_image\" \/>\n<script type=\"application\/ld+json\" class=\"yoast-schema-graph\">{\"@context\":\"https:\/\/schema.org\",\"@graph\":[{\"@type\":\"WebPage\",\"@id\":\"https:\/\/demoweb.info\/sexshop001\/producto\/pdx-male-pene-realistico-con-testiculos\/\",\"url\":\"https:\/\/demoweb.info\/sexshop001\/producto\/pdx-male-pene-realistico-con-testiculos\/\",\"name\":\"PDX MALE - PENE REALISTICO CON TESTICULOS - Tienda Er\u00f3tica\",\"isPartOf\":{\"@id\":\"https:\/\/demoweb.info\/sexshop001\/#website\"},\"datePublished\":\"2022-01-22T08:48:35+00:00\",\"dateModified\":\"2022-01-22T08:48:51+00:00\",\"breadcrumb\":{\"@id\":\"https:\/\/demoweb.info\/sexshop001\/producto\/pdx-male-pene-realistico-con-testiculos\/#breadcrumb\"},\"inLanguage\":\"es\",\"potentialAction\":[{\"@type\":\"ReadAction\",\"target\":[\"https:\/\/demoweb.info\/sexshop001\/producto\/pdx-male-pene-realistico-con-testiculos\/\"]}]},{\"@type\":\"BreadcrumbList\",\"@id\":\"https:\/\/demoweb.info\/sexshop001\/producto\/pdx-male-pene-realistico-con-testiculos\/#breadcrumb\",\"itemListElement\":[{\"@type\":\"ListItem\",\"position\":1,\"name\":\"Portada\",\"item\":\"https:\/\/demoweb.info\/sexshop001\/\"},{\"@type\":\"ListItem\",\"position\":2,\"name\":\"Tienda\",\"item\":\"https:\/\/demoweb.info\/sexshop001\/tienda\/\"},{\"@type\":\"ListItem\",\"position\":3,\"name\":\"PDX MALE &#8211; PENE REALISTICO CON TESTICULOS\"}]},{\"@type\":\"WebSite\",\"@id\":\"https:\/\/demoweb.info\/sexshop001\/#website\",\"url\":\"https:\/\/demoweb.info\/sexshop001\/\",\"name\":\"Tienda Er\u00f3tica\",\"description\":\"DEMOWEB SL\",\"potentialAction\":[{\"@type\":\"SearchAction\",\"target\":{\"@type\":\"EntryPoint\",\"urlTemplate\":\"https:\/\/demoweb.info\/sexshop001\/?s={search_term_string}\"},\"query-input\":\"required name=search_term_string\"}],\"inLanguage\":\"es\"}]}<\/script>\n<!-- \/ Yoast SEO plugin. -->","yoast_head_json":{"title":"PDX MALE - PENE REALISTICO CON TESTICULOS - Tienda Er\u00f3tica","robots":{"index":"noindex","follow":"follow","max-snippet":"max-snippet:-1","max-image-preview":"max-image-preview:large","max-video-preview":"max-video-preview:-1"},"og_locale":"es_ES","og_type":"article","og_title":"PDX MALE - PENE REALISTICO CON TESTICULOS - Tienda Er\u00f3tica","og_description":"PDX MALE REACH AROUND STROKER Ofrece incre\u00edbles combinaciones de placer y un pene realista. Creado con material de carne Fanta","og_url":"https:\/\/demoweb.info\/sexshop001\/producto\/pdx-male-pene-realistico-con-testiculos\/","og_site_name":"Tienda Er\u00f3tica","article_modified_time":"2022-01-22T08:48:51+00:00","og_image":[{"width":550,"height":550,"url":"https:\/\/demoweb.info\/sexshop001\/wp-content\/uploads\/2022\/01\/PDX-MALE-PENE-REALISTICO-CON-TESTICULOS.jpg","type":"image\/jpeg"}],"twitter_card":"summary_large_image","schema":{"@context":"https:\/\/schema.org","@graph":[{"@type":"WebPage","@id":"https:\/\/demoweb.info\/sexshop001\/producto\/pdx-male-pene-realistico-con-testiculos\/","url":"https:\/\/demoweb.info\/sexshop001\/producto\/pdx-male-pene-realistico-con-testiculos\/","name":"PDX MALE - PENE REALISTICO CON TESTICULOS - Tienda Er\u00f3tica","isPartOf":{"@id":"https:\/\/demoweb.info\/sexshop001\/#website"},"datePublished":"2022-01-22T08:48:35+00:00","dateModified":"2022-01-22T08:48:51+00:00","breadcrumb":{"@id":"https:\/\/demoweb.info\/sexshop001\/producto\/pdx-male-pene-realistico-con-testiculos\/#breadcrumb"},"inLanguage":"es","potentialAction":[{"@type":"ReadAction","target":["https:\/\/demoweb.info\/sexshop001\/producto\/pdx-male-pene-realistico-con-testiculos\/"]}]},{"@type":"BreadcrumbList","@id":"https:\/\/demoweb.info\/sexshop001\/producto\/pdx-male-pene-realistico-con-testiculos\/#breadcrumb","itemListElement":[{"@type":"ListItem","position":1,"name":"Portada","item":"https:\/\/demoweb.info\/sexshop001\/"},{"@type":"ListItem","position":2,"name":"Tienda","item":"https:\/\/demoweb.info\/sexshop001\/tienda\/"},{"@type":"ListItem","position":3,"name":"PDX MALE &#8211; PENE REALISTICO CON TESTICULOS"}]},{"@type":"WebSite","@id":"https:\/\/demoweb.info\/sexshop001\/#website","url":"https:\/\/demoweb.info\/sexshop001\/","name":"Tienda Er\u00f3tica","description":"DEMOWEB SL","potentialAction":[{"@type":"SearchAction","target":{"@type":"EntryPoint","urlTemplate":"https:\/\/demoweb.info\/sexshop001\/?s={search_term_string}"},"query-input":"required name=search_term_string"}],"inLanguage":"es"}]}},"_links":{"self":[{"href":"https:\/\/demoweb.info\/sexshop001\/wp-json\/wp\/v3\/product\/10186","targetHints":{"allow":["GET"]}}],"collection":[{"href":"https:\/\/demoweb.info\/sexshop001\/wp-json\/wp\/v3\/product"}],"about":[{"href":"https:\/\/demoweb.info\/sexshop001\/wp-json\/wp\/v2\/types\/product"}],"replies":[{"embeddable":true,"href":"https:\/\/demoweb.info\/sexshop001\/wp-json\/wp\/v2\/comments?post=10186"}],"wp:featuredmedia":[{"embeddable":true,"href":"https:\/\/demoweb.info\/sexshop001\/wp-json\/wp\/v2\/media\/10187"}],"wp:attachment":[{"href":"https:\/\/demoweb.info\/sexshop001\/wp-json\/wp\/v2\/media?parent=10186"}],"wp:term":[{"taxonomy":"product_cat","embeddable":true,"href":"https:\/\/demoweb.info\/sexshop001\/wp-json\/wp\/v2\/product_cat?post=10186"},{"taxonomy":"product_tag","embeddable":true,"href":"https:\/\/demoweb.info\/sexshop001\/wp-json\/wp\/v2\/product_tag?post=10186"}],"curies":[{"name":"wp","href":"https:\/\/api.w.org\/{rel}","templated":true}]}}