{"id":10175,"date":"2022-01-22T09:48:35","date_gmt":"2022-01-22T08:48:35","guid":{"rendered":"https:\/\/demoweb.info\/sexshop001\/producto\/clasico-dual-vibracion-ball-teaser\/"},"modified":"2022-01-22T09:48:47","modified_gmt":"2022-01-22T08:48:47","slug":"clasico-dual-vibracion-ball-teaser","status":"publish","type":"product","link":"https:\/\/demoweb.info\/sexshop001\/producto\/clasico-dual-vibracion-ball-teaser\/","title":{"rendered":"CLASICO DUAL VIBRACION BALL TEASER"},"content":{"rendered":"<p><strong>CLASSIX DUAL VIBRATING BALL TEASER (BLACK\/SMOKE)<\/strong><\/p>\n<p>\u00a1Duplica el placer, duplica la diversi\u00f3n, dos balas vibrantes siempre son mejores que una!<\/p>\n<p>Disfruta de dos balas vibrantes que se deslizan dentro de una funda de bola que se estira c\u00f3modamente para rodear tus test\u00edculos para disfrutar al m\u00e1ximo.<\/p>\n<p>\u00a1Las vibraciones de alta intensidad har\u00e1n cosquillas y provocar\u00e1n y pueden hacer que su pene se sienta como un vibrador!<\/p>\n<ul>\n<li>Dimensiones embalaje    20,90 x 10,60 x 4,30 cm<\/li>\n<li>Peso embalaje    140 gram<\/li>\n<li>Dimensiones del producto    7,6 x 8,4 x 3,1 cm<\/li>\n<li>Peso del producto    103,00 gram<\/li>\n<li>Di\u00e1metro del producto    3,1 cm<\/li>\n<li>Longitud insertable    5,5 cm<\/li>\n<li>Cantidad de motores    2<\/li>\n<li>Velocidad m\u00faltiple    S\u00ed<\/li>\n<li>Se requieren bater\u00edas    2<\/li>\n<li>Tipo de bater\u00edas    AA<\/li>\n<li>Bater\u00edas incluidas    No<\/li>\n<li>Materiales    ABS Plastic, TPE\n\t <\/li>\n<\/ul>\n","protected":false},"excerpt":{"rendered":"<p>CLASSIX DUAL VIBRATING BALL TEASER (BLACK\/SMOKE) \u00a1Duplica el placer, duplica la diversi\u00f3n, dos balas vibrantes siempre son mejores que una!<\/p>\n","protected":false},"featured_media":10176,"comment_status":"open","ping_status":"open","template":"","meta":[],"product_cat":[322],"product_tag":[259],"class_list":["post-10175","product","type-product","status-publish","has-post-thumbnail","hentry","product_cat-con-mando","product_tag-pipedream"],"bundled_by":[],"bundle_stock_status":"instock","bundle_stock_quantity":5,"bundle_virtual":false,"bundle_layout":"","bundle_add_to_cart_form_location":"","bundle_editable_in_cart":false,"bundle_sold_individually_context":"","bundle_item_grouping":"","bundle_min_size":"","bundle_max_size":"","bundled_items":[],"yoast_head":"<!-- This site is optimized with the Yoast SEO plugin v20.6 - https:\/\/yoast.com\/wordpress\/plugins\/seo\/ -->\n<title>CLASICO DUAL VIBRACION BALL TEASER - Tienda Er\u00f3tica<\/title>\n<meta name=\"robots\" content=\"noindex, follow, max-snippet:-1, max-image-preview:large, max-video-preview:-1\" \/>\n<meta property=\"og:locale\" content=\"es_ES\" \/>\n<meta property=\"og:type\" content=\"article\" \/>\n<meta property=\"og:title\" content=\"CLASICO DUAL VIBRACION BALL TEASER - Tienda Er\u00f3tica\" \/>\n<meta property=\"og:description\" content=\"CLASSIX DUAL VIBRATING BALL TEASER (BLACK\/SMOKE) \u00a1Duplica el placer, duplica la diversi\u00f3n, dos balas vibrantes siempre son mejores que una!\" \/>\n<meta property=\"og:url\" content=\"https:\/\/demoweb.info\/sexshop001\/producto\/clasico-dual-vibracion-ball-teaser\/\" \/>\n<meta property=\"og:site_name\" content=\"Tienda Er\u00f3tica\" \/>\n<meta property=\"article:modified_time\" content=\"2022-01-22T08:48:47+00:00\" \/>\n<meta property=\"og:image\" content=\"https:\/\/demoweb.info\/sexshop001\/wp-content\/uploads\/2022\/01\/CLASICO-DUAL-VIBRACION-BALL-TEASER.jpg\" \/>\n\t<meta property=\"og:image:width\" content=\"550\" \/>\n\t<meta property=\"og:image:height\" content=\"550\" \/>\n\t<meta property=\"og:image:type\" content=\"image\/jpeg\" \/>\n<meta name=\"twitter:card\" content=\"summary_large_image\" \/>\n<meta name=\"twitter:label1\" content=\"Tiempo de lectura\" \/>\n\t<meta name=\"twitter:data1\" content=\"1 minuto\" \/>\n<script type=\"application\/ld+json\" class=\"yoast-schema-graph\">{\"@context\":\"https:\/\/schema.org\",\"@graph\":[{\"@type\":\"WebPage\",\"@id\":\"https:\/\/demoweb.info\/sexshop001\/producto\/clasico-dual-vibracion-ball-teaser\/\",\"url\":\"https:\/\/demoweb.info\/sexshop001\/producto\/clasico-dual-vibracion-ball-teaser\/\",\"name\":\"CLASICO DUAL VIBRACION BALL TEASER - Tienda Er\u00f3tica\",\"isPartOf\":{\"@id\":\"https:\/\/demoweb.info\/sexshop001\/#website\"},\"datePublished\":\"2022-01-22T08:48:35+00:00\",\"dateModified\":\"2022-01-22T08:48:47+00:00\",\"breadcrumb\":{\"@id\":\"https:\/\/demoweb.info\/sexshop001\/producto\/clasico-dual-vibracion-ball-teaser\/#breadcrumb\"},\"inLanguage\":\"es\",\"potentialAction\":[{\"@type\":\"ReadAction\",\"target\":[\"https:\/\/demoweb.info\/sexshop001\/producto\/clasico-dual-vibracion-ball-teaser\/\"]}]},{\"@type\":\"BreadcrumbList\",\"@id\":\"https:\/\/demoweb.info\/sexshop001\/producto\/clasico-dual-vibracion-ball-teaser\/#breadcrumb\",\"itemListElement\":[{\"@type\":\"ListItem\",\"position\":1,\"name\":\"Portada\",\"item\":\"https:\/\/demoweb.info\/sexshop001\/\"},{\"@type\":\"ListItem\",\"position\":2,\"name\":\"Tienda\",\"item\":\"https:\/\/demoweb.info\/sexshop001\/tienda\/\"},{\"@type\":\"ListItem\",\"position\":3,\"name\":\"CLASICO DUAL VIBRACION BALL TEASER\"}]},{\"@type\":\"WebSite\",\"@id\":\"https:\/\/demoweb.info\/sexshop001\/#website\",\"url\":\"https:\/\/demoweb.info\/sexshop001\/\",\"name\":\"Tienda Er\u00f3tica\",\"description\":\"DEMOWEB SL\",\"potentialAction\":[{\"@type\":\"SearchAction\",\"target\":{\"@type\":\"EntryPoint\",\"urlTemplate\":\"https:\/\/demoweb.info\/sexshop001\/?s={search_term_string}\"},\"query-input\":\"required name=search_term_string\"}],\"inLanguage\":\"es\"}]}<\/script>\n<!-- \/ Yoast SEO plugin. -->","yoast_head_json":{"title":"CLASICO DUAL VIBRACION BALL TEASER - Tienda Er\u00f3tica","robots":{"index":"noindex","follow":"follow","max-snippet":"max-snippet:-1","max-image-preview":"max-image-preview:large","max-video-preview":"max-video-preview:-1"},"og_locale":"es_ES","og_type":"article","og_title":"CLASICO DUAL VIBRACION BALL TEASER - Tienda Er\u00f3tica","og_description":"CLASSIX DUAL VIBRATING BALL TEASER (BLACK\/SMOKE) \u00a1Duplica el placer, duplica la diversi\u00f3n, dos balas vibrantes siempre son mejores que una!","og_url":"https:\/\/demoweb.info\/sexshop001\/producto\/clasico-dual-vibracion-ball-teaser\/","og_site_name":"Tienda Er\u00f3tica","article_modified_time":"2022-01-22T08:48:47+00:00","og_image":[{"width":550,"height":550,"url":"https:\/\/demoweb.info\/sexshop001\/wp-content\/uploads\/2022\/01\/CLASICO-DUAL-VIBRACION-BALL-TEASER.jpg","type":"image\/jpeg"}],"twitter_card":"summary_large_image","twitter_misc":{"Tiempo de lectura":"1 minuto"},"schema":{"@context":"https:\/\/schema.org","@graph":[{"@type":"WebPage","@id":"https:\/\/demoweb.info\/sexshop001\/producto\/clasico-dual-vibracion-ball-teaser\/","url":"https:\/\/demoweb.info\/sexshop001\/producto\/clasico-dual-vibracion-ball-teaser\/","name":"CLASICO DUAL VIBRACION BALL TEASER - Tienda Er\u00f3tica","isPartOf":{"@id":"https:\/\/demoweb.info\/sexshop001\/#website"},"datePublished":"2022-01-22T08:48:35+00:00","dateModified":"2022-01-22T08:48:47+00:00","breadcrumb":{"@id":"https:\/\/demoweb.info\/sexshop001\/producto\/clasico-dual-vibracion-ball-teaser\/#breadcrumb"},"inLanguage":"es","potentialAction":[{"@type":"ReadAction","target":["https:\/\/demoweb.info\/sexshop001\/producto\/clasico-dual-vibracion-ball-teaser\/"]}]},{"@type":"BreadcrumbList","@id":"https:\/\/demoweb.info\/sexshop001\/producto\/clasico-dual-vibracion-ball-teaser\/#breadcrumb","itemListElement":[{"@type":"ListItem","position":1,"name":"Portada","item":"https:\/\/demoweb.info\/sexshop001\/"},{"@type":"ListItem","position":2,"name":"Tienda","item":"https:\/\/demoweb.info\/sexshop001\/tienda\/"},{"@type":"ListItem","position":3,"name":"CLASICO DUAL VIBRACION BALL TEASER"}]},{"@type":"WebSite","@id":"https:\/\/demoweb.info\/sexshop001\/#website","url":"https:\/\/demoweb.info\/sexshop001\/","name":"Tienda Er\u00f3tica","description":"DEMOWEB SL","potentialAction":[{"@type":"SearchAction","target":{"@type":"EntryPoint","urlTemplate":"https:\/\/demoweb.info\/sexshop001\/?s={search_term_string}"},"query-input":"required name=search_term_string"}],"inLanguage":"es"}]}},"_links":{"self":[{"href":"https:\/\/demoweb.info\/sexshop001\/wp-json\/wp\/v3\/product\/10175","targetHints":{"allow":["GET"]}}],"collection":[{"href":"https:\/\/demoweb.info\/sexshop001\/wp-json\/wp\/v3\/product"}],"about":[{"href":"https:\/\/demoweb.info\/sexshop001\/wp-json\/wp\/v2\/types\/product"}],"replies":[{"embeddable":true,"href":"https:\/\/demoweb.info\/sexshop001\/wp-json\/wp\/v2\/comments?post=10175"}],"wp:featuredmedia":[{"embeddable":true,"href":"https:\/\/demoweb.info\/sexshop001\/wp-json\/wp\/v2\/media\/10176"}],"wp:attachment":[{"href":"https:\/\/demoweb.info\/sexshop001\/wp-json\/wp\/v2\/media?parent=10175"}],"wp:term":[{"taxonomy":"product_cat","embeddable":true,"href":"https:\/\/demoweb.info\/sexshop001\/wp-json\/wp\/v2\/product_cat?post=10175"},{"taxonomy":"product_tag","embeddable":true,"href":"https:\/\/demoweb.info\/sexshop001\/wp-json\/wp\/v2\/product_tag?post=10175"}],"curies":[{"name":"wp","href":"https:\/\/api.w.org\/{rel}","templated":true}]}}