{"id":10156,"date":"2022-01-22T09:48:35","date_gmt":"2022-01-22T08:48:35","guid":{"rendered":"https:\/\/demoweb.info\/sexshop001\/producto\/silhouette-kit-rabbit-bala\/"},"modified":"2022-01-22T09:48:39","modified_gmt":"2022-01-22T08:48:39","slug":"silhouette-kit-rabbit-bala","status":"publish","type":"product","link":"https:\/\/demoweb.info\/sexshop001\/producto\/silhouette-kit-rabbit-bala\/","title":{"rendered":"SILHOUETTE &#8211; KIT RABBIT BALA"},"content":{"rendered":"<p><strong>SILHOUETTE &#8211; DARK DESIRES KIT<\/strong><\/p>\n<p>Rascal Rabbit; Encantador y atrevido, esta hermosa y peque\u00f1a travesura pronto te har\u00e1 saltar de conejo con puro placer.<br \/>\nPleasure Me; Elegante y elegante, este ambiente sublime lo hace perfecto para tus primeros momentos m\u00e1s \u00edntimos e irresistibles.<br \/>\nTease puro \u00e9xtasis son tuyos para tener con esta poderosa bala de placer.<\/p>\n<p><strong>Bala<\/strong><\/p>\n<ul>\n<li>Peso: 25 gramos.<\/li>\n<li>Dimensiones: 8 x 1,6 x 1,6 cm.<\/li>\n<li>Di\u00e1metro: 1,6 cm.<\/li>\n<li>Longitud insertable: 6,5 cm<\/li>\n<\/ul>\n<p><strong>Conejo<\/strong><\/p>\n<ul>\n<li>Peso: 51 gramos<\/li>\n<li>Dimensiones: 11 x 4,5 x 2,6 cm.<\/li>\n<\/ul>\n<p><strong>Manga<\/strong><\/p>\n<ul>\n<li>Peso: 24 gramos.<\/li>\n<li>Dimensiones: 10 x 2,2 x 2,2 cm.<\/li>\n<\/ul>\n","protected":false},"excerpt":{"rendered":"<p>SILHOUETTE &#8211; DARK DESIRES KIT Rascal Rabbit; Encantador y atrevido, esta hermosa y peque\u00f1a travesura pronto te har\u00e1 saltar de<\/p>\n","protected":false},"featured_media":10157,"comment_status":"open","ping_status":"open","template":"","meta":[],"product_cat":[478],"product_tag":[413],"class_list":["post-10156","product","type-product","status-publish","has-post-thumbnail","hentry","product_cat-kits-vibradores-juguetes-xxx","product_tag-rocks-off"],"bundled_by":[],"bundle_stock_status":"instock","bundle_stock_quantity":2,"bundle_virtual":false,"bundle_layout":"","bundle_add_to_cart_form_location":"","bundle_editable_in_cart":false,"bundle_sold_individually_context":"","bundle_item_grouping":"","bundle_min_size":"","bundle_max_size":"","bundled_items":[],"yoast_head":"<!-- This site is optimized with the Yoast SEO plugin v20.6 - https:\/\/yoast.com\/wordpress\/plugins\/seo\/ -->\n<title>SILHOUETTE - KIT RABBIT BALA - Tienda Er\u00f3tica<\/title>\n<meta name=\"robots\" content=\"noindex, follow, max-snippet:-1, max-image-preview:large, max-video-preview:-1\" \/>\n<meta property=\"og:locale\" content=\"es_ES\" \/>\n<meta property=\"og:type\" content=\"article\" \/>\n<meta property=\"og:title\" content=\"SILHOUETTE - KIT RABBIT BALA - Tienda Er\u00f3tica\" \/>\n<meta property=\"og:description\" content=\"SILHOUETTE &#8211; DARK DESIRES KIT Rascal Rabbit; Encantador y atrevido, esta hermosa y peque\u00f1a travesura pronto te har\u00e1 saltar de\" \/>\n<meta property=\"og:url\" content=\"https:\/\/demoweb.info\/sexshop001\/producto\/silhouette-kit-rabbit-bala\/\" \/>\n<meta property=\"og:site_name\" content=\"Tienda Er\u00f3tica\" \/>\n<meta property=\"article:modified_time\" content=\"2022-01-22T08:48:39+00:00\" \/>\n<meta property=\"og:image\" content=\"https:\/\/demoweb.info\/sexshop001\/wp-content\/uploads\/2022\/01\/SILHOUETTE-KIT-RABBIT-BALA.jpg\" \/>\n\t<meta property=\"og:image:width\" content=\"550\" \/>\n\t<meta property=\"og:image:height\" content=\"550\" \/>\n\t<meta property=\"og:image:type\" content=\"image\/jpeg\" \/>\n<meta name=\"twitter:card\" content=\"summary_large_image\" \/>\n<script type=\"application\/ld+json\" class=\"yoast-schema-graph\">{\"@context\":\"https:\/\/schema.org\",\"@graph\":[{\"@type\":\"WebPage\",\"@id\":\"https:\/\/demoweb.info\/sexshop001\/producto\/silhouette-kit-rabbit-bala\/\",\"url\":\"https:\/\/demoweb.info\/sexshop001\/producto\/silhouette-kit-rabbit-bala\/\",\"name\":\"SILHOUETTE - KIT RABBIT BALA - Tienda Er\u00f3tica\",\"isPartOf\":{\"@id\":\"https:\/\/demoweb.info\/sexshop001\/#website\"},\"datePublished\":\"2022-01-22T08:48:35+00:00\",\"dateModified\":\"2022-01-22T08:48:39+00:00\",\"breadcrumb\":{\"@id\":\"https:\/\/demoweb.info\/sexshop001\/producto\/silhouette-kit-rabbit-bala\/#breadcrumb\"},\"inLanguage\":\"es\",\"potentialAction\":[{\"@type\":\"ReadAction\",\"target\":[\"https:\/\/demoweb.info\/sexshop001\/producto\/silhouette-kit-rabbit-bala\/\"]}]},{\"@type\":\"BreadcrumbList\",\"@id\":\"https:\/\/demoweb.info\/sexshop001\/producto\/silhouette-kit-rabbit-bala\/#breadcrumb\",\"itemListElement\":[{\"@type\":\"ListItem\",\"position\":1,\"name\":\"Portada\",\"item\":\"https:\/\/demoweb.info\/sexshop001\/\"},{\"@type\":\"ListItem\",\"position\":2,\"name\":\"Tienda\",\"item\":\"https:\/\/demoweb.info\/sexshop001\/tienda\/\"},{\"@type\":\"ListItem\",\"position\":3,\"name\":\"SILHOUETTE &#8211; KIT RABBIT BALA\"}]},{\"@type\":\"WebSite\",\"@id\":\"https:\/\/demoweb.info\/sexshop001\/#website\",\"url\":\"https:\/\/demoweb.info\/sexshop001\/\",\"name\":\"Tienda Er\u00f3tica\",\"description\":\"DEMOWEB SL\",\"potentialAction\":[{\"@type\":\"SearchAction\",\"target\":{\"@type\":\"EntryPoint\",\"urlTemplate\":\"https:\/\/demoweb.info\/sexshop001\/?s={search_term_string}\"},\"query-input\":\"required name=search_term_string\"}],\"inLanguage\":\"es\"}]}<\/script>\n<!-- \/ Yoast SEO plugin. -->","yoast_head_json":{"title":"SILHOUETTE - KIT RABBIT BALA - Tienda Er\u00f3tica","robots":{"index":"noindex","follow":"follow","max-snippet":"max-snippet:-1","max-image-preview":"max-image-preview:large","max-video-preview":"max-video-preview:-1"},"og_locale":"es_ES","og_type":"article","og_title":"SILHOUETTE - KIT RABBIT BALA - Tienda Er\u00f3tica","og_description":"SILHOUETTE &#8211; DARK DESIRES KIT Rascal Rabbit; Encantador y atrevido, esta hermosa y peque\u00f1a travesura pronto te har\u00e1 saltar de","og_url":"https:\/\/demoweb.info\/sexshop001\/producto\/silhouette-kit-rabbit-bala\/","og_site_name":"Tienda Er\u00f3tica","article_modified_time":"2022-01-22T08:48:39+00:00","og_image":[{"width":550,"height":550,"url":"https:\/\/demoweb.info\/sexshop001\/wp-content\/uploads\/2022\/01\/SILHOUETTE-KIT-RABBIT-BALA.jpg","type":"image\/jpeg"}],"twitter_card":"summary_large_image","schema":{"@context":"https:\/\/schema.org","@graph":[{"@type":"WebPage","@id":"https:\/\/demoweb.info\/sexshop001\/producto\/silhouette-kit-rabbit-bala\/","url":"https:\/\/demoweb.info\/sexshop001\/producto\/silhouette-kit-rabbit-bala\/","name":"SILHOUETTE - KIT RABBIT BALA - Tienda Er\u00f3tica","isPartOf":{"@id":"https:\/\/demoweb.info\/sexshop001\/#website"},"datePublished":"2022-01-22T08:48:35+00:00","dateModified":"2022-01-22T08:48:39+00:00","breadcrumb":{"@id":"https:\/\/demoweb.info\/sexshop001\/producto\/silhouette-kit-rabbit-bala\/#breadcrumb"},"inLanguage":"es","potentialAction":[{"@type":"ReadAction","target":["https:\/\/demoweb.info\/sexshop001\/producto\/silhouette-kit-rabbit-bala\/"]}]},{"@type":"BreadcrumbList","@id":"https:\/\/demoweb.info\/sexshop001\/producto\/silhouette-kit-rabbit-bala\/#breadcrumb","itemListElement":[{"@type":"ListItem","position":1,"name":"Portada","item":"https:\/\/demoweb.info\/sexshop001\/"},{"@type":"ListItem","position":2,"name":"Tienda","item":"https:\/\/demoweb.info\/sexshop001\/tienda\/"},{"@type":"ListItem","position":3,"name":"SILHOUETTE &#8211; KIT RABBIT BALA"}]},{"@type":"WebSite","@id":"https:\/\/demoweb.info\/sexshop001\/#website","url":"https:\/\/demoweb.info\/sexshop001\/","name":"Tienda Er\u00f3tica","description":"DEMOWEB SL","potentialAction":[{"@type":"SearchAction","target":{"@type":"EntryPoint","urlTemplate":"https:\/\/demoweb.info\/sexshop001\/?s={search_term_string}"},"query-input":"required name=search_term_string"}],"inLanguage":"es"}]}},"_links":{"self":[{"href":"https:\/\/demoweb.info\/sexshop001\/wp-json\/wp\/v3\/product\/10156","targetHints":{"allow":["GET"]}}],"collection":[{"href":"https:\/\/demoweb.info\/sexshop001\/wp-json\/wp\/v3\/product"}],"about":[{"href":"https:\/\/demoweb.info\/sexshop001\/wp-json\/wp\/v2\/types\/product"}],"replies":[{"embeddable":true,"href":"https:\/\/demoweb.info\/sexshop001\/wp-json\/wp\/v2\/comments?post=10156"}],"wp:featuredmedia":[{"embeddable":true,"href":"https:\/\/demoweb.info\/sexshop001\/wp-json\/wp\/v2\/media\/10157"}],"wp:attachment":[{"href":"https:\/\/demoweb.info\/sexshop001\/wp-json\/wp\/v2\/media?parent=10156"}],"wp:term":[{"taxonomy":"product_cat","embeddable":true,"href":"https:\/\/demoweb.info\/sexshop001\/wp-json\/wp\/v2\/product_cat?post=10156"},{"taxonomy":"product_tag","embeddable":true,"href":"https:\/\/demoweb.info\/sexshop001\/wp-json\/wp\/v2\/product_tag?post=10156"}],"curies":[{"name":"wp","href":"https:\/\/api.w.org\/{rel}","templated":true}]}}