{"id":10141,"date":"2022-01-22T09:48:13","date_gmt":"2022-01-22T08:48:13","guid":{"rendered":"https:\/\/demoweb.info\/sexshop001\/producto\/ro-80mm-bala-single-speed\/"},"modified":"2022-01-22T09:48:31","modified_gmt":"2022-01-22T08:48:31","slug":"ro-80mm-bala-single-speed","status":"publish","type":"product","link":"https:\/\/demoweb.info\/sexshop001\/producto\/ro-80mm-bala-single-speed\/","title":{"rendered":"RO-80MM BALA SINGLE SPEED"},"content":{"rendered":"<p><strong>RO-80MM SINGLE SPEED<\/strong><\/p>\n<p>\u00a1El RO80mm es el placer de la pasi\u00f3n original ganador de m\u00faltiples premios que sigue siendo la bala de velocidad \u00fanica m\u00e1s vendida y m\u00e1s popular del mundo!<\/p>\n<p>De alto calibre y discreto, esta peque\u00f1a y poderosa bala de amor apuntar\u00e1 a su punto dulce de pasi\u00f3n y desencadenar\u00e1 las explosiones m\u00e1s intensas y org\u00e1smicas que lo dejar\u00e1n d\u00e9bil en las rodillas y solo esperar\u00e1n para recuperar el aliento para que pueda volver a cargar y encender<\/p>\n<\/p>\n<ul>\n<li>Dimensiones del producto 8,2 x 1,5 x 1,5 cm<\/li>\n<li>Peso del producto 24,00 gram<\/li>\n<li>Di\u00e1metro del producto 6,0 cm<\/li>\n<li>Tipos de velocidad 1<\/li>\n<li>Se requieren bater\u00edas 1<\/li>\n<li>Tipo de bater\u00edas N-size<\/li>\n<li>Bater\u00edas incluidas S\u00ed<\/li>\n<li>A prueba de agua S\u00ed<\/li>\n<li>Materiales ABS Plastic<\/li>\n<li> <\/li>\n<\/ul>\n","protected":false},"excerpt":{"rendered":"<p>RO-80MM SINGLE SPEED \u00a1El RO80mm es el placer de la pasi\u00f3n original ganador de m\u00faltiples premios que sigue siendo la<\/p>\n","protected":false},"featured_media":10142,"comment_status":"open","ping_status":"open","template":"","meta":[],"product_cat":[313],"product_tag":[413],"class_list":["post-10141","product","type-product","status-publish","has-post-thumbnail","hentry","product_cat-balas-y-huevos","product_tag-rocks-off"],"bundled_by":[],"bundle_stock_status":"instock","bundle_stock_quantity":2,"bundle_virtual":false,"bundle_layout":"","bundle_add_to_cart_form_location":"","bundle_editable_in_cart":false,"bundle_sold_individually_context":"","bundle_item_grouping":"","bundle_min_size":"","bundle_max_size":"","bundled_items":[],"yoast_head":"<!-- This site is optimized with the Yoast SEO plugin v20.6 - https:\/\/yoast.com\/wordpress\/plugins\/seo\/ -->\n<title>RO-80MM BALA SINGLE SPEED - Tienda Er\u00f3tica<\/title>\n<meta name=\"robots\" content=\"noindex, follow, max-snippet:-1, max-image-preview:large, max-video-preview:-1\" \/>\n<meta property=\"og:locale\" content=\"es_ES\" \/>\n<meta property=\"og:type\" content=\"article\" \/>\n<meta property=\"og:title\" content=\"RO-80MM BALA SINGLE SPEED - Tienda Er\u00f3tica\" \/>\n<meta property=\"og:description\" content=\"RO-80MM SINGLE SPEED \u00a1El RO80mm es el placer de la pasi\u00f3n original ganador de m\u00faltiples premios que sigue siendo la\" \/>\n<meta property=\"og:url\" content=\"https:\/\/demoweb.info\/sexshop001\/producto\/ro-80mm-bala-single-speed\/\" \/>\n<meta property=\"og:site_name\" content=\"Tienda Er\u00f3tica\" \/>\n<meta property=\"article:modified_time\" content=\"2022-01-22T08:48:31+00:00\" \/>\n<meta property=\"og:image\" content=\"https:\/\/demoweb.info\/sexshop001\/wp-content\/uploads\/2022\/01\/RO-80MM-BALA-SINGLE-SPEED.jpg\" \/>\n\t<meta property=\"og:image:width\" content=\"550\" \/>\n\t<meta property=\"og:image:height\" content=\"550\" \/>\n\t<meta property=\"og:image:type\" content=\"image\/jpeg\" \/>\n<meta name=\"twitter:card\" content=\"summary_large_image\" \/>\n<meta name=\"twitter:label1\" content=\"Tiempo de lectura\" \/>\n\t<meta name=\"twitter:data1\" content=\"1 minuto\" \/>\n<script type=\"application\/ld+json\" class=\"yoast-schema-graph\">{\"@context\":\"https:\/\/schema.org\",\"@graph\":[{\"@type\":\"WebPage\",\"@id\":\"https:\/\/demoweb.info\/sexshop001\/producto\/ro-80mm-bala-single-speed\/\",\"url\":\"https:\/\/demoweb.info\/sexshop001\/producto\/ro-80mm-bala-single-speed\/\",\"name\":\"RO-80MM BALA SINGLE SPEED - Tienda Er\u00f3tica\",\"isPartOf\":{\"@id\":\"https:\/\/demoweb.info\/sexshop001\/#website\"},\"datePublished\":\"2022-01-22T08:48:13+00:00\",\"dateModified\":\"2022-01-22T08:48:31+00:00\",\"breadcrumb\":{\"@id\":\"https:\/\/demoweb.info\/sexshop001\/producto\/ro-80mm-bala-single-speed\/#breadcrumb\"},\"inLanguage\":\"es\",\"potentialAction\":[{\"@type\":\"ReadAction\",\"target\":[\"https:\/\/demoweb.info\/sexshop001\/producto\/ro-80mm-bala-single-speed\/\"]}]},{\"@type\":\"BreadcrumbList\",\"@id\":\"https:\/\/demoweb.info\/sexshop001\/producto\/ro-80mm-bala-single-speed\/#breadcrumb\",\"itemListElement\":[{\"@type\":\"ListItem\",\"position\":1,\"name\":\"Portada\",\"item\":\"https:\/\/demoweb.info\/sexshop001\/\"},{\"@type\":\"ListItem\",\"position\":2,\"name\":\"Tienda\",\"item\":\"https:\/\/demoweb.info\/sexshop001\/tienda\/\"},{\"@type\":\"ListItem\",\"position\":3,\"name\":\"RO-80MM BALA SINGLE SPEED\"}]},{\"@type\":\"WebSite\",\"@id\":\"https:\/\/demoweb.info\/sexshop001\/#website\",\"url\":\"https:\/\/demoweb.info\/sexshop001\/\",\"name\":\"Tienda Er\u00f3tica\",\"description\":\"DEMOWEB SL\",\"potentialAction\":[{\"@type\":\"SearchAction\",\"target\":{\"@type\":\"EntryPoint\",\"urlTemplate\":\"https:\/\/demoweb.info\/sexshop001\/?s={search_term_string}\"},\"query-input\":\"required name=search_term_string\"}],\"inLanguage\":\"es\"}]}<\/script>\n<!-- \/ Yoast SEO plugin. -->","yoast_head_json":{"title":"RO-80MM BALA SINGLE SPEED - Tienda Er\u00f3tica","robots":{"index":"noindex","follow":"follow","max-snippet":"max-snippet:-1","max-image-preview":"max-image-preview:large","max-video-preview":"max-video-preview:-1"},"og_locale":"es_ES","og_type":"article","og_title":"RO-80MM BALA SINGLE SPEED - Tienda Er\u00f3tica","og_description":"RO-80MM SINGLE SPEED \u00a1El RO80mm es el placer de la pasi\u00f3n original ganador de m\u00faltiples premios que sigue siendo la","og_url":"https:\/\/demoweb.info\/sexshop001\/producto\/ro-80mm-bala-single-speed\/","og_site_name":"Tienda Er\u00f3tica","article_modified_time":"2022-01-22T08:48:31+00:00","og_image":[{"width":550,"height":550,"url":"https:\/\/demoweb.info\/sexshop001\/wp-content\/uploads\/2022\/01\/RO-80MM-BALA-SINGLE-SPEED.jpg","type":"image\/jpeg"}],"twitter_card":"summary_large_image","twitter_misc":{"Tiempo de lectura":"1 minuto"},"schema":{"@context":"https:\/\/schema.org","@graph":[{"@type":"WebPage","@id":"https:\/\/demoweb.info\/sexshop001\/producto\/ro-80mm-bala-single-speed\/","url":"https:\/\/demoweb.info\/sexshop001\/producto\/ro-80mm-bala-single-speed\/","name":"RO-80MM BALA SINGLE SPEED - Tienda Er\u00f3tica","isPartOf":{"@id":"https:\/\/demoweb.info\/sexshop001\/#website"},"datePublished":"2022-01-22T08:48:13+00:00","dateModified":"2022-01-22T08:48:31+00:00","breadcrumb":{"@id":"https:\/\/demoweb.info\/sexshop001\/producto\/ro-80mm-bala-single-speed\/#breadcrumb"},"inLanguage":"es","potentialAction":[{"@type":"ReadAction","target":["https:\/\/demoweb.info\/sexshop001\/producto\/ro-80mm-bala-single-speed\/"]}]},{"@type":"BreadcrumbList","@id":"https:\/\/demoweb.info\/sexshop001\/producto\/ro-80mm-bala-single-speed\/#breadcrumb","itemListElement":[{"@type":"ListItem","position":1,"name":"Portada","item":"https:\/\/demoweb.info\/sexshop001\/"},{"@type":"ListItem","position":2,"name":"Tienda","item":"https:\/\/demoweb.info\/sexshop001\/tienda\/"},{"@type":"ListItem","position":3,"name":"RO-80MM BALA SINGLE SPEED"}]},{"@type":"WebSite","@id":"https:\/\/demoweb.info\/sexshop001\/#website","url":"https:\/\/demoweb.info\/sexshop001\/","name":"Tienda Er\u00f3tica","description":"DEMOWEB SL","potentialAction":[{"@type":"SearchAction","target":{"@type":"EntryPoint","urlTemplate":"https:\/\/demoweb.info\/sexshop001\/?s={search_term_string}"},"query-input":"required name=search_term_string"}],"inLanguage":"es"}]}},"_links":{"self":[{"href":"https:\/\/demoweb.info\/sexshop001\/wp-json\/wp\/v3\/product\/10141","targetHints":{"allow":["GET"]}}],"collection":[{"href":"https:\/\/demoweb.info\/sexshop001\/wp-json\/wp\/v3\/product"}],"about":[{"href":"https:\/\/demoweb.info\/sexshop001\/wp-json\/wp\/v2\/types\/product"}],"replies":[{"embeddable":true,"href":"https:\/\/demoweb.info\/sexshop001\/wp-json\/wp\/v2\/comments?post=10141"}],"wp:featuredmedia":[{"embeddable":true,"href":"https:\/\/demoweb.info\/sexshop001\/wp-json\/wp\/v2\/media\/10142"}],"wp:attachment":[{"href":"https:\/\/demoweb.info\/sexshop001\/wp-json\/wp\/v2\/media?parent=10141"}],"wp:term":[{"taxonomy":"product_cat","embeddable":true,"href":"https:\/\/demoweb.info\/sexshop001\/wp-json\/wp\/v2\/product_cat?post=10141"},{"taxonomy":"product_tag","embeddable":true,"href":"https:\/\/demoweb.info\/sexshop001\/wp-json\/wp\/v2\/product_tag?post=10141"}],"curies":[{"name":"wp","href":"https:\/\/api.w.org\/{rel}","templated":true}]}}