{"id":10117,"date":"2022-01-22T09:48:13","date_gmt":"2022-01-22T08:48:13","guid":{"rendered":"https:\/\/demoweb.info\/sexshop001\/producto\/masajeador-parejas-oriel\/"},"modified":"2022-01-22T09:48:21","modified_gmt":"2022-01-22T08:48:21","slug":"masajeador-parejas-oriel","status":"publish","type":"product","link":"https:\/\/demoweb.info\/sexshop001\/producto\/masajeador-parejas-oriel\/","title":{"rendered":"MASAJEADOR PAREJAS ORIEL"},"content":{"rendered":"<p><strong>ORIEL RECHARGEABLE WAND<\/strong><\/p>\n<p>The Ultimate Couples Play Wand<\/p>\n<p>Lujosamente elegante y dise\u00f1ado para puro placer, Oriel es el complemento perfecto para parejas que disfrutan de un contacto intenso, sensual y lleno de vibraciones.<\/p>\n<p>Discreto en apariencia pero potente en rendimiento, la silicona sensorial de tacto aterciopelado, los controles f\u00e1ciles y la cabeza flexible aseguran que recibir\u00e1s vibraciones profundas exactamente donde y cuando las desees como nichos orientales a las curvas y puntos de activaci\u00f3n de tu cuerpo.<\/p>\n<p>Bromea con tus sentidos, siente c\u00f3mo aumenta tu pasi\u00f3n y d\u00e9jate llevar.<\/p>\n<p>Tama\u00f1o discreto, potencia m\u00e1xima<\/p>\n<p>Silicona segura para el cuerpo con tacto de terciopelo sensorial<\/p>\n<p>ABS metalico<\/p>\n<p>10 niveles de vibraci\u00f3n y pulsaci\u00f3n muy potentes<\/p>\n<p>Cabezal flexible para estimulaci\u00f3n de precisi\u00f3n.<\/p>\n<p>100% totalmente impermeable<\/p>\n<p>Pulso LED<\/p>\n<p>Carga magn\u00e9tica USB<\/p>\n<p>Tiempo de carga de 3 horas para hasta 3 horas de placer.<\/p>\n<p>Disponible en 3 colores.<\/p>\n<p>Encender:<\/p>\n<p>Presione \/ mantenga presionado el bot\u00f3n durante 3 segundos para encender el LED que parpadea LENTAMENTE (pulso) para indicar que el producto est\u00e1 listo para usar \/ modo de espera<\/p>\n<p>Operaci\u00f3n:<\/p>\n<p>LED encendido constante para todas las configuraciones<\/p>\n<p>Baja duraci\u00f3n de la bater\u00eda:<\/p>\n<p>El LED R\u00c1PIDO parpadea (pulso) cuando la bater\u00eda est\u00e1 baja<\/p>\n<ul>\n<li>Dimensiones embalaje    27 x 8,50 x 6 cm<\/li>\n<li>Peso embalaje    284 gram<\/li>\n<li>Dimensiones del producto    22,9 x 3 x 4,7 cm<\/li>\n<li>Peso del producto    182,00 gram<\/li>\n<li>Di\u00e1metro del producto    6,0 cm<\/li>\n<li>Tipos de velocidad    7<\/li>\n<li>Velocidad m\u00faltiple    S\u00ed<\/li>\n<li>Recargable    S\u00ed<\/li>\n<li>Tiempo de recarga    180 min<\/li>\n<li>Vida de la recarga de las bater\u00edas    180 min<\/li>\n<li>A prueba de agua    S\u00ed<\/li>\n<li>Materiales    ABS Plastic \/ Silicon\n\t <\/li>\n<li> <\/li>\n<\/ul>\n","protected":false},"excerpt":{"rendered":"<p>ORIEL RECHARGEABLE WAND The Ultimate Couples Play Wand Lujosamente elegante y dise\u00f1ado para puro placer, Oriel es el complemento perfecto<\/p>\n","protected":false},"featured_media":10118,"comment_status":"open","ping_status":"open","template":"","meta":[],"product_cat":[445],"product_tag":[413],"class_list":["post-10117","product","type-product","status-publish","has-post-thumbnail","hentry","product_cat-para-parejas-vibradores-juguetes-xxx","product_tag-rocks-off"],"bundled_by":[],"bundle_stock_status":"outofstock","bundle_stock_quantity":0,"bundle_virtual":false,"bundle_layout":"","bundle_add_to_cart_form_location":"","bundle_editable_in_cart":false,"bundle_sold_individually_context":"","bundle_item_grouping":"","bundle_min_size":"","bundle_max_size":"","bundled_items":[],"yoast_head":"<!-- This site is optimized with the Yoast SEO plugin v20.6 - https:\/\/yoast.com\/wordpress\/plugins\/seo\/ -->\n<title>MASAJEADOR PAREJAS ORIEL - Tienda Er\u00f3tica<\/title>\n<meta name=\"robots\" content=\"noindex, follow, max-snippet:-1, max-image-preview:large, max-video-preview:-1\" \/>\n<meta property=\"og:locale\" content=\"es_ES\" \/>\n<meta property=\"og:type\" content=\"article\" \/>\n<meta property=\"og:title\" content=\"MASAJEADOR PAREJAS ORIEL - Tienda Er\u00f3tica\" \/>\n<meta property=\"og:description\" content=\"ORIEL RECHARGEABLE WAND The Ultimate Couples Play Wand Lujosamente elegante y dise\u00f1ado para puro placer, Oriel es el complemento perfecto\" \/>\n<meta property=\"og:url\" content=\"https:\/\/demoweb.info\/sexshop001\/producto\/masajeador-parejas-oriel\/\" \/>\n<meta property=\"og:site_name\" content=\"Tienda Er\u00f3tica\" \/>\n<meta property=\"article:modified_time\" content=\"2022-01-22T08:48:21+00:00\" \/>\n<meta property=\"og:image\" content=\"https:\/\/demoweb.info\/sexshop001\/wp-content\/uploads\/2022\/01\/MASAJEADOR-PAREJAS-ORIEL.jpg\" \/>\n\t<meta property=\"og:image:width\" content=\"550\" \/>\n\t<meta property=\"og:image:height\" content=\"550\" \/>\n\t<meta property=\"og:image:type\" content=\"image\/jpeg\" \/>\n<meta name=\"twitter:card\" content=\"summary_large_image\" \/>\n<meta name=\"twitter:label1\" content=\"Tiempo de lectura\" \/>\n\t<meta name=\"twitter:data1\" content=\"1 minuto\" \/>\n<script type=\"application\/ld+json\" class=\"yoast-schema-graph\">{\"@context\":\"https:\/\/schema.org\",\"@graph\":[{\"@type\":\"WebPage\",\"@id\":\"https:\/\/demoweb.info\/sexshop001\/producto\/masajeador-parejas-oriel\/\",\"url\":\"https:\/\/demoweb.info\/sexshop001\/producto\/masajeador-parejas-oriel\/\",\"name\":\"MASAJEADOR PAREJAS ORIEL - Tienda Er\u00f3tica\",\"isPartOf\":{\"@id\":\"https:\/\/demoweb.info\/sexshop001\/#website\"},\"datePublished\":\"2022-01-22T08:48:13+00:00\",\"dateModified\":\"2022-01-22T08:48:21+00:00\",\"breadcrumb\":{\"@id\":\"https:\/\/demoweb.info\/sexshop001\/producto\/masajeador-parejas-oriel\/#breadcrumb\"},\"inLanguage\":\"es\",\"potentialAction\":[{\"@type\":\"ReadAction\",\"target\":[\"https:\/\/demoweb.info\/sexshop001\/producto\/masajeador-parejas-oriel\/\"]}]},{\"@type\":\"BreadcrumbList\",\"@id\":\"https:\/\/demoweb.info\/sexshop001\/producto\/masajeador-parejas-oriel\/#breadcrumb\",\"itemListElement\":[{\"@type\":\"ListItem\",\"position\":1,\"name\":\"Portada\",\"item\":\"https:\/\/demoweb.info\/sexshop001\/\"},{\"@type\":\"ListItem\",\"position\":2,\"name\":\"Tienda\",\"item\":\"https:\/\/demoweb.info\/sexshop001\/tienda\/\"},{\"@type\":\"ListItem\",\"position\":3,\"name\":\"MASAJEADOR PAREJAS ORIEL\"}]},{\"@type\":\"WebSite\",\"@id\":\"https:\/\/demoweb.info\/sexshop001\/#website\",\"url\":\"https:\/\/demoweb.info\/sexshop001\/\",\"name\":\"Tienda Er\u00f3tica\",\"description\":\"DEMOWEB SL\",\"potentialAction\":[{\"@type\":\"SearchAction\",\"target\":{\"@type\":\"EntryPoint\",\"urlTemplate\":\"https:\/\/demoweb.info\/sexshop001\/?s={search_term_string}\"},\"query-input\":\"required name=search_term_string\"}],\"inLanguage\":\"es\"}]}<\/script>\n<!-- \/ Yoast SEO plugin. -->","yoast_head_json":{"title":"MASAJEADOR PAREJAS ORIEL - Tienda Er\u00f3tica","robots":{"index":"noindex","follow":"follow","max-snippet":"max-snippet:-1","max-image-preview":"max-image-preview:large","max-video-preview":"max-video-preview:-1"},"og_locale":"es_ES","og_type":"article","og_title":"MASAJEADOR PAREJAS ORIEL - Tienda Er\u00f3tica","og_description":"ORIEL RECHARGEABLE WAND The Ultimate Couples Play Wand Lujosamente elegante y dise\u00f1ado para puro placer, Oriel es el complemento perfecto","og_url":"https:\/\/demoweb.info\/sexshop001\/producto\/masajeador-parejas-oriel\/","og_site_name":"Tienda Er\u00f3tica","article_modified_time":"2022-01-22T08:48:21+00:00","og_image":[{"width":550,"height":550,"url":"https:\/\/demoweb.info\/sexshop001\/wp-content\/uploads\/2022\/01\/MASAJEADOR-PAREJAS-ORIEL.jpg","type":"image\/jpeg"}],"twitter_card":"summary_large_image","twitter_misc":{"Tiempo de lectura":"1 minuto"},"schema":{"@context":"https:\/\/schema.org","@graph":[{"@type":"WebPage","@id":"https:\/\/demoweb.info\/sexshop001\/producto\/masajeador-parejas-oriel\/","url":"https:\/\/demoweb.info\/sexshop001\/producto\/masajeador-parejas-oriel\/","name":"MASAJEADOR PAREJAS ORIEL - Tienda Er\u00f3tica","isPartOf":{"@id":"https:\/\/demoweb.info\/sexshop001\/#website"},"datePublished":"2022-01-22T08:48:13+00:00","dateModified":"2022-01-22T08:48:21+00:00","breadcrumb":{"@id":"https:\/\/demoweb.info\/sexshop001\/producto\/masajeador-parejas-oriel\/#breadcrumb"},"inLanguage":"es","potentialAction":[{"@type":"ReadAction","target":["https:\/\/demoweb.info\/sexshop001\/producto\/masajeador-parejas-oriel\/"]}]},{"@type":"BreadcrumbList","@id":"https:\/\/demoweb.info\/sexshop001\/producto\/masajeador-parejas-oriel\/#breadcrumb","itemListElement":[{"@type":"ListItem","position":1,"name":"Portada","item":"https:\/\/demoweb.info\/sexshop001\/"},{"@type":"ListItem","position":2,"name":"Tienda","item":"https:\/\/demoweb.info\/sexshop001\/tienda\/"},{"@type":"ListItem","position":3,"name":"MASAJEADOR PAREJAS ORIEL"}]},{"@type":"WebSite","@id":"https:\/\/demoweb.info\/sexshop001\/#website","url":"https:\/\/demoweb.info\/sexshop001\/","name":"Tienda Er\u00f3tica","description":"DEMOWEB SL","potentialAction":[{"@type":"SearchAction","target":{"@type":"EntryPoint","urlTemplate":"https:\/\/demoweb.info\/sexshop001\/?s={search_term_string}"},"query-input":"required name=search_term_string"}],"inLanguage":"es"}]}},"_links":{"self":[{"href":"https:\/\/demoweb.info\/sexshop001\/wp-json\/wp\/v3\/product\/10117","targetHints":{"allow":["GET"]}}],"collection":[{"href":"https:\/\/demoweb.info\/sexshop001\/wp-json\/wp\/v3\/product"}],"about":[{"href":"https:\/\/demoweb.info\/sexshop001\/wp-json\/wp\/v2\/types\/product"}],"replies":[{"embeddable":true,"href":"https:\/\/demoweb.info\/sexshop001\/wp-json\/wp\/v2\/comments?post=10117"}],"wp:featuredmedia":[{"embeddable":true,"href":"https:\/\/demoweb.info\/sexshop001\/wp-json\/wp\/v2\/media\/10118"}],"wp:attachment":[{"href":"https:\/\/demoweb.info\/sexshop001\/wp-json\/wp\/v2\/media?parent=10117"}],"wp:term":[{"taxonomy":"product_cat","embeddable":true,"href":"https:\/\/demoweb.info\/sexshop001\/wp-json\/wp\/v2\/product_cat?post=10117"},{"taxonomy":"product_tag","embeddable":true,"href":"https:\/\/demoweb.info\/sexshop001\/wp-json\/wp\/v2\/product_tag?post=10117"}],"curies":[{"name":"wp","href":"https:\/\/api.w.org\/{rel}","templated":true}]}}