{"id":10075,"date":"2022-01-22T09:48:02","date_gmt":"2022-01-22T08:48:02","guid":{"rendered":"https:\/\/demoweb.info\/sexshop001\/producto\/earthly-body-aceite-bio-12ml\/"},"modified":"2022-01-22T09:48:06","modified_gmt":"2022-01-22T08:48:06","slug":"earthly-body-aceite-bio-12ml","status":"publish","type":"product","link":"https:\/\/demoweb.info\/sexshop001\/producto\/earthly-body-aceite-bio-12ml\/","title":{"rendered":"EARTHLY BODY ACEITE BIO &#8211; 12ML"},"content":{"rendered":"<p><strong>MIRACLE OIL MINI SPRAY <\/strong><\/p>\n<p>\u00a1La soluci\u00f3n perfecta de la naturaleza en un spray f\u00e1cil de transportar!<\/p>\n<p>\u00a1Miracle Oil es una mezcla de aceites 100% naturales y esenciales, con aceite de \u00e1rbol de t\u00e9, aceite de semilla de c\u00e1\u00f1amo y vitamina E con usos y beneficios ilimitados!<\/p>\n<ul>\n<li>Volumen del producto 12 ml<\/li>\n<li>Ingredientes: Glycine Soja (Soybean) Oil, Cannabis Sativa (Hemp) Seed Oil, Melaleuca Alternifolia (Tea Tree) Leaf Oil, Persea Gratissima (Avocado) Oil, Prunus Armenica (Apricot) Kernel Oil, Simmondsia Chinensis (Jojoba) Seed Oil, Rosmarinus Officinalis (Rosemary) Leaf Oil, Eucalyptus Globulus (Eucalyptus) Leaf Oil, DL-Alpha Tocopherol<\/li>\n<\/ul>\n","protected":false},"excerpt":{"rendered":"<p>MIRACLE OIL MINI SPRAY \u00a1La soluci\u00f3n perfecta de la naturaleza en un spray f\u00e1cil de transportar! \u00a1Miracle Oil es una<\/p>\n","protected":false},"featured_media":10076,"comment_status":"open","ping_status":"open","template":"","meta":[],"product_cat":[516],"product_tag":[511],"class_list":["post-10075","product","type-product","status-publish","has-post-thumbnail","hentry","product_cat-linea-bio-aceites-y-lubricantes","product_tag-earthly-body"],"bundled_by":[],"bundle_stock_status":"instock","bundle_stock_quantity":1,"bundle_virtual":false,"bundle_layout":"","bundle_add_to_cart_form_location":"","bundle_editable_in_cart":false,"bundle_sold_individually_context":"","bundle_item_grouping":"","bundle_min_size":"","bundle_max_size":"","bundled_items":[],"yoast_head":"<!-- This site is optimized with the Yoast SEO plugin v20.6 - https:\/\/yoast.com\/wordpress\/plugins\/seo\/ -->\n<title>EARTHLY BODY ACEITE BIO - 12ML - Tienda Er\u00f3tica<\/title>\n<meta name=\"robots\" content=\"noindex, follow, max-snippet:-1, max-image-preview:large, max-video-preview:-1\" \/>\n<meta property=\"og:locale\" content=\"es_ES\" \/>\n<meta property=\"og:type\" content=\"article\" \/>\n<meta property=\"og:title\" content=\"EARTHLY BODY ACEITE BIO - 12ML - Tienda Er\u00f3tica\" \/>\n<meta property=\"og:description\" content=\"MIRACLE OIL MINI SPRAY \u00a1La soluci\u00f3n perfecta de la naturaleza en un spray f\u00e1cil de transportar! \u00a1Miracle Oil es una\" \/>\n<meta property=\"og:url\" content=\"https:\/\/demoweb.info\/sexshop001\/producto\/earthly-body-aceite-bio-12ml\/\" \/>\n<meta property=\"og:site_name\" content=\"Tienda Er\u00f3tica\" \/>\n<meta property=\"article:modified_time\" content=\"2022-01-22T08:48:06+00:00\" \/>\n<meta property=\"og:image\" content=\"https:\/\/demoweb.info\/sexshop001\/wp-content\/uploads\/2022\/01\/EARTHLY-BODY-ACEITE-BIO-12ML.jpg\" \/>\n\t<meta property=\"og:image:width\" content=\"550\" \/>\n\t<meta property=\"og:image:height\" content=\"550\" \/>\n\t<meta property=\"og:image:type\" content=\"image\/jpeg\" \/>\n<meta name=\"twitter:card\" content=\"summary_large_image\" \/>\n<script type=\"application\/ld+json\" class=\"yoast-schema-graph\">{\"@context\":\"https:\/\/schema.org\",\"@graph\":[{\"@type\":\"WebPage\",\"@id\":\"https:\/\/demoweb.info\/sexshop001\/producto\/earthly-body-aceite-bio-12ml\/\",\"url\":\"https:\/\/demoweb.info\/sexshop001\/producto\/earthly-body-aceite-bio-12ml\/\",\"name\":\"EARTHLY BODY ACEITE BIO - 12ML - Tienda Er\u00f3tica\",\"isPartOf\":{\"@id\":\"https:\/\/demoweb.info\/sexshop001\/#website\"},\"datePublished\":\"2022-01-22T08:48:02+00:00\",\"dateModified\":\"2022-01-22T08:48:06+00:00\",\"breadcrumb\":{\"@id\":\"https:\/\/demoweb.info\/sexshop001\/producto\/earthly-body-aceite-bio-12ml\/#breadcrumb\"},\"inLanguage\":\"es\",\"potentialAction\":[{\"@type\":\"ReadAction\",\"target\":[\"https:\/\/demoweb.info\/sexshop001\/producto\/earthly-body-aceite-bio-12ml\/\"]}]},{\"@type\":\"BreadcrumbList\",\"@id\":\"https:\/\/demoweb.info\/sexshop001\/producto\/earthly-body-aceite-bio-12ml\/#breadcrumb\",\"itemListElement\":[{\"@type\":\"ListItem\",\"position\":1,\"name\":\"Portada\",\"item\":\"https:\/\/demoweb.info\/sexshop001\/\"},{\"@type\":\"ListItem\",\"position\":2,\"name\":\"Tienda\",\"item\":\"https:\/\/demoweb.info\/sexshop001\/tienda\/\"},{\"@type\":\"ListItem\",\"position\":3,\"name\":\"EARTHLY BODY ACEITE BIO &#8211; 12ML\"}]},{\"@type\":\"WebSite\",\"@id\":\"https:\/\/demoweb.info\/sexshop001\/#website\",\"url\":\"https:\/\/demoweb.info\/sexshop001\/\",\"name\":\"Tienda Er\u00f3tica\",\"description\":\"DEMOWEB SL\",\"potentialAction\":[{\"@type\":\"SearchAction\",\"target\":{\"@type\":\"EntryPoint\",\"urlTemplate\":\"https:\/\/demoweb.info\/sexshop001\/?s={search_term_string}\"},\"query-input\":\"required name=search_term_string\"}],\"inLanguage\":\"es\"}]}<\/script>\n<!-- \/ Yoast SEO plugin. -->","yoast_head_json":{"title":"EARTHLY BODY ACEITE BIO - 12ML - Tienda Er\u00f3tica","robots":{"index":"noindex","follow":"follow","max-snippet":"max-snippet:-1","max-image-preview":"max-image-preview:large","max-video-preview":"max-video-preview:-1"},"og_locale":"es_ES","og_type":"article","og_title":"EARTHLY BODY ACEITE BIO - 12ML - Tienda Er\u00f3tica","og_description":"MIRACLE OIL MINI SPRAY \u00a1La soluci\u00f3n perfecta de la naturaleza en un spray f\u00e1cil de transportar! \u00a1Miracle Oil es una","og_url":"https:\/\/demoweb.info\/sexshop001\/producto\/earthly-body-aceite-bio-12ml\/","og_site_name":"Tienda Er\u00f3tica","article_modified_time":"2022-01-22T08:48:06+00:00","og_image":[{"width":550,"height":550,"url":"https:\/\/demoweb.info\/sexshop001\/wp-content\/uploads\/2022\/01\/EARTHLY-BODY-ACEITE-BIO-12ML.jpg","type":"image\/jpeg"}],"twitter_card":"summary_large_image","schema":{"@context":"https:\/\/schema.org","@graph":[{"@type":"WebPage","@id":"https:\/\/demoweb.info\/sexshop001\/producto\/earthly-body-aceite-bio-12ml\/","url":"https:\/\/demoweb.info\/sexshop001\/producto\/earthly-body-aceite-bio-12ml\/","name":"EARTHLY BODY ACEITE BIO - 12ML - Tienda Er\u00f3tica","isPartOf":{"@id":"https:\/\/demoweb.info\/sexshop001\/#website"},"datePublished":"2022-01-22T08:48:02+00:00","dateModified":"2022-01-22T08:48:06+00:00","breadcrumb":{"@id":"https:\/\/demoweb.info\/sexshop001\/producto\/earthly-body-aceite-bio-12ml\/#breadcrumb"},"inLanguage":"es","potentialAction":[{"@type":"ReadAction","target":["https:\/\/demoweb.info\/sexshop001\/producto\/earthly-body-aceite-bio-12ml\/"]}]},{"@type":"BreadcrumbList","@id":"https:\/\/demoweb.info\/sexshop001\/producto\/earthly-body-aceite-bio-12ml\/#breadcrumb","itemListElement":[{"@type":"ListItem","position":1,"name":"Portada","item":"https:\/\/demoweb.info\/sexshop001\/"},{"@type":"ListItem","position":2,"name":"Tienda","item":"https:\/\/demoweb.info\/sexshop001\/tienda\/"},{"@type":"ListItem","position":3,"name":"EARTHLY BODY ACEITE BIO &#8211; 12ML"}]},{"@type":"WebSite","@id":"https:\/\/demoweb.info\/sexshop001\/#website","url":"https:\/\/demoweb.info\/sexshop001\/","name":"Tienda Er\u00f3tica","description":"DEMOWEB SL","potentialAction":[{"@type":"SearchAction","target":{"@type":"EntryPoint","urlTemplate":"https:\/\/demoweb.info\/sexshop001\/?s={search_term_string}"},"query-input":"required name=search_term_string"}],"inLanguage":"es"}]}},"_links":{"self":[{"href":"https:\/\/demoweb.info\/sexshop001\/wp-json\/wp\/v3\/product\/10075","targetHints":{"allow":["GET"]}}],"collection":[{"href":"https:\/\/demoweb.info\/sexshop001\/wp-json\/wp\/v3\/product"}],"about":[{"href":"https:\/\/demoweb.info\/sexshop001\/wp-json\/wp\/v2\/types\/product"}],"replies":[{"embeddable":true,"href":"https:\/\/demoweb.info\/sexshop001\/wp-json\/wp\/v2\/comments?post=10075"}],"wp:featuredmedia":[{"embeddable":true,"href":"https:\/\/demoweb.info\/sexshop001\/wp-json\/wp\/v2\/media\/10076"}],"wp:attachment":[{"href":"https:\/\/demoweb.info\/sexshop001\/wp-json\/wp\/v2\/media?parent=10075"}],"wp:term":[{"taxonomy":"product_cat","embeddable":true,"href":"https:\/\/demoweb.info\/sexshop001\/wp-json\/wp\/v2\/product_cat?post=10075"},{"taxonomy":"product_tag","embeddable":true,"href":"https:\/\/demoweb.info\/sexshop001\/wp-json\/wp\/v2\/product_tag?post=10075"}],"curies":[{"name":"wp","href":"https:\/\/api.w.org\/{rel}","templated":true}]}}