{"id":10071,"date":"2022-01-22T09:48:02","date_gmt":"2022-01-22T08:48:02","guid":{"rendered":"https:\/\/demoweb.info\/sexshop001\/producto\/earthly-body-miracle-oil-arbol-de-te-crema-facial-y-corporal-140gm\/"},"modified":"2022-01-22T09:48:04","modified_gmt":"2022-01-22T08:48:04","slug":"earthly-body-miracle-oil-arbol-de-te-crema-facial-y-corporal-140gm","status":"publish","type":"product","link":"https:\/\/demoweb.info\/sexshop001\/producto\/earthly-body-miracle-oil-arbol-de-te-crema-facial-y-corporal-140gm\/","title":{"rendered":"EARTHLY BODY MIRACLE OIL &#8211; ARBOL DE TE &#8211; CREMA FACIAL Y CORPORAL &#8211; 140GM"},"content":{"rendered":"<p><strong>MIRACLE OIL TEA TREE CR\u00c8ME<\/strong><\/p>\n<p>Uno de nuestros productos m\u00e1s vendidos ahora est\u00e1 disponible en una crema conveniente y f\u00e1cil de aplicar.<\/p>\n<p>Con las mismas excelentes propiedades calmantes de nuestro Aceite Milagro original, este peque\u00f1o frasco es perfecto para calmar la mayor\u00eda de las irritaciones menores de la piel. Seguro para uso corporal o facial.<\/p><\/p>\n","protected":false},"excerpt":{"rendered":"<p>MIRACLE OIL TEA TREE CR\u00c8ME Uno de nuestros productos m\u00e1s vendidos ahora est\u00e1 disponible en una crema conveniente y f\u00e1cil<\/p>\n","protected":false},"featured_media":10072,"comment_status":"open","ping_status":"open","template":"","meta":[],"product_cat":[510],"product_tag":[511],"class_list":["post-10071","product","type-product","status-publish","has-post-thumbnail","hentry","product_cat-linea-cbd","product_tag-earthly-body"],"bundled_by":[],"bundle_stock_status":"instock","bundle_stock_quantity":2,"bundle_virtual":false,"bundle_layout":"","bundle_add_to_cart_form_location":"","bundle_editable_in_cart":false,"bundle_sold_individually_context":"","bundle_item_grouping":"","bundle_min_size":"","bundle_max_size":"","bundled_items":[],"yoast_head":"<!-- This site is optimized with the Yoast SEO plugin v20.6 - https:\/\/yoast.com\/wordpress\/plugins\/seo\/ -->\n<title>EARTHLY BODY MIRACLE OIL - ARBOL DE TE - CREMA FACIAL Y CORPORAL - 140GM - Tienda Er\u00f3tica<\/title>\n<meta name=\"robots\" content=\"noindex, follow, max-snippet:-1, max-image-preview:large, max-video-preview:-1\" \/>\n<meta property=\"og:locale\" content=\"es_ES\" \/>\n<meta property=\"og:type\" content=\"article\" \/>\n<meta property=\"og:title\" content=\"EARTHLY BODY MIRACLE OIL - ARBOL DE TE - CREMA FACIAL Y CORPORAL - 140GM - Tienda Er\u00f3tica\" \/>\n<meta property=\"og:description\" content=\"MIRACLE OIL TEA TREE CR\u00c8ME Uno de nuestros productos m\u00e1s vendidos ahora est\u00e1 disponible en una crema conveniente y f\u00e1cil\" \/>\n<meta property=\"og:url\" content=\"https:\/\/demoweb.info\/sexshop001\/producto\/earthly-body-miracle-oil-arbol-de-te-crema-facial-y-corporal-140gm\/\" \/>\n<meta property=\"og:site_name\" content=\"Tienda Er\u00f3tica\" \/>\n<meta property=\"article:modified_time\" content=\"2022-01-22T08:48:04+00:00\" \/>\n<meta property=\"og:image\" content=\"https:\/\/demoweb.info\/sexshop001\/wp-content\/uploads\/2022\/01\/EARTHLY-BODY-MIRACLE-OIL-ARBOL-DE-TE-CREMA-FACIAL-Y-CORPORAL-140GM.jpg\" \/>\n\t<meta property=\"og:image:width\" content=\"550\" \/>\n\t<meta property=\"og:image:height\" content=\"550\" \/>\n\t<meta property=\"og:image:type\" content=\"image\/jpeg\" \/>\n<meta name=\"twitter:card\" content=\"summary_large_image\" \/>\n<script type=\"application\/ld+json\" class=\"yoast-schema-graph\">{\"@context\":\"https:\/\/schema.org\",\"@graph\":[{\"@type\":\"WebPage\",\"@id\":\"https:\/\/demoweb.info\/sexshop001\/producto\/earthly-body-miracle-oil-arbol-de-te-crema-facial-y-corporal-140gm\/\",\"url\":\"https:\/\/demoweb.info\/sexshop001\/producto\/earthly-body-miracle-oil-arbol-de-te-crema-facial-y-corporal-140gm\/\",\"name\":\"EARTHLY BODY MIRACLE OIL - ARBOL DE TE - CREMA FACIAL Y CORPORAL - 140GM - Tienda Er\u00f3tica\",\"isPartOf\":{\"@id\":\"https:\/\/demoweb.info\/sexshop001\/#website\"},\"datePublished\":\"2022-01-22T08:48:02+00:00\",\"dateModified\":\"2022-01-22T08:48:04+00:00\",\"breadcrumb\":{\"@id\":\"https:\/\/demoweb.info\/sexshop001\/producto\/earthly-body-miracle-oil-arbol-de-te-crema-facial-y-corporal-140gm\/#breadcrumb\"},\"inLanguage\":\"es\",\"potentialAction\":[{\"@type\":\"ReadAction\",\"target\":[\"https:\/\/demoweb.info\/sexshop001\/producto\/earthly-body-miracle-oil-arbol-de-te-crema-facial-y-corporal-140gm\/\"]}]},{\"@type\":\"BreadcrumbList\",\"@id\":\"https:\/\/demoweb.info\/sexshop001\/producto\/earthly-body-miracle-oil-arbol-de-te-crema-facial-y-corporal-140gm\/#breadcrumb\",\"itemListElement\":[{\"@type\":\"ListItem\",\"position\":1,\"name\":\"Portada\",\"item\":\"https:\/\/demoweb.info\/sexshop001\/\"},{\"@type\":\"ListItem\",\"position\":2,\"name\":\"Tienda\",\"item\":\"https:\/\/demoweb.info\/sexshop001\/tienda\/\"},{\"@type\":\"ListItem\",\"position\":3,\"name\":\"EARTHLY BODY MIRACLE OIL &#8211; ARBOL DE TE &#8211; CREMA FACIAL Y CORPORAL &#8211; 140GM\"}]},{\"@type\":\"WebSite\",\"@id\":\"https:\/\/demoweb.info\/sexshop001\/#website\",\"url\":\"https:\/\/demoweb.info\/sexshop001\/\",\"name\":\"Tienda Er\u00f3tica\",\"description\":\"DEMOWEB SL\",\"potentialAction\":[{\"@type\":\"SearchAction\",\"target\":{\"@type\":\"EntryPoint\",\"urlTemplate\":\"https:\/\/demoweb.info\/sexshop001\/?s={search_term_string}\"},\"query-input\":\"required name=search_term_string\"}],\"inLanguage\":\"es\"}]}<\/script>\n<!-- \/ Yoast SEO plugin. -->","yoast_head_json":{"title":"EARTHLY BODY MIRACLE OIL - ARBOL DE TE - CREMA FACIAL Y CORPORAL - 140GM - Tienda Er\u00f3tica","robots":{"index":"noindex","follow":"follow","max-snippet":"max-snippet:-1","max-image-preview":"max-image-preview:large","max-video-preview":"max-video-preview:-1"},"og_locale":"es_ES","og_type":"article","og_title":"EARTHLY BODY MIRACLE OIL - ARBOL DE TE - CREMA FACIAL Y CORPORAL - 140GM - Tienda Er\u00f3tica","og_description":"MIRACLE OIL TEA TREE CR\u00c8ME Uno de nuestros productos m\u00e1s vendidos ahora est\u00e1 disponible en una crema conveniente y f\u00e1cil","og_url":"https:\/\/demoweb.info\/sexshop001\/producto\/earthly-body-miracle-oil-arbol-de-te-crema-facial-y-corporal-140gm\/","og_site_name":"Tienda Er\u00f3tica","article_modified_time":"2022-01-22T08:48:04+00:00","og_image":[{"width":550,"height":550,"url":"https:\/\/demoweb.info\/sexshop001\/wp-content\/uploads\/2022\/01\/EARTHLY-BODY-MIRACLE-OIL-ARBOL-DE-TE-CREMA-FACIAL-Y-CORPORAL-140GM.jpg","type":"image\/jpeg"}],"twitter_card":"summary_large_image","schema":{"@context":"https:\/\/schema.org","@graph":[{"@type":"WebPage","@id":"https:\/\/demoweb.info\/sexshop001\/producto\/earthly-body-miracle-oil-arbol-de-te-crema-facial-y-corporal-140gm\/","url":"https:\/\/demoweb.info\/sexshop001\/producto\/earthly-body-miracle-oil-arbol-de-te-crema-facial-y-corporal-140gm\/","name":"EARTHLY BODY MIRACLE OIL - ARBOL DE TE - CREMA FACIAL Y CORPORAL - 140GM - Tienda Er\u00f3tica","isPartOf":{"@id":"https:\/\/demoweb.info\/sexshop001\/#website"},"datePublished":"2022-01-22T08:48:02+00:00","dateModified":"2022-01-22T08:48:04+00:00","breadcrumb":{"@id":"https:\/\/demoweb.info\/sexshop001\/producto\/earthly-body-miracle-oil-arbol-de-te-crema-facial-y-corporal-140gm\/#breadcrumb"},"inLanguage":"es","potentialAction":[{"@type":"ReadAction","target":["https:\/\/demoweb.info\/sexshop001\/producto\/earthly-body-miracle-oil-arbol-de-te-crema-facial-y-corporal-140gm\/"]}]},{"@type":"BreadcrumbList","@id":"https:\/\/demoweb.info\/sexshop001\/producto\/earthly-body-miracle-oil-arbol-de-te-crema-facial-y-corporal-140gm\/#breadcrumb","itemListElement":[{"@type":"ListItem","position":1,"name":"Portada","item":"https:\/\/demoweb.info\/sexshop001\/"},{"@type":"ListItem","position":2,"name":"Tienda","item":"https:\/\/demoweb.info\/sexshop001\/tienda\/"},{"@type":"ListItem","position":3,"name":"EARTHLY BODY MIRACLE OIL &#8211; ARBOL DE TE &#8211; CREMA FACIAL Y CORPORAL &#8211; 140GM"}]},{"@type":"WebSite","@id":"https:\/\/demoweb.info\/sexshop001\/#website","url":"https:\/\/demoweb.info\/sexshop001\/","name":"Tienda Er\u00f3tica","description":"DEMOWEB SL","potentialAction":[{"@type":"SearchAction","target":{"@type":"EntryPoint","urlTemplate":"https:\/\/demoweb.info\/sexshop001\/?s={search_term_string}"},"query-input":"required name=search_term_string"}],"inLanguage":"es"}]}},"_links":{"self":[{"href":"https:\/\/demoweb.info\/sexshop001\/wp-json\/wp\/v3\/product\/10071","targetHints":{"allow":["GET"]}}],"collection":[{"href":"https:\/\/demoweb.info\/sexshop001\/wp-json\/wp\/v3\/product"}],"about":[{"href":"https:\/\/demoweb.info\/sexshop001\/wp-json\/wp\/v2\/types\/product"}],"replies":[{"embeddable":true,"href":"https:\/\/demoweb.info\/sexshop001\/wp-json\/wp\/v2\/comments?post=10071"}],"wp:featuredmedia":[{"embeddable":true,"href":"https:\/\/demoweb.info\/sexshop001\/wp-json\/wp\/v2\/media\/10072"}],"wp:attachment":[{"href":"https:\/\/demoweb.info\/sexshop001\/wp-json\/wp\/v2\/media?parent=10071"}],"wp:term":[{"taxonomy":"product_cat","embeddable":true,"href":"https:\/\/demoweb.info\/sexshop001\/wp-json\/wp\/v2\/product_cat?post=10071"},{"taxonomy":"product_tag","embeddable":true,"href":"https:\/\/demoweb.info\/sexshop001\/wp-json\/wp\/v2\/product_tag?post=10071"}],"curies":[{"name":"wp","href":"https:\/\/api.w.org\/{rel}","templated":true}]}}