{"id":10045,"date":"2022-01-22T09:47:51","date_gmt":"2022-01-22T08:47:51","guid":{"rendered":"https:\/\/demoweb.info\/sexshop001\/producto\/earthly-body-nag-champa-locion-corporal-30ml\/"},"modified":"2022-01-22T09:47:54","modified_gmt":"2022-01-22T08:47:54","slug":"earthly-body-nag-champa-locion-corporal-30ml","status":"publish","type":"product","link":"https:\/\/demoweb.info\/sexshop001\/producto\/earthly-body-nag-champa-locion-corporal-30ml\/","title":{"rendered":"EARTHLY BODY NAG CHAMPA &#8211; LOCION CORPORAL -30ML"},"content":{"rendered":"<p><strong>NAG CHAMPA HAND AND BODY LOTION &#8211; 30ML<\/strong><\/p>\n<p>Apaga la piel sedienta mientras restaura la elasticidad y flexibilidad con la Loci\u00f3n para manos y cuerpo de Earthly Body.<\/p>\n<p>Nuestra f\u00f3rmula no grasa se absorbe r\u00e1pidamente y contiene una mezcla ultra hidratante y rica en nutrientes de aceite de semilla de c\u00e1\u00f1amo y aceite de arg\u00e1n, dejando la piel sana, radiante y suave como la seda.<\/p>\n<ul>\n<li>Dimensiones del producto: 10,9 x 4,7 x 2,9 cm<\/li>\n<li>Peso del producto : 38 gram<\/li>\n<li>Volumen del producto : 30 ml<\/li>\n<li>Los ingredientes Aqua, Carthamus Tinctorious (Safflower) Seed Oil, Glycerin, Caprylic\/Capric Triglyceride, Cyclopentasiloxane, Stearic Acid, Cetyl Alcohol, Dimethicone, PEG-100 Stearate, Cannabis Sativa Seed Oil, Parfum, Tocopheryl Acetate, Argania Spinosa Kernel Oil, Butyrospermum Parkii Butter, Jojoba Chinensis Seed Oil, Aloe Barbadensis Leaf Juice, Symphytum Officinale Extract, Chamomilla Recutita Flower Extract, Ulmus Fulva Bark Extract, Avena Sativa Extract, Citrus Aurantium Amara Extract, Citrus Aurantium Dulcis Extract, Panax Ginseng Root Extract, Oenothera Biennis Extract, Glyceryl Stearate, Carbomer, Sodium Hydroxide, Ethylhexylglycerin, Phenoyethanol, Chlorphenesin, Benzoic Acid, Sorbic Acid, Hexyl Cinnamal, Benzyl Benzoate, Linalool, Coumarin, Limonene Aqua, Carthamus Tinctorious (Safflower) Seed Oil, Glycerin, Caprylic\/Capric Triglyceride, Cyclopentasiloxane, Stearic Acid, Cetyl Alcohol, Dimethicone, PEG-100 Stearate, Cannabis Sativa Seed Oil, Parfum, Tocopheryl Acetate, Argania Spinosa Kernel Oil, Butyrospermum Parkii Butter, Jojoba Chinensis Seed Oil, Aloe Barbadensis Leaf Juice, Symphytum Officinale Extract, Chamomilla Recutita Flower Extract, Ulmus Fulva Bark Extract, Avena Sativa Extract, Citrus Aurantium Amara Extract, Citrus Aurantium Dulcis Extract, Panax Ginseng Root Extract, Oenothera Biennis Extract, Glyceryl Stearate, Carbomer, Sodium Hydroxide, Ethylhexylglycerin, Phenoyethanol, Chlorphenesin, Benzoic Acid, Sorbic Acid, Hexyl Cinnamal, Benzyl Benzoate, Linalool, Coumarin, Limonene<\/li>\n<\/ul>\n","protected":false},"excerpt":{"rendered":"<p>NAG CHAMPA HAND AND BODY LOTION &#8211; 30ML Apaga la piel sedienta mientras restaura la elasticidad y flexibilidad con la<\/p>\n","protected":false},"featured_media":10046,"comment_status":"open","ping_status":"open","template":"","meta":[],"product_cat":[513],"product_tag":[511],"class_list":["post-10045","product","type-product","status-publish","has-post-thumbnail","hentry","product_cat-linea-cbd-salud-sexual","product_tag-earthly-body"],"bundled_by":[],"bundle_stock_status":"instock","bundle_stock_quantity":2,"bundle_virtual":false,"bundle_layout":"","bundle_add_to_cart_form_location":"","bundle_editable_in_cart":false,"bundle_sold_individually_context":"","bundle_item_grouping":"","bundle_min_size":"","bundle_max_size":"","bundled_items":[],"yoast_head":"<!-- This site is optimized with the Yoast SEO plugin v20.6 - https:\/\/yoast.com\/wordpress\/plugins\/seo\/ -->\n<title>EARTHLY BODY NAG CHAMPA - LOCION CORPORAL -30ML - Tienda Er\u00f3tica<\/title>\n<meta name=\"robots\" content=\"noindex, follow, max-snippet:-1, max-image-preview:large, max-video-preview:-1\" \/>\n<meta property=\"og:locale\" content=\"es_ES\" \/>\n<meta property=\"og:type\" content=\"article\" \/>\n<meta property=\"og:title\" content=\"EARTHLY BODY NAG CHAMPA - LOCION CORPORAL -30ML - Tienda Er\u00f3tica\" \/>\n<meta property=\"og:description\" content=\"NAG CHAMPA HAND AND BODY LOTION &#8211; 30ML Apaga la piel sedienta mientras restaura la elasticidad y flexibilidad con la\" \/>\n<meta property=\"og:url\" content=\"https:\/\/demoweb.info\/sexshop001\/producto\/earthly-body-nag-champa-locion-corporal-30ml\/\" \/>\n<meta property=\"og:site_name\" content=\"Tienda Er\u00f3tica\" \/>\n<meta property=\"article:modified_time\" content=\"2022-01-22T08:47:54+00:00\" \/>\n<meta property=\"og:image\" content=\"https:\/\/demoweb.info\/sexshop001\/wp-content\/uploads\/2022\/01\/EARTHLY-BODY-NAG-CHAMPA-LOCION-CORPORAL-30ML.jpg\" \/>\n\t<meta property=\"og:image:width\" content=\"550\" \/>\n\t<meta property=\"og:image:height\" content=\"550\" \/>\n\t<meta property=\"og:image:type\" content=\"image\/jpeg\" \/>\n<meta name=\"twitter:card\" content=\"summary_large_image\" \/>\n<meta name=\"twitter:label1\" content=\"Tiempo de lectura\" \/>\n\t<meta name=\"twitter:data1\" content=\"1 minuto\" \/>\n<script type=\"application\/ld+json\" class=\"yoast-schema-graph\">{\"@context\":\"https:\/\/schema.org\",\"@graph\":[{\"@type\":\"WebPage\",\"@id\":\"https:\/\/demoweb.info\/sexshop001\/producto\/earthly-body-nag-champa-locion-corporal-30ml\/\",\"url\":\"https:\/\/demoweb.info\/sexshop001\/producto\/earthly-body-nag-champa-locion-corporal-30ml\/\",\"name\":\"EARTHLY BODY NAG CHAMPA - LOCION CORPORAL -30ML - Tienda Er\u00f3tica\",\"isPartOf\":{\"@id\":\"https:\/\/demoweb.info\/sexshop001\/#website\"},\"datePublished\":\"2022-01-22T08:47:51+00:00\",\"dateModified\":\"2022-01-22T08:47:54+00:00\",\"breadcrumb\":{\"@id\":\"https:\/\/demoweb.info\/sexshop001\/producto\/earthly-body-nag-champa-locion-corporal-30ml\/#breadcrumb\"},\"inLanguage\":\"es\",\"potentialAction\":[{\"@type\":\"ReadAction\",\"target\":[\"https:\/\/demoweb.info\/sexshop001\/producto\/earthly-body-nag-champa-locion-corporal-30ml\/\"]}]},{\"@type\":\"BreadcrumbList\",\"@id\":\"https:\/\/demoweb.info\/sexshop001\/producto\/earthly-body-nag-champa-locion-corporal-30ml\/#breadcrumb\",\"itemListElement\":[{\"@type\":\"ListItem\",\"position\":1,\"name\":\"Portada\",\"item\":\"https:\/\/demoweb.info\/sexshop001\/\"},{\"@type\":\"ListItem\",\"position\":2,\"name\":\"Tienda\",\"item\":\"https:\/\/demoweb.info\/sexshop001\/tienda\/\"},{\"@type\":\"ListItem\",\"position\":3,\"name\":\"EARTHLY BODY NAG CHAMPA &#8211; LOCION CORPORAL -30ML\"}]},{\"@type\":\"WebSite\",\"@id\":\"https:\/\/demoweb.info\/sexshop001\/#website\",\"url\":\"https:\/\/demoweb.info\/sexshop001\/\",\"name\":\"Tienda Er\u00f3tica\",\"description\":\"DEMOWEB SL\",\"potentialAction\":[{\"@type\":\"SearchAction\",\"target\":{\"@type\":\"EntryPoint\",\"urlTemplate\":\"https:\/\/demoweb.info\/sexshop001\/?s={search_term_string}\"},\"query-input\":\"required name=search_term_string\"}],\"inLanguage\":\"es\"}]}<\/script>\n<!-- \/ Yoast SEO plugin. -->","yoast_head_json":{"title":"EARTHLY BODY NAG CHAMPA - LOCION CORPORAL -30ML - Tienda Er\u00f3tica","robots":{"index":"noindex","follow":"follow","max-snippet":"max-snippet:-1","max-image-preview":"max-image-preview:large","max-video-preview":"max-video-preview:-1"},"og_locale":"es_ES","og_type":"article","og_title":"EARTHLY BODY NAG CHAMPA - LOCION CORPORAL -30ML - Tienda Er\u00f3tica","og_description":"NAG CHAMPA HAND AND BODY LOTION &#8211; 30ML Apaga la piel sedienta mientras restaura la elasticidad y flexibilidad con la","og_url":"https:\/\/demoweb.info\/sexshop001\/producto\/earthly-body-nag-champa-locion-corporal-30ml\/","og_site_name":"Tienda Er\u00f3tica","article_modified_time":"2022-01-22T08:47:54+00:00","og_image":[{"width":550,"height":550,"url":"https:\/\/demoweb.info\/sexshop001\/wp-content\/uploads\/2022\/01\/EARTHLY-BODY-NAG-CHAMPA-LOCION-CORPORAL-30ML.jpg","type":"image\/jpeg"}],"twitter_card":"summary_large_image","twitter_misc":{"Tiempo de lectura":"1 minuto"},"schema":{"@context":"https:\/\/schema.org","@graph":[{"@type":"WebPage","@id":"https:\/\/demoweb.info\/sexshop001\/producto\/earthly-body-nag-champa-locion-corporal-30ml\/","url":"https:\/\/demoweb.info\/sexshop001\/producto\/earthly-body-nag-champa-locion-corporal-30ml\/","name":"EARTHLY BODY NAG CHAMPA - LOCION CORPORAL -30ML - Tienda Er\u00f3tica","isPartOf":{"@id":"https:\/\/demoweb.info\/sexshop001\/#website"},"datePublished":"2022-01-22T08:47:51+00:00","dateModified":"2022-01-22T08:47:54+00:00","breadcrumb":{"@id":"https:\/\/demoweb.info\/sexshop001\/producto\/earthly-body-nag-champa-locion-corporal-30ml\/#breadcrumb"},"inLanguage":"es","potentialAction":[{"@type":"ReadAction","target":["https:\/\/demoweb.info\/sexshop001\/producto\/earthly-body-nag-champa-locion-corporal-30ml\/"]}]},{"@type":"BreadcrumbList","@id":"https:\/\/demoweb.info\/sexshop001\/producto\/earthly-body-nag-champa-locion-corporal-30ml\/#breadcrumb","itemListElement":[{"@type":"ListItem","position":1,"name":"Portada","item":"https:\/\/demoweb.info\/sexshop001\/"},{"@type":"ListItem","position":2,"name":"Tienda","item":"https:\/\/demoweb.info\/sexshop001\/tienda\/"},{"@type":"ListItem","position":3,"name":"EARTHLY BODY NAG CHAMPA &#8211; LOCION CORPORAL -30ML"}]},{"@type":"WebSite","@id":"https:\/\/demoweb.info\/sexshop001\/#website","url":"https:\/\/demoweb.info\/sexshop001\/","name":"Tienda Er\u00f3tica","description":"DEMOWEB SL","potentialAction":[{"@type":"SearchAction","target":{"@type":"EntryPoint","urlTemplate":"https:\/\/demoweb.info\/sexshop001\/?s={search_term_string}"},"query-input":"required name=search_term_string"}],"inLanguage":"es"}]}},"_links":{"self":[{"href":"https:\/\/demoweb.info\/sexshop001\/wp-json\/wp\/v3\/product\/10045","targetHints":{"allow":["GET"]}}],"collection":[{"href":"https:\/\/demoweb.info\/sexshop001\/wp-json\/wp\/v3\/product"}],"about":[{"href":"https:\/\/demoweb.info\/sexshop001\/wp-json\/wp\/v2\/types\/product"}],"replies":[{"embeddable":true,"href":"https:\/\/demoweb.info\/sexshop001\/wp-json\/wp\/v2\/comments?post=10045"}],"wp:featuredmedia":[{"embeddable":true,"href":"https:\/\/demoweb.info\/sexshop001\/wp-json\/wp\/v2\/media\/10046"}],"wp:attachment":[{"href":"https:\/\/demoweb.info\/sexshop001\/wp-json\/wp\/v2\/media?parent=10045"}],"wp:term":[{"taxonomy":"product_cat","embeddable":true,"href":"https:\/\/demoweb.info\/sexshop001\/wp-json\/wp\/v2\/product_cat?post=10045"},{"taxonomy":"product_tag","embeddable":true,"href":"https:\/\/demoweb.info\/sexshop001\/wp-json\/wp\/v2\/product_tag?post=10045"}],"curies":[{"name":"wp","href":"https:\/\/api.w.org\/{rel}","templated":true}]}}