{"id":10011,"date":"2022-01-22T09:47:40","date_gmt":"2022-01-22T08:47:40","guid":{"rendered":"https:\/\/demoweb.info\/sexshop001\/producto\/earthly-body-naked-in-the-woods-locion-corporal-207-ml\/"},"modified":"2022-01-22T09:47:42","modified_gmt":"2022-01-22T08:47:42","slug":"earthly-body-naked-in-the-woods-locion-corporal-207-ml","status":"publish","type":"product","link":"https:\/\/demoweb.info\/sexshop001\/producto\/earthly-body-naked-in-the-woods-locion-corporal-207-ml\/","title":{"rendered":"EARTHLY BODY NAKED IN THE WOODS &#8211; LOCION CORPORAL &#8211; 207 ML"},"content":{"rendered":"<p><strong>NAKED IN THE WOODS HAND AND BODY LOTION &#8211; 207 ml<\/strong><\/p>\n<p>Apaga la piel sedienta mientras restaura la elasticidad y flexibilidad con la Loci\u00f3n para manos y cuerpo de Earthly Body.<\/p>\n<p>Nuestra f\u00f3rmula no grasa se absorbe r\u00e1pidamente y contiene una mezcla ultra hidratante y rica en nutrientes de aceite de semilla de c\u00e1\u00f1amo y aceite de arg\u00e1n, dejando la piel sana, radiante y suave como la seda.<\/p>\n<ul>\n<li>Dimensiones del producto :17,5 x 7,6 x 4,9 cm<\/li>\n<li>Peso del producto : 225,gram<\/li>\n<li>Volumen del producto : 207 ml<\/li>\n<li>Los ingredientes    Aqua, Carthamus Tinctorious (Safflower) Seed Oil, Glycerin, Caprylic\/Capric Triglyceride, Cyclopentasiloxane, Stearic Acid, Cetyl Alcohol, Dimethicone, PEG-100 Stearate, Cannabis Sativa Seed Oil, Parfum, Tocopheryl Acetate, Argania Spinosa Kernel Oil, Butyrospermum Parkii Butter, Jojoba Chinensis Seed Oil, Aloe Barbadensis Leaf Juice, Symphytum Officinale Extract, Chamomilla Recutita Flower Extract, Ulmus Fulva Bark Extract, Avena Sativa Extract, Citrus Aurantium Amara Extract, Citrus Aurantium Dulcis Extract, Panax Ginseng Root Extract, Oenothera Biennis Extract, Glyceryl Stearate, Carbomer, Sodium Hydroxide, Ethylhexylglycerin, Phenoyethanol, Chlorphenesin, Benzoic Acid, Sorbic Acid, Hexyl Cinnamal, Benzyl Benzoate, Linalool, Coumarin, Limonene<\/li>\n<\/ul>\n<p>\n <\/p>\n","protected":false},"excerpt":{"rendered":"<p>NAKED IN THE WOODS HAND AND BODY LOTION &#8211; 207 ml Apaga la piel sedienta mientras restaura la elasticidad y<\/p>\n","protected":false},"featured_media":10012,"comment_status":"open","ping_status":"open","template":"","meta":[],"product_cat":[510],"product_tag":[511],"class_list":["post-10011","product","type-product","status-publish","has-post-thumbnail","hentry","product_cat-linea-cbd","product_tag-earthly-body"],"bundled_by":[],"bundle_stock_status":"instock","bundle_stock_quantity":1,"bundle_virtual":false,"bundle_layout":"","bundle_add_to_cart_form_location":"","bundle_editable_in_cart":false,"bundle_sold_individually_context":"","bundle_item_grouping":"","bundle_min_size":"","bundle_max_size":"","bundled_items":[],"yoast_head":"<!-- This site is optimized with the Yoast SEO plugin v20.6 - https:\/\/yoast.com\/wordpress\/plugins\/seo\/ -->\n<title>EARTHLY BODY NAKED IN THE WOODS - LOCION CORPORAL - 207 ML - Tienda Er\u00f3tica<\/title>\n<meta name=\"robots\" content=\"noindex, follow, max-snippet:-1, max-image-preview:large, max-video-preview:-1\" \/>\n<meta property=\"og:locale\" content=\"es_ES\" \/>\n<meta property=\"og:type\" content=\"article\" \/>\n<meta property=\"og:title\" content=\"EARTHLY BODY NAKED IN THE WOODS - LOCION CORPORAL - 207 ML - Tienda Er\u00f3tica\" \/>\n<meta property=\"og:description\" content=\"NAKED IN THE WOODS HAND AND BODY LOTION &#8211; 207 ml Apaga la piel sedienta mientras restaura la elasticidad y\" \/>\n<meta property=\"og:url\" content=\"https:\/\/demoweb.info\/sexshop001\/producto\/earthly-body-naked-in-the-woods-locion-corporal-207-ml\/\" \/>\n<meta property=\"og:site_name\" content=\"Tienda Er\u00f3tica\" \/>\n<meta property=\"article:modified_time\" content=\"2022-01-22T08:47:42+00:00\" \/>\n<meta property=\"og:image\" content=\"https:\/\/demoweb.info\/sexshop001\/wp-content\/uploads\/2022\/01\/EARTHLY-BODY-NAKED-IN-THE-WOODS-LOCION-CORPORAL-207-ML.jpg\" \/>\n\t<meta property=\"og:image:width\" content=\"550\" \/>\n\t<meta property=\"og:image:height\" content=\"550\" \/>\n\t<meta property=\"og:image:type\" content=\"image\/jpeg\" \/>\n<meta name=\"twitter:card\" content=\"summary_large_image\" \/>\n<meta name=\"twitter:label1\" content=\"Tiempo de lectura\" \/>\n\t<meta name=\"twitter:data1\" content=\"1 minuto\" \/>\n<script type=\"application\/ld+json\" class=\"yoast-schema-graph\">{\"@context\":\"https:\/\/schema.org\",\"@graph\":[{\"@type\":\"WebPage\",\"@id\":\"https:\/\/demoweb.info\/sexshop001\/producto\/earthly-body-naked-in-the-woods-locion-corporal-207-ml\/\",\"url\":\"https:\/\/demoweb.info\/sexshop001\/producto\/earthly-body-naked-in-the-woods-locion-corporal-207-ml\/\",\"name\":\"EARTHLY BODY NAKED IN THE WOODS - LOCION CORPORAL - 207 ML - Tienda Er\u00f3tica\",\"isPartOf\":{\"@id\":\"https:\/\/demoweb.info\/sexshop001\/#website\"},\"datePublished\":\"2022-01-22T08:47:40+00:00\",\"dateModified\":\"2022-01-22T08:47:42+00:00\",\"breadcrumb\":{\"@id\":\"https:\/\/demoweb.info\/sexshop001\/producto\/earthly-body-naked-in-the-woods-locion-corporal-207-ml\/#breadcrumb\"},\"inLanguage\":\"es\",\"potentialAction\":[{\"@type\":\"ReadAction\",\"target\":[\"https:\/\/demoweb.info\/sexshop001\/producto\/earthly-body-naked-in-the-woods-locion-corporal-207-ml\/\"]}]},{\"@type\":\"BreadcrumbList\",\"@id\":\"https:\/\/demoweb.info\/sexshop001\/producto\/earthly-body-naked-in-the-woods-locion-corporal-207-ml\/#breadcrumb\",\"itemListElement\":[{\"@type\":\"ListItem\",\"position\":1,\"name\":\"Portada\",\"item\":\"https:\/\/demoweb.info\/sexshop001\/\"},{\"@type\":\"ListItem\",\"position\":2,\"name\":\"Tienda\",\"item\":\"https:\/\/demoweb.info\/sexshop001\/tienda\/\"},{\"@type\":\"ListItem\",\"position\":3,\"name\":\"EARTHLY BODY NAKED IN THE WOODS &#8211; LOCION CORPORAL &#8211; 207 ML\"}]},{\"@type\":\"WebSite\",\"@id\":\"https:\/\/demoweb.info\/sexshop001\/#website\",\"url\":\"https:\/\/demoweb.info\/sexshop001\/\",\"name\":\"Tienda Er\u00f3tica\",\"description\":\"DEMOWEB SL\",\"potentialAction\":[{\"@type\":\"SearchAction\",\"target\":{\"@type\":\"EntryPoint\",\"urlTemplate\":\"https:\/\/demoweb.info\/sexshop001\/?s={search_term_string}\"},\"query-input\":\"required name=search_term_string\"}],\"inLanguage\":\"es\"}]}<\/script>\n<!-- \/ Yoast SEO plugin. -->","yoast_head_json":{"title":"EARTHLY BODY NAKED IN THE WOODS - LOCION CORPORAL - 207 ML - Tienda Er\u00f3tica","robots":{"index":"noindex","follow":"follow","max-snippet":"max-snippet:-1","max-image-preview":"max-image-preview:large","max-video-preview":"max-video-preview:-1"},"og_locale":"es_ES","og_type":"article","og_title":"EARTHLY BODY NAKED IN THE WOODS - LOCION CORPORAL - 207 ML - Tienda Er\u00f3tica","og_description":"NAKED IN THE WOODS HAND AND BODY LOTION &#8211; 207 ml Apaga la piel sedienta mientras restaura la elasticidad y","og_url":"https:\/\/demoweb.info\/sexshop001\/producto\/earthly-body-naked-in-the-woods-locion-corporal-207-ml\/","og_site_name":"Tienda Er\u00f3tica","article_modified_time":"2022-01-22T08:47:42+00:00","og_image":[{"width":550,"height":550,"url":"https:\/\/demoweb.info\/sexshop001\/wp-content\/uploads\/2022\/01\/EARTHLY-BODY-NAKED-IN-THE-WOODS-LOCION-CORPORAL-207-ML.jpg","type":"image\/jpeg"}],"twitter_card":"summary_large_image","twitter_misc":{"Tiempo de lectura":"1 minuto"},"schema":{"@context":"https:\/\/schema.org","@graph":[{"@type":"WebPage","@id":"https:\/\/demoweb.info\/sexshop001\/producto\/earthly-body-naked-in-the-woods-locion-corporal-207-ml\/","url":"https:\/\/demoweb.info\/sexshop001\/producto\/earthly-body-naked-in-the-woods-locion-corporal-207-ml\/","name":"EARTHLY BODY NAKED IN THE WOODS - LOCION CORPORAL - 207 ML - Tienda Er\u00f3tica","isPartOf":{"@id":"https:\/\/demoweb.info\/sexshop001\/#website"},"datePublished":"2022-01-22T08:47:40+00:00","dateModified":"2022-01-22T08:47:42+00:00","breadcrumb":{"@id":"https:\/\/demoweb.info\/sexshop001\/producto\/earthly-body-naked-in-the-woods-locion-corporal-207-ml\/#breadcrumb"},"inLanguage":"es","potentialAction":[{"@type":"ReadAction","target":["https:\/\/demoweb.info\/sexshop001\/producto\/earthly-body-naked-in-the-woods-locion-corporal-207-ml\/"]}]},{"@type":"BreadcrumbList","@id":"https:\/\/demoweb.info\/sexshop001\/producto\/earthly-body-naked-in-the-woods-locion-corporal-207-ml\/#breadcrumb","itemListElement":[{"@type":"ListItem","position":1,"name":"Portada","item":"https:\/\/demoweb.info\/sexshop001\/"},{"@type":"ListItem","position":2,"name":"Tienda","item":"https:\/\/demoweb.info\/sexshop001\/tienda\/"},{"@type":"ListItem","position":3,"name":"EARTHLY BODY NAKED IN THE WOODS &#8211; LOCION CORPORAL &#8211; 207 ML"}]},{"@type":"WebSite","@id":"https:\/\/demoweb.info\/sexshop001\/#website","url":"https:\/\/demoweb.info\/sexshop001\/","name":"Tienda Er\u00f3tica","description":"DEMOWEB SL","potentialAction":[{"@type":"SearchAction","target":{"@type":"EntryPoint","urlTemplate":"https:\/\/demoweb.info\/sexshop001\/?s={search_term_string}"},"query-input":"required name=search_term_string"}],"inLanguage":"es"}]}},"_links":{"self":[{"href":"https:\/\/demoweb.info\/sexshop001\/wp-json\/wp\/v3\/product\/10011","targetHints":{"allow":["GET"]}}],"collection":[{"href":"https:\/\/demoweb.info\/sexshop001\/wp-json\/wp\/v3\/product"}],"about":[{"href":"https:\/\/demoweb.info\/sexshop001\/wp-json\/wp\/v2\/types\/product"}],"replies":[{"embeddable":true,"href":"https:\/\/demoweb.info\/sexshop001\/wp-json\/wp\/v2\/comments?post=10011"}],"wp:featuredmedia":[{"embeddable":true,"href":"https:\/\/demoweb.info\/sexshop001\/wp-json\/wp\/v2\/media\/10012"}],"wp:attachment":[{"href":"https:\/\/demoweb.info\/sexshop001\/wp-json\/wp\/v2\/media?parent=10011"}],"wp:term":[{"taxonomy":"product_cat","embeddable":true,"href":"https:\/\/demoweb.info\/sexshop001\/wp-json\/wp\/v2\/product_cat?post=10011"},{"taxonomy":"product_tag","embeddable":true,"href":"https:\/\/demoweb.info\/sexshop001\/wp-json\/wp\/v2\/product_tag?post=10011"}],"curies":[{"name":"wp","href":"https:\/\/api.w.org\/{rel}","templated":true}]}}