{"id":10003,"date":"2022-01-22T09:47:24","date_gmt":"2022-01-22T08:47:24","guid":{"rendered":"https:\/\/demoweb.info\/sexshop001\/producto\/earthly-body-crema-para-el-cuerpo-bio-207ml\/"},"modified":"2022-01-22T09:47:36","modified_gmt":"2022-01-22T08:47:36","slug":"earthly-body-crema-para-el-cuerpo-bio-207ml","status":"publish","type":"product","link":"https:\/\/demoweb.info\/sexshop001\/producto\/earthly-body-crema-para-el-cuerpo-bio-207ml\/","title":{"rendered":"EARTHLY BODY CREMA PARA EL CUERPO BIO 207ML"},"content":{"rendered":"<p><strong>UNSCENTED HAND AND BODY LOTION <\/strong><\/p>\n<p>Restaura la elasticidad y flexibilidad con la Loci\u00f3n para manos y cuerpo de Earthly Body.<\/p>\n<p>Nuestra f\u00f3rmula no grasa se absorbe r\u00e1pidamente y contiene una mezcla ultra hidratante y rica en nutrientes de aceite de semilla de c\u00e1\u00f1amo y aceite de arg\u00e1n, que deja la piel sana, radiante y suave como la seda.<\/p>\n<p>Volumen del producto: 207 ml<\/p>\n<p>Ingredientes: Aqua, Carthamus Tinctorious (Safflower) Seed Oil, Glycerin, Caprylic\/Capric Triglyceride, Cyclopentasiloxane, Stearic Acid, Cetyl Alcohol, Dimethicone, PEG-100 Stearate, Cannabis Sativa Seed Oil, Parfum, Tocopheryl Acetate, Argania Spinosa Kernel Oil, Butyrospermum Parkii Butter, Jojoba Chinensis Seed Oil, Aloe Barbadensis Leaf Juice, Symphytum Officinale Extract, Chamomilla Recutita Flower Extract, Ulmus Fulva Bark Extract, Avena Sativa Extract, Citrus Aurantium Amara Extract, Citrus Aurantium Dulcis Extract, Panax Ginseng Root Extract, Oenothera Biennis Extract, Glyceryl Stearate, Carbomer, Sodium Hydroxide, Ethylhexylglycerin, Phenoyethanol, Chlorphenesin, Benzoic Acid, Sorbic Acid,<\/p>\n","protected":false},"excerpt":{"rendered":"<p>UNSCENTED HAND AND BODY LOTION Restaura la elasticidad y flexibilidad con la Loci\u00f3n para manos y cuerpo de Earthly Body.<\/p>\n","protected":false},"featured_media":10004,"comment_status":"open","ping_status":"open","template":"","meta":[],"product_cat":[514],"product_tag":[511],"class_list":["post-10003","product","type-product","status-publish","has-post-thumbnail","hentry","product_cat-linea-bio","product_tag-earthly-body"],"bundled_by":[],"bundle_stock_status":"instock","bundle_stock_quantity":3,"bundle_virtual":false,"bundle_layout":"","bundle_add_to_cart_form_location":"","bundle_editable_in_cart":false,"bundle_sold_individually_context":"","bundle_item_grouping":"","bundle_min_size":"","bundle_max_size":"","bundled_items":[],"yoast_head":"<!-- This site is optimized with the Yoast SEO plugin v20.6 - https:\/\/yoast.com\/wordpress\/plugins\/seo\/ -->\n<title>EARTHLY BODY CREMA PARA EL CUERPO BIO 207ML - Tienda Er\u00f3tica<\/title>\n<meta name=\"robots\" content=\"noindex, follow, max-snippet:-1, max-image-preview:large, max-video-preview:-1\" \/>\n<meta property=\"og:locale\" content=\"es_ES\" \/>\n<meta property=\"og:type\" content=\"article\" \/>\n<meta property=\"og:title\" content=\"EARTHLY BODY CREMA PARA EL CUERPO BIO 207ML - Tienda Er\u00f3tica\" \/>\n<meta property=\"og:description\" content=\"UNSCENTED HAND AND BODY LOTION Restaura la elasticidad y flexibilidad con la Loci\u00f3n para manos y cuerpo de Earthly Body.\" \/>\n<meta property=\"og:url\" content=\"https:\/\/demoweb.info\/sexshop001\/producto\/earthly-body-crema-para-el-cuerpo-bio-207ml\/\" \/>\n<meta property=\"og:site_name\" content=\"Tienda Er\u00f3tica\" \/>\n<meta property=\"article:modified_time\" content=\"2022-01-22T08:47:36+00:00\" \/>\n<meta property=\"og:image\" content=\"https:\/\/demoweb.info\/sexshop001\/wp-content\/uploads\/2022\/01\/EARTHLY-BODY-CREMA-PARA-EL-CUERPO-BIO-207ML.jpg\" \/>\n\t<meta property=\"og:image:width\" content=\"550\" \/>\n\t<meta property=\"og:image:height\" content=\"550\" \/>\n\t<meta property=\"og:image:type\" content=\"image\/jpeg\" \/>\n<meta name=\"twitter:card\" content=\"summary_large_image\" \/>\n<meta name=\"twitter:label1\" content=\"Tiempo de lectura\" \/>\n\t<meta name=\"twitter:data1\" content=\"1 minuto\" \/>\n<script type=\"application\/ld+json\" class=\"yoast-schema-graph\">{\"@context\":\"https:\/\/schema.org\",\"@graph\":[{\"@type\":\"WebPage\",\"@id\":\"https:\/\/demoweb.info\/sexshop001\/producto\/earthly-body-crema-para-el-cuerpo-bio-207ml\/\",\"url\":\"https:\/\/demoweb.info\/sexshop001\/producto\/earthly-body-crema-para-el-cuerpo-bio-207ml\/\",\"name\":\"EARTHLY BODY CREMA PARA EL CUERPO BIO 207ML - Tienda Er\u00f3tica\",\"isPartOf\":{\"@id\":\"https:\/\/demoweb.info\/sexshop001\/#website\"},\"datePublished\":\"2022-01-22T08:47:24+00:00\",\"dateModified\":\"2022-01-22T08:47:36+00:00\",\"breadcrumb\":{\"@id\":\"https:\/\/demoweb.info\/sexshop001\/producto\/earthly-body-crema-para-el-cuerpo-bio-207ml\/#breadcrumb\"},\"inLanguage\":\"es\",\"potentialAction\":[{\"@type\":\"ReadAction\",\"target\":[\"https:\/\/demoweb.info\/sexshop001\/producto\/earthly-body-crema-para-el-cuerpo-bio-207ml\/\"]}]},{\"@type\":\"BreadcrumbList\",\"@id\":\"https:\/\/demoweb.info\/sexshop001\/producto\/earthly-body-crema-para-el-cuerpo-bio-207ml\/#breadcrumb\",\"itemListElement\":[{\"@type\":\"ListItem\",\"position\":1,\"name\":\"Portada\",\"item\":\"https:\/\/demoweb.info\/sexshop001\/\"},{\"@type\":\"ListItem\",\"position\":2,\"name\":\"Tienda\",\"item\":\"https:\/\/demoweb.info\/sexshop001\/tienda\/\"},{\"@type\":\"ListItem\",\"position\":3,\"name\":\"EARTHLY BODY CREMA PARA EL CUERPO BIO 207ML\"}]},{\"@type\":\"WebSite\",\"@id\":\"https:\/\/demoweb.info\/sexshop001\/#website\",\"url\":\"https:\/\/demoweb.info\/sexshop001\/\",\"name\":\"Tienda Er\u00f3tica\",\"description\":\"DEMOWEB SL\",\"potentialAction\":[{\"@type\":\"SearchAction\",\"target\":{\"@type\":\"EntryPoint\",\"urlTemplate\":\"https:\/\/demoweb.info\/sexshop001\/?s={search_term_string}\"},\"query-input\":\"required name=search_term_string\"}],\"inLanguage\":\"es\"}]}<\/script>\n<!-- \/ Yoast SEO plugin. -->","yoast_head_json":{"title":"EARTHLY BODY CREMA PARA EL CUERPO BIO 207ML - Tienda Er\u00f3tica","robots":{"index":"noindex","follow":"follow","max-snippet":"max-snippet:-1","max-image-preview":"max-image-preview:large","max-video-preview":"max-video-preview:-1"},"og_locale":"es_ES","og_type":"article","og_title":"EARTHLY BODY CREMA PARA EL CUERPO BIO 207ML - Tienda Er\u00f3tica","og_description":"UNSCENTED HAND AND BODY LOTION Restaura la elasticidad y flexibilidad con la Loci\u00f3n para manos y cuerpo de Earthly Body.","og_url":"https:\/\/demoweb.info\/sexshop001\/producto\/earthly-body-crema-para-el-cuerpo-bio-207ml\/","og_site_name":"Tienda Er\u00f3tica","article_modified_time":"2022-01-22T08:47:36+00:00","og_image":[{"width":550,"height":550,"url":"https:\/\/demoweb.info\/sexshop001\/wp-content\/uploads\/2022\/01\/EARTHLY-BODY-CREMA-PARA-EL-CUERPO-BIO-207ML.jpg","type":"image\/jpeg"}],"twitter_card":"summary_large_image","twitter_misc":{"Tiempo de lectura":"1 minuto"},"schema":{"@context":"https:\/\/schema.org","@graph":[{"@type":"WebPage","@id":"https:\/\/demoweb.info\/sexshop001\/producto\/earthly-body-crema-para-el-cuerpo-bio-207ml\/","url":"https:\/\/demoweb.info\/sexshop001\/producto\/earthly-body-crema-para-el-cuerpo-bio-207ml\/","name":"EARTHLY BODY CREMA PARA EL CUERPO BIO 207ML - Tienda Er\u00f3tica","isPartOf":{"@id":"https:\/\/demoweb.info\/sexshop001\/#website"},"datePublished":"2022-01-22T08:47:24+00:00","dateModified":"2022-01-22T08:47:36+00:00","breadcrumb":{"@id":"https:\/\/demoweb.info\/sexshop001\/producto\/earthly-body-crema-para-el-cuerpo-bio-207ml\/#breadcrumb"},"inLanguage":"es","potentialAction":[{"@type":"ReadAction","target":["https:\/\/demoweb.info\/sexshop001\/producto\/earthly-body-crema-para-el-cuerpo-bio-207ml\/"]}]},{"@type":"BreadcrumbList","@id":"https:\/\/demoweb.info\/sexshop001\/producto\/earthly-body-crema-para-el-cuerpo-bio-207ml\/#breadcrumb","itemListElement":[{"@type":"ListItem","position":1,"name":"Portada","item":"https:\/\/demoweb.info\/sexshop001\/"},{"@type":"ListItem","position":2,"name":"Tienda","item":"https:\/\/demoweb.info\/sexshop001\/tienda\/"},{"@type":"ListItem","position":3,"name":"EARTHLY BODY CREMA PARA EL CUERPO BIO 207ML"}]},{"@type":"WebSite","@id":"https:\/\/demoweb.info\/sexshop001\/#website","url":"https:\/\/demoweb.info\/sexshop001\/","name":"Tienda Er\u00f3tica","description":"DEMOWEB SL","potentialAction":[{"@type":"SearchAction","target":{"@type":"EntryPoint","urlTemplate":"https:\/\/demoweb.info\/sexshop001\/?s={search_term_string}"},"query-input":"required name=search_term_string"}],"inLanguage":"es"}]}},"_links":{"self":[{"href":"https:\/\/demoweb.info\/sexshop001\/wp-json\/wp\/v3\/product\/10003","targetHints":{"allow":["GET"]}}],"collection":[{"href":"https:\/\/demoweb.info\/sexshop001\/wp-json\/wp\/v3\/product"}],"about":[{"href":"https:\/\/demoweb.info\/sexshop001\/wp-json\/wp\/v2\/types\/product"}],"replies":[{"embeddable":true,"href":"https:\/\/demoweb.info\/sexshop001\/wp-json\/wp\/v2\/comments?post=10003"}],"wp:featuredmedia":[{"embeddable":true,"href":"https:\/\/demoweb.info\/sexshop001\/wp-json\/wp\/v2\/media\/10004"}],"wp:attachment":[{"href":"https:\/\/demoweb.info\/sexshop001\/wp-json\/wp\/v2\/media?parent=10003"}],"wp:term":[{"taxonomy":"product_cat","embeddable":true,"href":"https:\/\/demoweb.info\/sexshop001\/wp-json\/wp\/v2\/product_cat?post=10003"},{"taxonomy":"product_tag","embeddable":true,"href":"https:\/\/demoweb.info\/sexshop001\/wp-json\/wp\/v2\/product_tag?post=10003"}],"curies":[{"name":"wp","href":"https:\/\/api.w.org\/{rel}","templated":true}]}}