{"id":1557,"date":"2021-10-24T07:49:48","date_gmt":"2021-10-24T07:49:48","guid":{"rendered":"https:\/\/demoweb.info\/sexshop001\/?page_id=1557"},"modified":"2022-01-23T18:55:48","modified_gmt":"2022-01-23T17:55:48","slug":"condiciones-de-uso","status":"publish","type":"page","link":"https:\/\/demoweb.info\/sexshop001\/condiciones-de-uso\/","title":{"rendered":"Condiciones de Uso"},"content":{"rendered":"<p>Condiciones de uso que definen las relaciones entre los usuarios y el responsable de la p\u00e1gina web accesible en la direcci\u00f3n URL https:\/\/demoweb.info\/sexshop001 (en adelante, el sitio web), que DEMOWEB SL pone a disposici\u00f3n de los usuarios de Internet.<\/p>\n<p>La utilizaci\u00f3n del sitio web implica la aceptaci\u00f3n plena y sin reservas de todas y cada una de las disposiciones incluidas en las condiciones de uso. En consecuencia, el usuario del sitio web debe leer atentamente el presente documento en cada una de las ocasiones en que se proponga utilizar la web, ya que el texto podr\u00eda sufrir modificaciones a criterio del titular de la web, o a causa de un cambio legislativo, jurisprudencial o en la pr\u00e1ctica empresarial.<\/p>\n<h3>Uso del sitio web<\/h3>\n<p>El uso de nuestro sitio web implica la aceptaci\u00f3n de las pol\u00edticas de privacidad, pol\u00edticas de cookies, avisos legales y condiciones de uso.<br \/>\n<a name=\"devoluciones\"><\/a><\/p>\n<h3>Devoluciones<\/h3>\n<p>Las devoluciones de productos son responsabilidad del comprador y los productos deben enviarse por mensajer\u00eda certificada, en un plazo de 15 d\u00edas, con todos los envoltorios originales en los que han sido enviados.<\/p>\n<p>Los servicios contratado en DEMOWEB SL no contemplan devoluciones debido a su naturaleza \u00abvirtual\u00bb. <\/p>\n","protected":false},"excerpt":{"rendered":"<p>Condiciones de uso que definen las relaciones entre los usuarios y el responsable de la p\u00e1gina web accesible en la<\/p>\n","protected":false},"author":1,"featured_media":0,"parent":0,"menu_order":0,"comment_status":"closed","ping_status":"closed","template":"","meta":{"footnotes":""},"class_list":["post-1557","page","type-page","status-publish","hentry"],"acf":[],"yoast_head":"<!-- This site is optimized with the Yoast SEO plugin v20.6 - https:\/\/yoast.com\/wordpress\/plugins\/seo\/ -->\n<title>Condiciones de Uso - Tienda Er\u00f3tica<\/title>\n<meta name=\"robots\" content=\"noindex, follow\" \/>\n<meta property=\"og:locale\" content=\"es_ES\" \/>\n<meta property=\"og:type\" content=\"article\" \/>\n<meta property=\"og:title\" content=\"Condiciones de Uso - Tienda Er\u00f3tica\" \/>\n<meta property=\"og:description\" content=\"Condiciones de uso que definen las relaciones entre los usuarios y el responsable de la p\u00e1gina web accesible en la\" \/>\n<meta property=\"og:url\" content=\"https:\/\/demoweb.info\/sexshop001\/condiciones-de-uso\/\" \/>\n<meta property=\"og:site_name\" content=\"Tienda Er\u00f3tica\" \/>\n<meta property=\"article:modified_time\" content=\"2022-01-23T17:55:48+00:00\" \/>\n<meta name=\"twitter:card\" content=\"summary_large_image\" \/>\n<meta name=\"twitter:label1\" content=\"Tiempo de lectura\" \/>\n\t<meta name=\"twitter:data1\" content=\"1 minuto\" \/>\n<script type=\"application\/ld+json\" class=\"yoast-schema-graph\">{\"@context\":\"https:\/\/schema.org\",\"@graph\":[{\"@type\":\"WebPage\",\"@id\":\"https:\/\/demoweb.info\/sexshop001\/condiciones-de-uso\/\",\"url\":\"https:\/\/demoweb.info\/sexshop001\/condiciones-de-uso\/\",\"name\":\"Condiciones de Uso - Tienda Er\u00f3tica\",\"isPartOf\":{\"@id\":\"https:\/\/demoweb.info\/sexshop001\/#website\"},\"datePublished\":\"2021-10-24T07:49:48+00:00\",\"dateModified\":\"2022-01-23T17:55:48+00:00\",\"breadcrumb\":{\"@id\":\"https:\/\/demoweb.info\/sexshop001\/condiciones-de-uso\/#breadcrumb\"},\"inLanguage\":\"es\",\"potentialAction\":[{\"@type\":\"ReadAction\",\"target\":[\"https:\/\/demoweb.info\/sexshop001\/condiciones-de-uso\/\"]}]},{\"@type\":\"BreadcrumbList\",\"@id\":\"https:\/\/demoweb.info\/sexshop001\/condiciones-de-uso\/#breadcrumb\",\"itemListElement\":[{\"@type\":\"ListItem\",\"position\":1,\"name\":\"Portada\",\"item\":\"https:\/\/demoweb.info\/sexshop001\/\"},{\"@type\":\"ListItem\",\"position\":2,\"name\":\"Condiciones de Uso\"}]},{\"@type\":\"WebSite\",\"@id\":\"https:\/\/demoweb.info\/sexshop001\/#website\",\"url\":\"https:\/\/demoweb.info\/sexshop001\/\",\"name\":\"Tienda Er\u00f3tica\",\"description\":\"DEMOWEB SL\",\"potentialAction\":[{\"@type\":\"SearchAction\",\"target\":{\"@type\":\"EntryPoint\",\"urlTemplate\":\"https:\/\/demoweb.info\/sexshop001\/?s={search_term_string}\"},\"query-input\":\"required name=search_term_string\"}],\"inLanguage\":\"es\"}]}<\/script>\n<!-- \/ Yoast SEO plugin. -->","yoast_head_json":{"title":"Condiciones de Uso - Tienda Er\u00f3tica","robots":{"index":"noindex","follow":"follow"},"og_locale":"es_ES","og_type":"article","og_title":"Condiciones de Uso - Tienda Er\u00f3tica","og_description":"Condiciones de uso que definen las relaciones entre los usuarios y el responsable de la p\u00e1gina web accesible en la","og_url":"https:\/\/demoweb.info\/sexshop001\/condiciones-de-uso\/","og_site_name":"Tienda Er\u00f3tica","article_modified_time":"2022-01-23T17:55:48+00:00","twitter_card":"summary_large_image","twitter_misc":{"Tiempo de lectura":"1 minuto"},"schema":{"@context":"https:\/\/schema.org","@graph":[{"@type":"WebPage","@id":"https:\/\/demoweb.info\/sexshop001\/condiciones-de-uso\/","url":"https:\/\/demoweb.info\/sexshop001\/condiciones-de-uso\/","name":"Condiciones de Uso - Tienda Er\u00f3tica","isPartOf":{"@id":"https:\/\/demoweb.info\/sexshop001\/#website"},"datePublished":"2021-10-24T07:49:48+00:00","dateModified":"2022-01-23T17:55:48+00:00","breadcrumb":{"@id":"https:\/\/demoweb.info\/sexshop001\/condiciones-de-uso\/#breadcrumb"},"inLanguage":"es","potentialAction":[{"@type":"ReadAction","target":["https:\/\/demoweb.info\/sexshop001\/condiciones-de-uso\/"]}]},{"@type":"BreadcrumbList","@id":"https:\/\/demoweb.info\/sexshop001\/condiciones-de-uso\/#breadcrumb","itemListElement":[{"@type":"ListItem","position":1,"name":"Portada","item":"https:\/\/demoweb.info\/sexshop001\/"},{"@type":"ListItem","position":2,"name":"Condiciones de Uso"}]},{"@type":"WebSite","@id":"https:\/\/demoweb.info\/sexshop001\/#website","url":"https:\/\/demoweb.info\/sexshop001\/","name":"Tienda Er\u00f3tica","description":"DEMOWEB SL","potentialAction":[{"@type":"SearchAction","target":{"@type":"EntryPoint","urlTemplate":"https:\/\/demoweb.info\/sexshop001\/?s={search_term_string}"},"query-input":"required name=search_term_string"}],"inLanguage":"es"}]}},"_links":{"self":[{"href":"https:\/\/demoweb.info\/sexshop001\/wp-json\/wp\/v2\/pages\/1557","targetHints":{"allow":["GET"]}}],"collection":[{"href":"https:\/\/demoweb.info\/sexshop001\/wp-json\/wp\/v2\/pages"}],"about":[{"href":"https:\/\/demoweb.info\/sexshop001\/wp-json\/wp\/v2\/types\/page"}],"author":[{"embeddable":true,"href":"https:\/\/demoweb.info\/sexshop001\/wp-json\/wp\/v2\/users\/1"}],"replies":[{"embeddable":true,"href":"https:\/\/demoweb.info\/sexshop001\/wp-json\/wp\/v2\/comments?post=1557"}],"version-history":[{"count":0,"href":"https:\/\/demoweb.info\/sexshop001\/wp-json\/wp\/v2\/pages\/1557\/revisions"}],"wp:attachment":[{"href":"https:\/\/demoweb.info\/sexshop001\/wp-json\/wp\/v2\/media?parent=1557"}],"curies":[{"name":"wp","href":"https:\/\/api.w.org\/{rel}","templated":true}]}}